{"id":2458,"date":"2025-12-17T15:53:24","date_gmt":"2025-12-17T15:53:24","guid":{"rendered":"https:\/\/greeceathenstransfers.gr\/?page_id=2458"},"modified":"2025-12-29T12:22:32","modified_gmt":"2025-12-29T12:22:32","slug":"faq","status":"publish","type":"page","link":"https:\/\/greeceathenstransfers.gr\/de\/faq\/","title":{"rendered":"H\u00e4ufig gestellte Fragen"},"content":{"rendered":"<p class=\"has-ast-global-color-1-color has-ast-global-color-8-background-color has-text-color has-background has-link-color wp-elements-7b57b52f94818b79efb92af81e918dae\">H\u00e4ufig gestellte Fragen<\/p>\n\n\n\n<h4 class=\"wp-block-heading\">&nbsp;<\/h4>\n\n\n\n<h4 class=\"wp-block-heading has-ast-global-color-1-color has-ast-global-color-8-background-color has-text-color has-background has-link-color wp-elements-bc01f84d702f1322ce7ebd884990998f\">Ich habe eine dringende Frage zu meiner Buchung.<\/h4>\n\n\n\n<p class=\"has-ast-global-color-1-color has-ast-global-color-7-background-color has-text-color has-background has-link-color wp-elements-1fda972aac78b9019c26f37b9b861150\">Ben\u00f6tigen Sie Hilfe bez\u00fcglich Ihrer Buchung?<\/p>\n\n\n\n<p class=\"has-ast-global-color-0-color has-ast-global-color-7-background-color has-text-color has-background has-link-color wp-elements-b3e7d23aa9adefe1481cbca32daca9fb\">Bitte rufen Sie uns hier an: <strong>(+30) 6986691729<\/strong><br>Oder hier: <strong>(+30) 6986506178<\/strong><br>Unser Support ist f\u00fcr Sie da.<br>Sie k\u00f6nnen uns auch eine E-Mail an info@greeceathenstransfers.gr senden.<\/p>\n\n\n\n<h4 class=\"wp-block-heading has-ast-global-color-1-color has-ast-global-color-7-background-color has-text-color has-background has-link-color wp-elements-7691fd6fbd83b5490a4c8de4048f1eb1\">Wie bezahle ich meine Buchung?<\/h4>\n\n\n\n<p class=\"has-ast-global-color-0-color has-ast-global-color-7-background-color has-text-color has-background has-link-color wp-elements-2433cc450f1f7e86005752caf2449810\">Um Ihre Buchung zu bezahlen, folgen Sie einfach den Schritten zur Buchung Ihres Erlebnisses und w\u00e4hlen Sie anschlie\u00dfend Ihre bevorzugte Zahlungsmethode aus. Sie k\u00f6nnen Ihr Erlebnis per PayPal, Kreditkarte oder Debitkarte bezahlen.<\/p>\n\n\n\n<h4 class=\"wp-block-heading has-ast-global-color-0-color has-ast-global-color-7-background-color has-text-color has-background has-link-color wp-elements-c73fa5ef8d658fbcb9b9ec27f3b3960a\">Was passiert, wenn meine Reservierungsanfrage abgelehnt oder storniert wird?<\/h4>\n\n\n\n<p class=\"has-ast-global-color-0-color has-ast-global-color-7-background-color has-text-color has-background has-link-color wp-elements-fe4860f39e78036081bb66fd2bc6c6d8\">Wenn Ihre Buchungsanfrage abgelehnt wurde, erhalten Sie automatisch eine R\u00fcckerstattung, die Sie innerhalb von 6 Werktagen erreichen wird.<\/p>\n\n\n\n<h4 class=\"wp-block-heading has-ast-global-color-0-color has-ast-global-color-7-background-color has-text-color has-background has-link-color wp-elements-20d25ed90b7e045ebfad2a5908c99d47\">K\u00f6nnen Kinder an der Tour teilnehmen?<\/h4>\n\n\n\n<p class=\"has-ast-global-color-0-color has-ast-global-color-7-background-color has-text-color has-background has-link-color wp-elements-dce28381e2f7c6186ed9648e24250823\">Ja, Kinder sind herzlich willkommen, aber aufgrund begrenzter Transportkapazit\u00e4ten m\u00fcssen wir sie als \u201eeine Person\u201c z\u00e4hlen.&nbsp;<\/p>\n\n\n\n<h4 class=\"wp-block-heading has-ast-global-color-0-color has-ast-global-color-7-background-color has-text-color has-background has-link-color wp-elements-005c87210fe37beef43880c227cf5ed7\">Wie sieht es mit Ern\u00e4hrungseinschr\u00e4nkungen aus?<\/h4>\n\n\n\n<p class=\"has-ast-global-color-0-color has-ast-global-color-7-background-color has-text-color has-background has-link-color wp-elements-feb96fcc8667d633fdd7859dead232b2\">Sofern wir im Voraus Bescheid wissen, werden wir unser Bestes tun, um auf Lebensmittelallergien R\u00fccksicht zu nehmen. Auch f\u00fcr Menschen mit Laktoseintoleranz, Glutenunvertr\u00e4glichkeit, vegetarische oder vegane Ern\u00e4hrung bem\u00fchen wir uns, Ihre individuellen Bed\u00fcrfnisse bestm\u00f6glich zu ber\u00fccksichtigen.<\/p>\n\n\n\n<h4 class=\"wp-block-heading has-ast-global-color-0-color has-ast-global-color-7-background-color has-text-color has-background has-link-color wp-elements-6208dfe0484ddd8d4c811e53589dec39\">Was ist eine 100% individuell gestaltete Tour?<\/h4>\n\n\n\n<p class=\"has-ast-global-color-1-color has-ast-global-color-7-background-color has-text-color has-background has-link-color wp-elements-0ccb6d115ab8ee2bfd4e969a7553c11a\">Eine ma\u00dfgeschneiderte Tour ist eine Tour, die speziell f\u00fcr Sie und Ihre Bed\u00fcrfnisse zusammengestellt wird. Sie m\u00fcssen lediglich Ihre W\u00fcnsche dem Reiseleiter mitteilen, und dieser erstellt Ihnen ein individuelles Angebot, das perfekt auf Ihre Vorlieben zugeschnitten ist.<br>Beispiel:<br>M\u00f6chten Sie Ihrer Tagestour in Mykene einen zus\u00e4tzlichen Stopp hinzuf\u00fcgen oder die Tischreservierung auslassen? Klicken Sie einfach auf den Button \u201eJetzt anpassen\u201c und teilen Sie uns Ihre W\u00fcnsche mit, damit wir ein individuelles Programm f\u00fcr Sie erstellen k\u00f6nnen!<\/p>\n\n\n\n<h4 class=\"wp-block-heading has-ast-global-color-0-color has-ast-global-color-7-background-color has-text-color has-background has-link-color wp-elements-6bd007224e11883205e0ce3785fb9414\">Mein Gastgeber hat mir meine personalisierte Tour geschickt. Was soll ich als N\u00e4chstes tun?<\/h4>\n\n\n\n<p class=\"has-ast-global-color-0-color has-ast-global-color-7-background-color has-text-color has-background has-link-color wp-elements-415e3c3d91517bf8d6a9eda7e1504981\">Wenn die ma\u00dfgeschneiderte Tour Ihren Erwartungen entspricht, dann warten Sie nicht l\u00e4nger! Klicken Sie einfach auf den \u201eBuchen\u201c-Button in der Ihnen zugesandten E-Mail, damit wir Ihre Zahlung sofort abwickeln und Ihr individuelles Erlebnis buchen k\u00f6nnen!<\/p>\n\n\n\n<h4 class=\"wp-block-heading has-ast-global-color-0-color has-ast-global-color-7-background-color has-text-color has-background has-link-color wp-elements-d8ec259d70ba5373cb966dde34ee8316\">Ist ein personalisiertes Erlebnis immer privat?<\/h4>\n\n\n\n<p class=\"has-ast-global-color-0-color has-ast-global-color-7-background-color has-text-color has-background has-link-color wp-elements-ad31b6ea055a4b995b9e3ade75898156\">Ja, die Erlebnisse von Greece Athens Transfers &amp; Tours sind immer privat. Dar\u00fcber hinaus wird ein komplett individuell auf Sie zugeschnittenes Erlebnis erstellt, sodass es anderen nicht m\u00f6glich ist, dieses Erlebnis zu buchen.<\/p>\n\n\n\n<h4 class=\"wp-block-heading has-ast-global-color-0-color has-ast-global-color-7-background-color has-text-color has-background has-link-color wp-elements-c72cca7430c270ba1abd61aafba0cf02\">Ich habe bereits eine Buchung, wie kann ich meinen Gastgeber kontaktieren?<\/h4>\n\n\n\n<p class=\"has-ast-global-color-0-color has-ast-global-color-7-background-color has-text-color has-background has-link-color wp-elements-cc7d4985ea982ec5b0a905bc397812d7\">Wenn Sie bereits eine Buchung bei Greece Athens Transfers &amp; Tours vorgenommen haben, haben Sie auch eine E-Mail von info@greeceathnestransfers.gr erhalten. Sie k\u00f6nnen uns unter derselben Adresse eine E-Mail bez\u00fcglich der bevorstehenden Tour senden, und wir helfen Ihnen gerne bei allen Fragen rund um Ihre Reise.&nbsp;<\/p>\n\n\n\n<h4 class=\"wp-block-heading has-ast-global-color-0-color has-ast-global-color-7-background-color has-text-color has-background has-link-color wp-elements-83603cf18f647cd63233f99bec4fee70\">Kann ich in jeder W\u00e4hrung bezahlen?<\/h4>\n\n\n\n<p class=\"has-ast-global-color-0-color has-ast-global-color-7-background-color has-text-color has-background has-link-color wp-elements-1f5805dccadaa67ddb3ad9c601566832\">Bei CrispyLocal erfolgt die Zahlung immer in Euro, daher wird Ihnen w\u00e4hrend des Bezahlvorgangs stets der Euro-Preis angezeigt. Ihre Bank berechnet Ihnen m\u00f6glicherweise eine Umrechnungsgeb\u00fchr von Ihrer Landesw\u00e4hrung in Euro. Von unserer Seite fallen keine zus\u00e4tzlichen Geb\u00fchren an.<\/p>\n\n\n\n<h4 class=\"wp-block-heading has-ast-global-color-0-color has-ast-global-color-7-background-color has-text-color has-background has-link-color wp-elements-095aa127800e806883e5dd8714fd46d0\">Ich habe nur eine Reservierungsgeb\u00fchr bezahlt, warum muss ich den Rest in bar bezahlen?<\/h4>\n\n\n\n<p class=\"has-ast-global-color-0-color has-ast-global-color-7-background-color has-text-color has-background has-link-color wp-elements-7cbfaa00e7270c9d696fe5a026ef4f20\">Wenn Ihnen nur die Reservierungsgeb\u00fchr berechnet wird, bedeutet dies, dass Ihr Gastgeber Barzahlung bevorzugt. Der Restbetrag ist dann ebenfalls direkt an Ihren Gastgeber zum Zeitpunkt des Erlebnisses in bar zu entrichten.<\/p>\n\n\n\n<h4 class=\"wp-block-heading has-ast-global-color-0-color has-ast-global-color-7-background-color has-text-color has-background has-link-color wp-elements-793ef44ca5061d23a3e1a93384813dce\">Wie lauten die Stornierungsbedingungen f\u00fcr G\u00e4ste?<\/h4>\n\n\n\n<p class=\"has-ast-global-color-0-color has-ast-global-color-7-background-color has-text-color has-background has-link-color wp-elements-c8153c1de207623eff1e760deffec6d4\">Stornierung einer best\u00e4tigten Buchung: Wenn die Buchung vom Gastgeber storniert wird, erhalten Sie eine 100%ige R\u00fcckerstattung.<br>Wenn Sie die Buchung als Gast stornieren m\u00f6chten:<br>Mehr als 24 Stunden vor dem Erlebnistermin: Sie erhalten 100 % des Gesamtpreises zur\u00fcckerstattet.<br>Weniger als 24 Stunden vor dem Erlebnistermin: Der Gastgeber wird vollst\u00e4ndig bezahlt, Sie erhalten keine R\u00fcckerstattung.<\/p>\n\n\n\n<h4 class=\"wp-block-heading has-ast-global-color-0-color has-ast-global-color-7-background-color has-text-color has-background has-link-color wp-elements-9d0a8ff6b118ed63e2bc5d859043e2e7\">Wie stellt Greece Athens Transfers &amp; Tours die Qualit\u00e4t der Reiseleitung sicher?<\/h4>\n\n\n\n<p class=\"has-ast-global-color-0-color has-ast-global-color-7-background-color has-text-color has-background has-link-color wp-elements-763d2b29ae4dbd7fa4fd6fdc2bdd7040\">\u2981 Qualit\u00e4tspr\u00fcfung<br>\u00dcberpr\u00fcfung grundlegender Informationen wie Name, Adresse, Profile in sozialen Netzwerken, Telefonnummer, Ausweis, Zahlungsdetails und Beschreibung des Erlebnisses. \u2981 Mystery Shopping<br>Mystery-Shopping-Kontrollprogramm. Tats\u00e4chlich haben wir gelegentlich Personen als G\u00e4ste entsandt, um das Erlebnis und die Servicequalit\u00e4t der Gastgeber zu testen.<br>\u2981 Bewertungssystem<br>Jeder Gast hat die M\u00f6glichkeit, seine Erfahrungen mit dem Gastgeber zu bewerten. Wenn also mehrere G\u00e4ste positive Bewertungen abgeben, k\u00f6nnen Sie sich sicherer sein, dass Sie dem Gastgeber und dem von ihm angebotenen Erlebnis vertrauen k\u00f6nnen.<\/p>\n\n\n\n<h4 class=\"wp-block-heading has-ast-global-color-0-color has-ast-global-color-7-background-color has-text-color has-background has-link-color wp-elements-4baacdb7b8e9eecbb20780277787ff5e\">Was passiert, wenn ich eine schlechte Erfahrung mit einem Gastgeber mache?<\/h4>\n\n\n\n<p class=\"has-ast-global-color-1-color has-ast-global-color-7-background-color has-text-color has-background has-link-color wp-elements-cf5298b5c07302f86e93f14314562fc8\">Sollten Sie mit einem Gastgeber unzufrieden sein, informieren Sie uns bitte umgehend unter info@greeceathenstransfers.gr. Wir setzen uns dann mit Ihnen und dem Gastgeber in Verbindung, um den Sachverhalt aufzukl\u00e4ren und gemeinsam eine L\u00f6sung zu finden. Ihre Zufriedenheit liegt uns am Herzen!<\/p>","protected":false},"excerpt":{"rendered":"<p>FAQ &nbsp; I have an Urgent question regarding my Booking Need help regarding your booking ? Please call us here: (+30) 6986691729Or here: (+30) 6986506178Our support is here to assist you.You can also send us an e-mail to\u00a0info@greeceathenstransfers.gr How do I pay for my Booking? For start, if you want to pay for your bookings, [&hellip;]<\/p>\n","protected":false},"author":2,"featured_media":0,"parent":0,"menu_order":0,"comment_status":"closed","ping_status":"closed","template":"","meta":{"_uag_custom_page_level_css":"","site-sidebar-layout":"default","site-content-layout":"","ast-site-content-layout":"default","site-content-style":"default","site-sidebar-style":"default","ast-global-header-display":"","ast-banner-title-visibility":"","ast-main-header-display":"","ast-hfb-above-header-display":"","ast-hfb-below-header-display":"","ast-hfb-mobile-header-display":"","site-post-title":"","ast-breadcrumbs-content":"","ast-featured-img":"","footer-sml-layout":"","ast-disable-related-posts":"","theme-transparent-header-meta":"","adv-header-id-meta":"","stick-header-meta":"","header-above-stick-meta":"","header-main-stick-meta":"","header-below-stick-meta":"","astra-migrate-meta-layouts":"set","ast-page-background-enabled":"default","ast-page-background-meta":{"desktop":{"background-color":"","background-image":"","background-repeat":"repeat","background-position":"center center","background-size":"auto","background-attachment":"scroll","background-type":"","background-media":"","overlay-type":"","overlay-color":"","overlay-opacity":"","overlay-gradient":""},"tablet":{"background-color":"","background-image":"","background-repeat":"repeat","background-position":"center center","background-size":"auto","background-attachment":"scroll","background-type":"","background-media":"","overlay-type":"","overlay-color":"","overlay-opacity":"","overlay-gradient":""},"mobile":{"background-color":"","background-image":"","background-repeat":"repeat","background-position":"center center","background-size":"auto","background-attachment":"scroll","background-type":"","background-media":"","overlay-type":"","overlay-color":"","overlay-opacity":"","overlay-gradient":""}},"ast-content-background-meta":{"desktop":{"background-color":"var(--ast-global-color-5)","background-image":"","background-repeat":"repeat","background-position":"center center","background-size":"auto","background-attachment":"scroll","background-type":"","background-media":"","overlay-type":"","overlay-color":"","overlay-opacity":"","overlay-gradient":""},"tablet":{"background-color":"var(--ast-global-color-5)","background-image":"","background-repeat":"repeat","background-position":"center center","background-size":"auto","background-attachment":"scroll","background-type":"","background-media":"","overlay-type":"","overlay-color":"","overlay-opacity":"","overlay-gradient":""},"mobile":{"background-color":"var(--ast-global-color-5)","background-image":"","background-repeat":"repeat","background-position":"center center","background-size":"auto","background-attachment":"scroll","background-type":"","background-media":"","overlay-type":"","overlay-color":"","overlay-opacity":"","overlay-gradient":""}},"footnotes":""},"class_list":["post-2458","page","type-page","status-publish","hentry"],"uagb_featured_image_src":{"full":false,"thumbnail":false,"medium":false,"medium_large":false,"large":false,"1536x1536":false,"2048x2048":false,"trp-custom-language-flag":false,"woocommerce_thumbnail":false,"woocommerce_single":false,"woocommerce_gallery_thumbnail":false},"uagb_author_info":{"display_name":"Theodoris Smoilis","author_link":"https:\/\/greeceathenstransfers.gr\/de\/author\/teo\/"},"uagb_comment_info":0,"uagb_excerpt":"FAQ &nbsp; I have an Urgent question regarding my Booking Need help regarding your booking ? Please call us here: (+30) 6986691729Or here: (+30) 6986506178Our support is here to assist you.You can also send us an e-mail to\u00a0info@greeceathenstransfers.gr How do I pay for my Booking? For start, if you want to pay for your bookings,&hellip;","jetpack_sharing_enabled":true,"_links":{"self":[{"href":"https:\/\/greeceathenstransfers.gr\/de\/wp-json\/wp\/v2\/pages\/2458","targetHints":{"allow":["GET"]}}],"collection":[{"href":"https:\/\/greeceathenstransfers.gr\/de\/wp-json\/wp\/v2\/pages"}],"about":[{"href":"https:\/\/greeceathenstransfers.gr\/de\/wp-json\/wp\/v2\/types\/page"}],"author":[{"embeddable":true,"href":"https:\/\/greeceathenstransfers.gr\/de\/wp-json\/wp\/v2\/users\/2"}],"replies":[{"embeddable":true,"href":"https:\/\/greeceathenstransfers.gr\/de\/wp-json\/wp\/v2\/comments?post=2458"}],"version-history":[{"count":4,"href":"https:\/\/greeceathenstransfers.gr\/de\/wp-json\/wp\/v2\/pages\/2458\/revisions"}],"predecessor-version":[{"id":3085,"href":"https:\/\/greeceathenstransfers.gr\/de\/wp-json\/wp\/v2\/pages\/2458\/revisions\/3085"}],"wp:attachment":[{"href":"https:\/\/greeceathenstransfers.gr\/de\/wp-json\/wp\/v2\/media?parent=2458"}],"curies":[{"name":"wp","href":"https:\/\/api.w.org\/{rel}","templated":true}]}}