{"id":2462,"date":"2025-12-17T15:59:32","date_gmt":"2025-12-17T15:59:32","guid":{"rendered":"https:\/\/greeceathenstransfers.gr\/?page_id=2462"},"modified":"2025-12-29T12:28:00","modified_gmt":"2025-12-29T12:28:00","slug":"cancelation-policy","status":"publish","type":"page","link":"https:\/\/greeceathenstransfers.gr\/de\/cancelation-policy\/","title":{"rendered":"Stornierungsbedingungen"},"content":{"rendered":"<p class=\"has-ast-global-color-1-color has-ast-global-color-8-background-color has-text-color has-background has-link-color wp-elements-3706c95806358a0f4952cefcb389fc70\">Der Erfolg unseres Unternehmens basiert auf unserem erfahrenen, sachkundigen und gastfreundlichen Personal, unseren qualitativ hochwertigen und makellos stilvollen Fahrzeugen sowie der Best\u00e4ndigkeit und Pr\u00e4zision, die unsere Dienstleistungen auszeichnen.<\/p>\n\n\n\n<p class=\"has-ast-global-color-1-color has-ast-global-color-8-background-color has-text-color has-background has-link-color wp-elements-6178a257daeddaba83454baf8d1f553b\">Der reibungslose Ablauf der von Greece Athens Transfers &amp; Tours angebotenen Dienstleistungen h\u00e4ngt von der optimalen Organisation unserer Chauffeure und Fahrzeuge ab, damit diese p\u00fcnktlich und ohne Verz\u00f6gerung an ihren vereinbarten Terminen eintreffen. Um dies zu gew\u00e4hrleisten, bitten wir unsere Kunden, ihre Buchungsdetails pr\u00e4zise anzugeben, insbesondere genaue Ankunftszeiten, und uns \u00c4nderungen der Ankunftszeit oder anderer Details umgehend mitzuteilen, damit wir die Einsatzpl\u00e4ne unserer Fahrer rechtzeitig aktualisieren k\u00f6nnen.<\/p>\n\n\n\n<p class=\"has-ast-global-color-1-color has-ast-global-color-8-background-color has-text-color has-background has-link-color wp-elements-53ff13a33a671dab1259e94eed8f787e\">Sollten wir dieser Verpflichtung nicht nachkommen, sieht sich unser Unternehmen gezwungen, die f\u00fcr unser reibungsloses Funktionieren festgelegten Gesch\u00e4ftsbedingungen anzuwenden, die auf unserer Unternehmenswebsite ausf\u00fchrlich einsehbar sind.<\/p>\n\n\n\n<ul class=\"wp-block-list has-ast-global-color-1-color has-ast-global-color-8-background-color has-text-color has-background has-link-color wp-elements-932e7c943e99e4e5f3331389b7d45d1a\">\n<li><strong>Sie k\u00f6nnen bis zu 24 Stunden vor dem Erlebnis stornieren und erhalten eine volle R\u00fcckerstattung.<\/strong><\/li>\n\n\n\n<li><strong>Bei einer Stornierung weniger als 24 Stunden vor Beginn des Erlebnisses wird der gezahlte Betrag nicht erstattet.<\/strong><\/li>\n\n\n\n<li><strong>\u00c4nderungen, die weniger als 24 Stunden vor Beginn des Erlebnisses vorgenommen werden, werden nicht akzeptiert.<\/strong><\/li>\n<\/ul>\n\n\n\n<p class=\"has-ast-global-color-1-color has-ast-global-color-8-background-color has-text-color has-background has-link-color wp-elements-b746eabcccce16335291c13cbd3435c2\"><strong>In allen anderen F\u00e4llen besteht kein Anspruch auf R\u00fcckerstattung.<\/strong><\/p>\n\n\n\n<p class=\"has-ast-global-color-1-color has-ast-global-color-8-background-color has-text-color has-background has-link-color wp-elements-344a5989cb7ed3ff990991dac7bb7ea0\">Alle Zahlungen werden \u00fcber die bei der Buchung gew\u00e4hlte Zahlungsmethode abgewickelt. Bitte beachten Sie, dass im Falle einer R\u00fcckerstattung PayPal-Stornogeb\u00fchren anfallen.<\/p>\n\n\n\n<p><\/p>\n\n\n\n<p><\/p>","protected":false},"excerpt":{"rendered":"<p>Our company\u2019s success is based on our experienced, knowledgeable, and hospitable personnel, in our top-quality, impeccably stylish vehicles and in the consistency and precision that defines the services that we provide. The smooth functioning of the services offered at Greece Athens Transfers &amp; Tours relies on the proper organization of chauffeurs and their vehicles, so [&hellip;]<\/p>\n","protected":false},"author":2,"featured_media":0,"parent":0,"menu_order":0,"comment_status":"closed","ping_status":"closed","template":"","meta":{"_uag_custom_page_level_css":"","site-sidebar-layout":"default","site-content-layout":"","ast-site-content-layout":"default","site-content-style":"default","site-sidebar-style":"default","ast-global-header-display":"","ast-banner-title-visibility":"","ast-main-header-display":"","ast-hfb-above-header-display":"","ast-hfb-below-header-display":"","ast-hfb-mobile-header-display":"","site-post-title":"","ast-breadcrumbs-content":"","ast-featured-img":"","footer-sml-layout":"","ast-disable-related-posts":"","theme-transparent-header-meta":"","adv-header-id-meta":"","stick-header-meta":"","header-above-stick-meta":"","header-main-stick-meta":"","header-below-stick-meta":"","astra-migrate-meta-layouts":"set","ast-page-background-enabled":"default","ast-page-background-meta":{"desktop":{"background-color":"","background-image":"","background-repeat":"repeat","background-position":"center center","background-size":"auto","background-attachment":"scroll","background-type":"","background-media":"","overlay-type":"","overlay-color":"","overlay-opacity":"","overlay-gradient":""},"tablet":{"background-color":"","background-image":"","background-repeat":"repeat","background-position":"center center","background-size":"auto","background-attachment":"scroll","background-type":"","background-media":"","overlay-type":"","overlay-color":"","overlay-opacity":"","overlay-gradient":""},"mobile":{"background-color":"","background-image":"","background-repeat":"repeat","background-position":"center center","background-size":"auto","background-attachment":"scroll","background-type":"","background-media":"","overlay-type":"","overlay-color":"","overlay-opacity":"","overlay-gradient":""}},"ast-content-background-meta":{"desktop":{"background-color":"var(--ast-global-color-5)","background-image":"","background-repeat":"repeat","background-position":"center center","background-size":"auto","background-attachment":"scroll","background-type":"","background-media":"","overlay-type":"","overlay-color":"","overlay-opacity":"","overlay-gradient":""},"tablet":{"background-color":"var(--ast-global-color-5)","background-image":"","background-repeat":"repeat","background-position":"center center","background-size":"auto","background-attachment":"scroll","background-type":"","background-media":"","overlay-type":"","overlay-color":"","overlay-opacity":"","overlay-gradient":""},"mobile":{"background-color":"var(--ast-global-color-5)","background-image":"","background-repeat":"repeat","background-position":"center center","background-size":"auto","background-attachment":"scroll","background-type":"","background-media":"","overlay-type":"","overlay-color":"","overlay-opacity":"","overlay-gradient":""}},"footnotes":""},"class_list":["post-2462","page","type-page","status-publish","hentry"],"uagb_featured_image_src":{"full":false,"thumbnail":false,"medium":false,"medium_large":false,"large":false,"1536x1536":false,"2048x2048":false,"trp-custom-language-flag":false,"woocommerce_thumbnail":false,"woocommerce_single":false,"woocommerce_gallery_thumbnail":false},"uagb_author_info":{"display_name":"Theodoris Smoilis","author_link":"https:\/\/greeceathenstransfers.gr\/de\/author\/teo\/"},"uagb_comment_info":0,"uagb_excerpt":"Our company\u2019s success is based on our experienced, knowledgeable, and hospitable personnel, in our top-quality, impeccably stylish vehicles and in the consistency and precision that defines the services that we provide. The smooth functioning of the services offered at Greece Athens Transfers &amp; Tours relies on the proper organization of chauffeurs and their vehicles, so&hellip;","jetpack_sharing_enabled":true,"_links":{"self":[{"href":"https:\/\/greeceathenstransfers.gr\/de\/wp-json\/wp\/v2\/pages\/2462","targetHints":{"allow":["GET"]}}],"collection":[{"href":"https:\/\/greeceathenstransfers.gr\/de\/wp-json\/wp\/v2\/pages"}],"about":[{"href":"https:\/\/greeceathenstransfers.gr\/de\/wp-json\/wp\/v2\/types\/page"}],"author":[{"embeddable":true,"href":"https:\/\/greeceathenstransfers.gr\/de\/wp-json\/wp\/v2\/users\/2"}],"replies":[{"embeddable":true,"href":"https:\/\/greeceathenstransfers.gr\/de\/wp-json\/wp\/v2\/comments?post=2462"}],"version-history":[{"count":4,"href":"https:\/\/greeceathenstransfers.gr\/de\/wp-json\/wp\/v2\/pages\/2462\/revisions"}],"predecessor-version":[{"id":3053,"href":"https:\/\/greeceathenstransfers.gr\/de\/wp-json\/wp\/v2\/pages\/2462\/revisions\/3053"}],"wp:attachment":[{"href":"https:\/\/greeceathenstransfers.gr\/de\/wp-json\/wp\/v2\/media?parent=2462"}],"curies":[{"name":"wp","href":"https:\/\/api.w.org\/{rel}","templated":true}]}}