{"id":2602,"date":"2025-12-20T16:04:17","date_gmt":"2025-12-20T16:04:17","guid":{"rendered":"https:\/\/greeceathenstransfers.gr\/?page_id=2602"},"modified":"2025-12-21T08:35:17","modified_gmt":"2025-12-21T08:35:17","slug":"be-a-partner","status":"publish","type":"page","link":"https:\/\/greeceathenstransfers.gr\/de\/be-a-partner\/","title":{"rendered":"Partner sein"},"content":{"rendered":"<div class=\"wp-block-uagb-image uagb-block-e5519e9f wp-block-uagb-image--layout-default wp-block-uagb-image--effect-static wp-block-uagb-image--align-none\"><figure class=\"wp-block-uagb-image__figure\"><img decoding=\"async\" srcset=\"https:\/\/greeceathenstransfers.gr\/wp-content\/uploads\/2025\/12\/partner-1024x819.jpg ,https:\/\/greeceathenstransfers.gr\/wp-content\/uploads\/2025\/12\/partner.jpg 780w, https:\/\/greeceathenstransfers.gr\/wp-content\/uploads\/2025\/12\/partner.jpg 360w\" sizes=\"auto, (max-width: 480px) 150px\" src=\"https:\/\/greeceathenstransfers.gr\/wp-content\/uploads\/2025\/12\/partner-1024x819.jpg\" alt=\"\" class=\"uag-image-2603\" width=\"1500\" height=\"1200\" title=\"Partner\" loading=\"lazy\" role=\"img\"\/><\/figure><\/div>\n\n\n\n<h3 class=\"wp-block-heading has-ast-global-color-0-color has-ast-global-color-8-background-color has-text-color has-background has-link-color wp-elements-c1d7e18d39a75e12967a115e2c5d5036\">Was ist Griechenland Athen Transfers <\/h3>\n\n\n\n<h4 class=\"wp-block-heading has-ast-global-color-0-color has-ast-global-color-8-background-color has-text-color has-background has-link-color wp-elements-bcd635b6685e174fe3e90956bc272193\">Greece Athens Transfers ist ein Marktplatz, auf dem Sie Ihre Dienstleistungen als Gastgeber f\u00fcr Reisende anbieten k\u00f6nnen. Die Anmeldung als Gastgeber ist v\u00f6llig kostenlos! Sie k\u00f6nnen Ihre Verf\u00fcgbarkeit selbst festlegen und an Ihren pers\u00f6nlichen Zeitplan anpassen. Greece Athens Transfers erstellt, verwaltet und vermittelt au\u00dferdem Erlebnisse, Touren und Aktivit\u00e4ten. Im Folgenden erfahren Sie, wie Sie in Griechenland Touren und Aktivit\u00e4ten anbieten k\u00f6nnen.<\/h4>\n\n\n\n<h3 class=\"wp-block-heading has-ast-global-color-0-color has-ast-global-color-8-background-color has-text-color has-background has-link-color wp-elements-2a3abf3d4b3a3e1cff61a9d2c6cba22f\">Wer kann Gastgeber werden?<\/h3>\n\n\n\n<h4 class=\"wp-block-heading has-ast-global-color-0-color has-ast-global-color-8-background-color has-text-color has-background has-link-color wp-elements-eddd0c2f756ae0dfe02263f8bbffc6d2\">Greece Athens Transfers arbeitet gerne mit Einheimischen zusammen \u2013 ob selbstst\u00e4ndig oder als Unternehmen \u2013, die ihre Stadt, ihre Arbeit oder ihr Hobby lieben und wertvolles Wissen und\/oder einzigartige Aktivit\u00e4ten mit Reisenden aus aller Welt teilen m\u00f6chten. Ob Reiseleiter, Transportunternehmen, Weingut oder Hotel \u2013 sie alle k\u00f6nnen Teil von Greece Athens Transfers werden. Sind Sie ein begabter Feinschmecker? Lieben Sie Ihre Stadt und m\u00f6chten Sie ihre verborgenen Sch\u00e4tze aus der Perspektive eines Einheimischen zeigen? Oder besitzen Sie eine besondere F\u00e4higkeit, die Sie gerne weitergeben m\u00f6chten? Wenn ja, dann k\u00f6nnen Sie Gastgeber f\u00fcr Touren und Aktivit\u00e4ten in Griechenland werden!<br>Werden Sie Gastgeber f\u00fcr Touren und Aktivit\u00e4ten, indem Sie einfach Ihr eigenes Angebot erstellen oder sich einem bereits gelisteten CrispyLocal-Erlebnis anschlie\u00dfen.<\/h4>\n\n\n\n<h4 class=\"wp-block-heading\"><\/h4>\n\n\n\n<h3 class=\"wp-block-heading has-ast-global-color-0-color has-ast-global-color-8-background-color has-text-color has-background has-link-color wp-elements-a384c96aeeaa313ec4a434fdb4f96429\">Einige Beispiele f\u00fcr Hosting<\/h3>\n\n\n\n<h4 class=\"wp-block-heading has-ast-global-color-0-color has-ast-global-color-8-background-color has-text-color has-background has-link-color wp-elements-be1c89e93a0c460ad1c52b454ab2b821\">Kulinarische Erlebnisse: Teilen Sie Ihre Leidenschaft f\u00fcr gutes Essen mit Menschen aus aller Welt, kn\u00fcpfen Sie neue Freundschaften und bauen Sie Kontakte auf. Laden Sie G\u00e4ste zu sich nach Hause ein, um ihnen lokale Spezialit\u00e4ten n\u00e4herzubringen, oder f\u00fchren Sie sie durch die Stadt und lassen Sie sie die regionale K\u00fcche probieren.<br>Stadtf\u00fchrungen: Zeigen Sie, was Ihre Stadt zu bieten hat \u2013 von den Highlights \u00fcber die angesagten Viertel und das pulsierende Nachtleben bis hin zu versteckten Ecken und K\u00fcnstlervierteln \u2013 Sie kennen sie am besten! Gestalten Sie Ihre eigene, einzigartige Tour! Wie w\u00e4re es zum Beispiel mit \u201eDie ultimative Graffiti-Tour in London\u201c oder \u201eEine Fahrradtour durch Amsterdam\u201c?<br>Aktivit\u00e4ten: Bieten Sie Ihren G\u00e4sten einen unterhaltsamen Workshop oder eine Aktivit\u00e4t an, die ihnen Ihr Reiseziel oder Ihre Kultur n\u00e4herbringt. \u201eTraditionelle Porto-Fliesen selbst herstellen\u201c, \u201eWorkshop zur Stra\u00dfenfotografie in Madrid\u201c oder \u201eKochkurs f\u00fcr lokale vietnamesische K\u00fcche\u201c sind nur einige Beispiele f\u00fcr m\u00f6gliche Aktivit\u00e4ten.<br>Tagesausfl\u00fcge: In der Umgebung Ihrer Stadt gibt es immer spannende Ausflugsziele. Stellen Sie eine Route zusammen und entdecken Sie mit Ihren G\u00e4sten wundersch\u00f6ne Naturlandschaften, beeindruckende Denkm\u00e4ler oder die besten Weing\u00fcter. Wie w\u00e4re es zum Beispiel mit einem Tagesausflug nach Sounio oder einem kulinarischen Ausflug an einen nahegelegenen Strand, bei dem Sie im See von Vouliagmeni schwimmen und den Sonnenuntergang genie\u00dfen k\u00f6nnen?<\/h4>\n\n\n\n<h4 class=\"wp-block-heading has-ast-global-color-0-color has-ast-global-color-8-background-color has-text-color has-background has-link-color wp-elements-e51bb13face2759eb6001b199002af35\">Alle Erlebnisse bei Greece Athens Transfers sind immer privat. Privat bedeutet, dass es sich um ein Erlebnis f\u00fcr 1 oder mehrere G\u00e4ste handelt, die geplant haben, gemeinsam an demselben Erlebnis teilzunehmen (z. B. Familie, Freundesgruppe, Kollegen usw.).<\/h4>\n\n\n\n<h3 class=\"wp-block-heading has-ast-global-color-0-color has-ast-global-color-8-background-color has-text-color has-background has-link-color wp-elements-83b9a91043875566b9fe19c9772a53e2\">Wie funktioniert das Bewertungssystem?<\/h3>\n\n\n\n<h4 class=\"wp-block-heading has-ast-global-color-0-color has-ast-global-color-8-background-color has-text-color has-background has-link-color wp-elements-169ccfeb82691bf194cef957aa140ff6\">Jeder Gast hat am Ende seiner Buchung die M\u00f6glichkeit, seine Erfahrungen mit dem Gastgeber zu bewerten. Je mehr positive Bewertungen Sie erhalten, desto besser sind Ihre Chancen auf weitere Buchungen!<br>Das Team von Greece Athens Transfers beh\u00e4lt die eingehenden Bewertungen genau im Blick, um die Qualit\u00e4t aller Transfererlebnisse zu gew\u00e4hrleisten. Im Falle einer Beschwerde setzt sich unser Team mit Ihnen in Verbindung, um den Sachverhalt zu untersuchen. Wir unterst\u00fctzen sowohl unsere G\u00e4ste als auch unsere Gastgeber bei negativen Erfahrungen.<br>Um die Qualit\u00e4t unserer Transfers in Athen und Griechenland zu gew\u00e4hrleisten, beh\u00e4lt sich unser Team das Recht vor, einen Gastgeber von der Ver\u00f6ffentlichung auszuschlie\u00dfen. Dies geschieht in den meisten F\u00e4llen, wenn wiederholt Beschwerden oder Bedenken von G\u00e4sten auftreten.<\/h4>\n\n\n\n<h3 class=\"wp-block-heading has-ast-global-color-0-color has-ast-global-color-8-background-color has-text-color has-background has-link-color wp-elements-5f458e4fa695d135542e82e62e12e18a\">Wie Zahlungen an Gastgeber berechnet werden<\/h3>\n\n\n\n<h4 class=\"wp-block-heading has-ast-global-color-0-color has-ast-global-color-8-background-color has-text-color has-background has-link-color wp-elements-3e783dfac27720b515ff987524752833\">Die Zahlungen werden je nach Kooperationsplan auf zwei Arten berechnet. Einzelpersonen oder Unternehmen, die ihre Dienstleistungen und\/oder ihr Fachwissen in einem bestimmten Bereich anbieten m\u00f6chten, wenden sich bitte an:&nbsp;<a href=\"mailto:info@crispylocal.com?Subject=Mail%20From%20Crispy%20Local%20Website\">info@greeceathenstransfers.<\/a>gr<\/h4>\n\n\n\n<h3 class=\"wp-block-heading has-ast-global-color-0-color has-ast-global-color-8-background-color has-text-color has-background has-link-color wp-elements-5772ffd7a09459c3fa2ee7bfb2c3fdb7\">Werbung &amp; Verkaufsf\u00f6rderung<\/h3>\n\n\n\n<h4 class=\"wp-block-heading has-ast-global-color-0-color has-ast-global-color-8-background-color has-text-color has-background has-link-color wp-elements-89cfd74043d426cfc5f91965e0c11dcb\">Bei Greece Athens Transfers nutzen wir mehrere Kan\u00e4le, um alle aufgef\u00fchrten Erlebnisse zu bewerben, und wir verwenden auch hochgradig zielgerichtete Tools, um sicherzustellen, dass die Botschaft die richtige Zielgruppe im gew\u00fcnschten Zeitrahmen erreicht.<\/h4>\n\n\n\n<div class=\"wp-block-uagb-image uagb-block-f3cd662c wp-block-uagb-image--layout-default wp-block-uagb-image--effect-static wp-block-uagb-image--align-none\"><figure class=\"wp-block-uagb-image__figure\"><img decoding=\"async\" srcset=\"https:\/\/greeceathenstransfers.gr\/wp-content\/uploads\/2025\/12\/kolaz-1024x536.png ,https:\/\/greeceathenstransfers.gr\/wp-content\/uploads\/2025\/12\/kolaz.png 780w, https:\/\/greeceathenstransfers.gr\/wp-content\/uploads\/2025\/12\/kolaz.png 360w\" sizes=\"auto, (max-width: 480px) 150px\" src=\"https:\/\/greeceathenstransfers.gr\/wp-content\/uploads\/2025\/12\/kolaz-1024x536.png\" alt=\"\" class=\"uag-image-2606\" width=\"1200\" height=\"628\" title=\"Collage\" loading=\"lazy\" role=\"img\"\/><\/figure><\/div>","protected":false},"excerpt":{"rendered":"<p>What is Greece Athens Transfers Greece Athens Transfers is a peer-to-peer marketplace that advertises and promotes your services as a host to travelers. Don\u2019t worry, it\u2019s completely free to sign-up as a host! You are free to manage your own availability and adjust it to your personal schedule. Greece Athens Transfers also creates, manages and [&hellip;]<\/p>\n","protected":false},"author":2,"featured_media":0,"parent":0,"menu_order":0,"comment_status":"closed","ping_status":"closed","template":"","meta":{"_uag_custom_page_level_css":"","site-sidebar-layout":"default","site-content-layout":"","ast-site-content-layout":"default","site-content-style":"default","site-sidebar-style":"default","ast-global-header-display":"","ast-banner-title-visibility":"","ast-main-header-display":"","ast-hfb-above-header-display":"","ast-hfb-below-header-display":"","ast-hfb-mobile-header-display":"","site-post-title":"","ast-breadcrumbs-content":"","ast-featured-img":"","footer-sml-layout":"","ast-disable-related-posts":"","theme-transparent-header-meta":"","adv-header-id-meta":"","stick-header-meta":"","header-above-stick-meta":"","header-main-stick-meta":"","header-below-stick-meta":"","astra-migrate-meta-layouts":"set","ast-page-background-enabled":"default","ast-page-background-meta":{"desktop":{"background-color":"","background-image":"","background-repeat":"repeat","background-position":"center center","background-size":"auto","background-attachment":"scroll","background-type":"","background-media":"","overlay-type":"","overlay-color":"","overlay-opacity":"","overlay-gradient":""},"tablet":{"background-color":"","background-image":"","background-repeat":"repeat","background-position":"center center","background-size":"auto","background-attachment":"scroll","background-type":"","background-media":"","overlay-type":"","overlay-color":"","overlay-opacity":"","overlay-gradient":""},"mobile":{"background-color":"","background-image":"","background-repeat":"repeat","background-position":"center center","background-size":"auto","background-attachment":"scroll","background-type":"","background-media":"","overlay-type":"","overlay-color":"","overlay-opacity":"","overlay-gradient":""}},"ast-content-background-meta":{"desktop":{"background-color":"var(--ast-global-color-5)","background-image":"","background-repeat":"repeat","background-position":"center center","background-size":"auto","background-attachment":"scroll","background-type":"","background-media":"","overlay-type":"","overlay-color":"","overlay-opacity":"","overlay-gradient":""},"tablet":{"background-color":"var(--ast-global-color-5)","background-image":"","background-repeat":"repeat","background-position":"center center","background-size":"auto","background-attachment":"scroll","background-type":"","background-media":"","overlay-type":"","overlay-color":"","overlay-opacity":"","overlay-gradient":""},"mobile":{"background-color":"var(--ast-global-color-5)","background-image":"","background-repeat":"repeat","background-position":"center center","background-size":"auto","background-attachment":"scroll","background-type":"","background-media":"","overlay-type":"","overlay-color":"","overlay-opacity":"","overlay-gradient":""}},"footnotes":""},"class_list":["post-2602","page","type-page","status-publish","hentry"],"uagb_featured_image_src":{"full":false,"thumbnail":false,"medium":false,"medium_large":false,"large":false,"1536x1536":false,"2048x2048":false,"trp-custom-language-flag":false,"woocommerce_thumbnail":false,"woocommerce_single":false,"woocommerce_gallery_thumbnail":false},"uagb_author_info":{"display_name":"Theodoris Smoilis","author_link":"https:\/\/greeceathenstransfers.gr\/de\/author\/teo\/"},"uagb_comment_info":0,"uagb_excerpt":"What is Greece Athens Transfers Greece Athens Transfers is a peer-to-peer marketplace that advertises and promotes your services as a host to travelers. Don\u2019t worry, it\u2019s completely free to sign-up as a host! You are free to manage your own availability and adjust it to your personal schedule. Greece Athens Transfers also creates, manages and&hellip;","jetpack_sharing_enabled":true,"_links":{"self":[{"href":"https:\/\/greeceathenstransfers.gr\/de\/wp-json\/wp\/v2\/pages\/2602","targetHints":{"allow":["GET"]}}],"collection":[{"href":"https:\/\/greeceathenstransfers.gr\/de\/wp-json\/wp\/v2\/pages"}],"about":[{"href":"https:\/\/greeceathenstransfers.gr\/de\/wp-json\/wp\/v2\/types\/page"}],"author":[{"embeddable":true,"href":"https:\/\/greeceathenstransfers.gr\/de\/wp-json\/wp\/v2\/users\/2"}],"replies":[{"embeddable":true,"href":"https:\/\/greeceathenstransfers.gr\/de\/wp-json\/wp\/v2\/comments?post=2602"}],"version-history":[{"count":4,"href":"https:\/\/greeceathenstransfers.gr\/de\/wp-json\/wp\/v2\/pages\/2602\/revisions"}],"predecessor-version":[{"id":2754,"href":"https:\/\/greeceathenstransfers.gr\/de\/wp-json\/wp\/v2\/pages\/2602\/revisions\/2754"}],"wp:attachment":[{"href":"https:\/\/greeceathenstransfers.gr\/de\/wp-json\/wp\/v2\/media?parent=2602"}],"curies":[{"name":"wp","href":"https:\/\/api.w.org\/{rel}","templated":true}]}}