{"id":807,"date":"2024-04-03T02:26:31","date_gmt":"2024-04-03T02:26:31","guid":{"rendered":"http:\/\/greeceathenstransfers.gr\/?page_id=807"},"modified":"2025-12-29T12:33:52","modified_gmt":"2025-12-29T12:33:52","slug":"privacy-policy","status":"publish","type":"page","link":"https:\/\/greeceathenstransfers.gr\/de\/privacy-policy\/","title":{"rendered":"Privacy policy"},"content":{"rendered":"<div class=\"wp-block-uagb-advanced-heading uagb-block-457c6b04\"><h2 class=\"uagb-heading-text\">Datenschutzrichtlinie<\/h2><\/div>\n\n\n\n<p class=\"has-ast-global-color-1-color has-ast-global-color-8-background-color has-text-color has-background has-link-color wp-elements-792c3d286214232848c86803974a1595\">Datenschutzrichtlinie <a href=\"https:\/\/greeceathenstransfers.gr\/de\/\">Greeceathenstransfers.gr<\/a> (Letzte Aktualisierung: 29. Dezember 2025)<\/p>\n\n\n\n<p class=\"has-ast-global-color-1-color has-ast-global-color-8-background-color has-text-color has-background has-link-color wp-elements-dff9df15ab6f7ecf0bd7748f22ffa430\">Wir haben die folgende Datenschutzerkl\u00e4rung erstellt, die f\u00fcr die Nutzung unserer Website und\/oder unserer Dienste jederzeit gilt. Alle zuk\u00fcnftig hinzugef\u00fcgten Funktionen und\/oder Dienste unterliegen ebenfalls den Bestimmungen dieser Datenschutzerkl\u00e4rung. In dieser Datenschutzerkl\u00e4rung erl\u00e4utern wir, wie und warum Greece Athens Transfers &amp; Tours Ihre personenbezogenen Daten erhebt und verarbeitet, wobei Greece Athens Transfers &amp; Tours als Verantwortlicher agiert. Bei der Verarbeitung personenbezogener Daten h\u00e4lt Greece Athens Transfers &amp; Tours die geltenden Gesetze und Vorschriften, wie beispielsweise die Datenschutz-Grundverordnung (DSGVO), ein.<\/p>\n\n\n\n<h4 class=\"wp-block-heading has-ast-global-color-1-color has-ast-global-color-8-background-color has-text-color has-background has-link-color wp-elements-8b733f1c97971734b5d9aa3173ba3057\">1. Geltungsbereich<\/h4>\n\n\n\n<p class=\"has-ast-global-color-1-color has-ast-global-color-8-background-color has-text-color has-background has-link-color wp-elements-09686e13e76879d707dcf663d8a36ad7\">Greece Athens Transfers &amp; Tours (im Folgenden \u201eGreece Athens Transfers &amp; Tours\u201c, \u201ewir\u201c, \u201euns\u201c oder \u201eunser\u201c) stellt Ihnen diese Datenschutzrichtlinie zur Verf\u00fcgung, um Sie \u00fcber unsere Richtlinien und Verfahren hinsichtlich der Erhebung und Verarbeitung personenbezogener Daten zu informieren, die wir von Nutzern erhalten. <a href=\"https:\/\/greeceathenstransfers.gr\/de\/\">www.greeceathenstransfers.gr<\/a> (die \u201eWebsite\u201c), unabh\u00e4ngig davon, wie Sie diese nutzen oder darauf zugreifen. Personenbezogene Daten sind alle Informationen, die Sie direkt oder indirekt identifizieren. \u201eDirekt\u201c kann beispielsweise durch Ihren Namen geschehen. \u201eIndirekt\u201c bedeutet, dass Sie auch ohne Ihren Namen durch oder in Kombination mit anderen Informationen identifiziert werden k\u00f6nnen. Ein Beispiel f\u00fcr \u201eindirekt\u201c ist eine IP-Adresse.<\/p>\n\n\n\n<h4 class=\"wp-block-heading has-ast-global-color-1-color has-ast-global-color-8-background-color has-text-color has-background has-link-color wp-elements-011e7be5f6bb9f3fbf3c6894f77f1723\">1.2 Registrierung<\/h4>\n\n\n\n<p class=\"has-ast-global-color-1-color has-ast-global-color-8-background-color has-text-color has-background has-link-color wp-elements-918bc65c847831d728d755141bbf9904\">Wenn Sie sich \u00fcber unsere Website registrieren und sich als Gastgeber engagieren oder als Reisender buchen oder wenn Sie einen anderen Besucher \u00fcber unsere Website kontaktieren m\u00f6chten, fragen wir Sie nach personenbezogenen Daten, die Sie identifizieren und zur Kontaktaufnahme mit Ihnen verwendet werden k\u00f6nnen (\u201eIdentit\u00e4tsinformationen\u201c). Zu den Identit\u00e4tsinformationen geh\u00f6ren unter anderem Ihr Name, Ihre Telefonnummer, Ihre E-Mail-Adresse und Ihre Wohnanschrift, jedoch nicht Ihre Kreditkartennummer oder Bankdaten. Im Zusammenhang mit dieser Datenschutzrichtlinie umfassen die Begriffe \u201eNutzung\u201c und \u201eVerarbeitung\u201c von Informationen unter anderem die Verwendung von Cookies sowie die Erhebung, Speicherung, \u00dcbermittlung, Auswertung, L\u00f6schung, Offenlegung, Verwaltung, Handhabung, \u00c4nderung und Nutzung personenbezogener Daten.<\/p>\n\n\n\n<h4 class=\"wp-block-heading has-ast-global-color-1-color has-ast-global-color-8-background-color has-text-color has-background has-link-color wp-elements-1e9ed335bb137bfe03c6579cd87b5727\">1.3 Anwendung der Datenschutzrichtlinie<\/h4>\n\n\n\n<p class=\"has-ast-global-color-1-color has-ast-global-color-8-background-color has-text-color has-background has-link-color wp-elements-28b78bc8bed5fb3c6e3e4f077dc4ad64\">Diese Datenschutzrichtlinie gilt ausschlie\u00dflich f\u00fcr personenbezogene Daten, die Sie uns \u00fcber die Website \u00fcbermitteln. Wir behalten uns das Recht vor, diese Datenschutzrichtlinie von Zeit zu Zeit zu aktualisieren, um \u00c4nderungen unserer Dienste widerzuspiegeln. Dies erfolgt durch entsprechende Anpassung der Datenschutzrichtlinie auf der Website. Die \u00c4nderungen treten automatisch in Kraft, sobald sie auf der Website ver\u00f6ffentlicht werden. Dar\u00fcber hinaus benachrichtigen wir alle Nutzer per E-Mail, falls wesentliche \u00c4nderungen an der Datenschutzrichtlinie vorgenommen werden.<\/p>\n\n\n\n<h4 class=\"wp-block-heading has-ast-global-color-1-color has-ast-global-color-8-background-color has-text-color has-background has-link-color wp-elements-da07c9a62c5d6dad8926c1e5dc82917f\">2. Verarbeitung personenbezogener Daten<\/h4>\n\n\n\n<p class=\"has-ast-global-color-1-color has-ast-global-color-8-background-color has-text-color has-background has-link-color wp-elements-3e215dd1285a11e7b1a79eee3203d5c9\">Wir verarbeiten Ihre personenbezogenen Daten zu folgenden Zwecken: Bereitstellung unserer Dienstleistungen. Greece Athens Transfers &amp; Tours verarbeitet Ihre personenbezogenen Daten zur Erbringung seiner Dienstleistungen. Beispielsweise werden personenbezogene Daten verarbeitet, um Ihr Greece Athens Transfers &amp; Tours-Konto einzurichten, Ihnen die Buchung von Veranstaltungen zu erm\u00f6glichen und Bewertungen auf der Website abzugeben. Zu diesem Zweck verarbeitet Greece Athens Transfers &amp; Tours folgende personenbezogene Daten: Name, Telefonnummer, E-Mail-Adresse, Wohnanschrift, IP-Adresse und Profildaten Ihres Greece Athens Transfers &amp; Tours-Kontos. Greece Athens Transfers &amp; Tours ist berechtigt, personenbezogene Daten zu diesem Zweck zu verarbeiten, da dies f\u00fcr die Erf\u00fcllung des Vertrags mit den Kunden erforderlich ist.<\/p>\n\n\n\n<p class=\"has-ast-global-color-1-color has-ast-global-color-8-background-color has-text-color has-background has-link-color wp-elements-21592e3565ec76831d85868f3e696ab3\">Kundendienst<\/p>\n\n\n\n<p class=\"has-ast-global-color-1-color has-ast-global-color-8-background-color has-text-color has-background has-link-color wp-elements-35120585df43699318bc057f4609b7d8\">Greece Athens Transfers &amp; Tours verarbeitet personenbezogene Daten zur Bearbeitung von Anfragen und W\u00fcnschen. Diese Verarbeitung ist f\u00fcr die Erbringung unserer Dienstleistungen erforderlich. Zu diesem Zweck verarbeitet Greece Athens Transfers &amp; Tours Ihren Namen, Ihre E-Mail-Adresse und Ihre Buchungsinformationen.<\/p>\n\n\n\n<p class=\"has-ast-global-color-1-color has-ast-global-color-8-background-color has-text-color has-background has-link-color wp-elements-5b24e59ec52555cef94f052d366f00d3\">Greece Athens Transfers &amp; Tours darf personenbezogene Daten zu diesem Zweck verarbeiten, da dies f\u00fcr die berechtigten Interessen von Greece Athens Transfers &amp; Tours (oder eines Dritten) erforderlich ist, um Greece Athens Transfers &amp; Tours in die Lage zu versetzen, Fragen und Anfragen angemessen zu beantworten. (Direkt-)Marketing<\/p>\n\n\n\n<p class=\"has-ast-global-color-1-color has-ast-global-color-8-background-color has-text-color has-background has-link-color wp-elements-b6ce52ee2e34a6ae616cf3cae009cec5\">Greece Athens Transfers &amp; Tours verarbeitet personenbezogene Daten zu (Direkt-)Marketingzwecken. Dies bedeutet, dass Greece Athens Transfers &amp; Tours Kunden kontaktieren kann, um auf unsere Produkte aufmerksam zu machen. Zu diesem Zweck verarbeitet Greece Athens Transfers &amp; Tours folgende personenbezogene Daten: Website-Verhalten, IP-Adresse, E-Mail-Adresse, Postanschrift, Telefonnummer, Online-Kennungen, Buchungsinformationen, Standort und Kontoinformationen.<\/p>\n\n\n\n<p class=\"has-ast-global-color-1-color has-ast-global-color-8-background-color has-text-color has-background has-link-color wp-elements-0fa4f53f84eb9e4d8a695cdeec485dce\">Greece Athens Transfers &amp; Tours darf personenbezogene Daten zu diesem Zweck verarbeiten, wenn Sie Ihre Einwilligung erteilt haben oder Greece Athens Transfers &amp; Tours ein berechtigtes Interesse an der Verarbeitung dieser Daten hat. Je nach Rechtsgrundlage der Verarbeitung (berechtigtes Interesse oder Einwilligung) haben Sie das Recht, Ihre Einwilligung jederzeit zu widerrufen oder der Verarbeitung Ihrer personenbezogenen Daten f\u00fcr Direktmarketingzwecke jederzeit zu widersprechen. Der Widerruf oder die Aus\u00fcbung Ihres Widerspruchsrechts ber\u00fchrt nicht die Rechtm\u00e4\u00dfigkeit der Verarbeitung vor dem Widerruf oder der Aus\u00fcbung des Widerspruchsrechts.<\/p>\n\n\n\n<h4 class=\"wp-block-heading has-ast-global-color-1-color has-ast-global-color-8-background-color has-text-color has-background has-link-color wp-elements-14cb43271167f0bbee0415eaf2f1a5fb\">3. Kategorien von Empf\u00e4ngern<\/h4>\n\n\n\n<p class=\"has-ast-global-color-1-color has-ast-global-color-8-background-color has-text-color has-background has-link-color wp-elements-8cd94b3abf74cbabaab74fd56e2c0e46\">Es kann erforderlich sein, dass Greece Athens Transfers &amp; Tours Ihre personenbezogenen Daten offenlegt, sei es aufgrund gesetzlicher Bestimmungen, beispielsweise im Rahmen von Rechtsstreitigkeiten, Gerichtsverfahren oder auf Anfrage von Beh\u00f6rden innerhalb oder au\u00dferhalb Ihres Wohnsitzlandes. Wir k\u00f6nnen Ihre personenbezogenen Daten auch offenlegen, wenn wir dies f\u00fcr Zwecke der Strafverfolgung, der nationalen Sicherheit oder zur Verhinderung oder Unterbindung von Aktivit\u00e4ten f\u00fcr notwendig oder angemessen halten, die wir als illegal, unethisch oder rechtswidrig einstufen oder die ein solches Risiko bergen. Wir geben Ihre Daten an unsere Versicherer weiter, wenn wir dies zum Schutz des Eigentums und der Rechte von Greece Athens Transfers &amp; Tours oder Dritter und\/oder zur Gew\u00e4hrleistung der \u00f6ffentlichen Sicherheit oder der Sicherheit einzelner Personen f\u00fcr erforderlich halten. Um unsere Dienstleistungen zu erbringen und zu verbessern, geben wir bei Bedarf Informationen an Dritte weiter.<\/p>\n\n\n\n<p class=\"has-ast-global-color-1-color has-ast-global-color-8-background-color has-text-color has-background has-link-color wp-elements-98aa76780d728569eccfc37de4bcf2b4\">Wenn Sie eine Buchung vornehmen, teilt Greece Athens Transfers &amp; Tours dem Gastgeber folgende Informationen \u00fcber Sie mit: (i) Ihren Vor- und Nachnamen und (ii) einen Link zu Ihrem Greece Athens Transfers &amp; Tours-Konto. Diese Informationen helfen uns, Ihnen einen besseren Service zu bieten. Sobald wir eine Buchung best\u00e4tigen, teilen wir dem Gastgeber auch Ihre Telefonnummer mit. Ihre Zahlungsinformationen werden unter keinen Umst\u00e4nden an einen Gastgeber weitergegeben. Wir k\u00f6nnen Drittunternehmen und Einzelpersonen beauftragen, unseren Service zu verbessern oder zu erleichtern, den Service in unserem Namen bereitzustellen und plattformbezogene Dienstleistungen zu erbringen, einschlie\u00dflich, aber nicht beschr\u00e4nkt auf: Wartungsdienste, Betrugserkennungsdienste, Datenbankverwaltung, Webanalyse sowie \u00dcberwachungs- und Bewertungsdienste. Diese Dritten haben m\u00f6glicherweise Zugriff auf Ihre personenbezogenen Daten. In diesem Fall sch\u00fctzen wir Ihre Daten gem\u00e4\u00df unserer Datenschutzrichtlinie. Sie k\u00f6nnen Ihre Einwilligung zum Erhalt solcher Mitteilungen jederzeit widerrufen, indem Sie eine E-Mail an [E-Mail-Adresse einf\u00fcgen] senden.\u00a0<strong>info@greeceathenstransfers.gr<\/strong><\/p>\n\n\n\n<h4 class=\"wp-block-heading has-ast-global-color-1-color has-ast-global-color-8-background-color has-text-color has-background has-link-color wp-elements-e2d7c7eba98085bad7be99ae5269dbe9\">4. Cookies<\/h4>\n\n\n\n<p class=\"has-ast-global-color-1-color has-ast-global-color-8-background-color has-text-color has-background has-link-color wp-elements-37cb9dcb2e92b1306ec747036096e3b8\">Die Website www.greeceathenstransfers.gr verwendet Cookies. Bei Fragen zur Verwendung von Cookies wenden Sie sich bitte an Greece Athens Transfers &amp; Tours unter info@greeceathenstransfers.gr.<br><br><\/p>\n\n\n\n<h4 class=\"wp-block-heading has-ast-global-color-1-color has-ast-global-color-8-background-color has-text-color has-background has-link-color wp-elements-2e0db8c67572ce6f29ce662b5f7a39c4\">5. Ihre Rechte und wie Sie diese aus\u00fcben k\u00f6nnen<\/h4>\n\n\n\n<p class=\"has-ast-global-color-1-color has-ast-global-color-8-background-color has-text-color has-background has-link-color wp-elements-ff1c94b00bac2321e2b215bac9eb9dc6\">Wir respektieren Ihre Rechte in Bezug auf Ihre von uns verarbeiteten personenbezogenen Daten. Sie k\u00f6nnen Auskunft \u00fcber Ihre von uns erhobenen und verarbeiteten personenbezogenen Daten verlangen oder eine Kopie davon erhalten. Sie k\u00f6nnen au\u00dferdem die Berichtigung und L\u00f6schung Ihrer personenbezogenen Daten oder die Einschr\u00e4nkung ihrer Verarbeitung verlangen. Dar\u00fcber hinaus haben Sie das Recht auf Daten\u00fcbertragbarkeit. Sie k\u00f6nnen der Verarbeitung Ihrer personenbezogenen Daten aus Gr\u00fcnden, die sich aus Ihrer besonderen Situation ergeben, oder der Verarbeitung Ihrer personenbezogenen Daten f\u00fcr Direktmarketingzwecke widersprechen. F\u00fcr weitere Informationen oder zur Aus\u00fcbung dieser Rechte kontaktieren Sie uns bitte unter info@greeceathenstransfers.gr.<br>Um Missbrauch vorzubeugen, bitten wir Sie gegebenenfalls um Ihre Identit\u00e4t. Ob Sie ein bestimmtes Recht in einer bestimmten Situation aus\u00fcben k\u00f6nnen, ist gesetzlich geregelt. Bitte beachten Sie daher, dass wir Ihr Recht nicht immer vollst\u00e4ndig gew\u00e4hrleisten k\u00f6nnen.<\/p>\n\n\n\n<h4 class=\"wp-block-heading has-ast-global-color-1-color has-ast-global-color-8-background-color has-text-color has-background has-link-color wp-elements-179205f4c4944941e2ebe4ce7303d636\">6. Sicherheit<\/h4>\n\n\n\n<p class=\"has-ast-global-color-1-color has-ast-global-color-8-background-color has-text-color has-background has-link-color wp-elements-6de154ef548c1604c1a64aee101576f8\">Wir nehmen Sicherheit sehr ernst. Greece Athens Transfers &amp; Tours legt gro\u00dfen Wert auf den Schutz Ihrer Daten. Wir ergreifen geeignete technische und organisatorische Ma\u00dfnahmen, um Ihre personenbezogenen Daten zu sch\u00fctzen. Die Website verwendet ein zuverl\u00e4ssiges SSL-Zertifikat, um sicherzustellen, dass Ihre personenbezogenen Daten nicht in falsche H\u00e4nde geraten. Im Falle einer Sicherheitsverletzung wird Greece Athens Transfers &amp; Tours Sie unverz\u00fcglich per E-Mail oder durch eine Ver\u00f6ffentlichung auf der Website \u00fcber die Verletzung und die Vertraulichkeit bzw. Integrit\u00e4t Ihrer unverschl\u00fcsselten, elektronisch gespeicherten personenbezogenen Daten informieren, soweit dies mit den berechtigten Bed\u00fcrfnissen der Strafverfolgungsbeh\u00f6rden und den zur Ermittlung des Umfangs der Verletzung und zur Wahrung der Datenintegrit\u00e4t erforderlichen Ma\u00dfnahmen vereinbar ist.<\/p>\n\n\n\n<h4 class=\"wp-block-heading has-ast-global-color-1-color has-ast-global-color-8-background-color has-text-color has-background has-link-color wp-elements-e2fa608f1f1b90eec7cfe2209851fc6d\">7. Aufbewahrungsfristen<\/h4>\n\n\n\n<p class=\"has-ast-global-color-1-color has-ast-global-color-8-background-color has-text-color has-background has-link-color wp-elements-364d49b622d601794d3c149a65f496c3\">Wir speichern Ihre personenbezogenen Daten nicht l\u00e4nger als f\u00fcr den jeweiligen Verarbeitungszweck erforderlich. F\u00fcr weitere Informationen kontaktieren Sie uns bitte unter info@greeceathenstransfers.gr.<br><br><\/p>\n\n\n\n<h4 class=\"wp-block-heading has-ast-global-color-1-color has-ast-global-color-8-background-color has-text-color has-background has-link-color wp-elements-ffea3560f13565bad7f279d440e4dea6\">8. Fragen oder Beschwerden<\/h4>\n\n\n\n<p class=\"has-ast-global-color-1-color has-ast-global-color-8-background-color has-text-color has-background has-link-color wp-elements-a30c59cb32659e06776b0e869cedac50\">Bei Fragen oder Beschwerden zur Verarbeitung Ihrer personenbezogenen Daten senden Sie bitte eine E-Mail an info@greeceathenstransfers.gr.<br>Unser Team hilft Ihnen gerne weiter.<\/p>\n\n\n\n<h4 class=\"wp-block-heading has-ast-global-color-1-color has-ast-global-color-8-background-color has-text-color has-background has-link-color wp-elements-a7dc9e4ce34c98a7e4a1559b71682a7f\">9. Kontaktinformationen f\u00fcr Transfers und Touren in Athen, Griechenland<\/h4>\n\n\n\n<p class=\"has-ast-global-color-1-color has-ast-global-color-8-background-color has-text-color has-background has-link-color wp-elements-41bf4c4063f1a9c7e854b125130d6dd9\">Greece Athens Transfers &amp; Tours, Adresse: Chatzikiriakou 122, 18538 Pir\u00e4us, Griechenland Tel: <strong>(+30) 6986691729<\/strong> oder <strong>(+30) 6986506178<\/strong><\/p>\n\n\n\n<p class=\"has-ast-global-color-1-color has-ast-global-color-8-background-color has-text-color has-background has-link-color wp-elements-11b7b0bd8378c54b8128f0c239378826\">E-Mail: info@greeceathenstransfers.gr<\/p>\n\n\n\n<p><\/p>\n\n\n\n<p class=\"has-ast-global-color-1-color has-ast-global-color-8-background-color has-text-color has-background has-link-color wp-elements-0c152a327a9876a9bedf4b9e109eff20\"><\/p>\n\n\n\n<p><\/p>","protected":false},"excerpt":{"rendered":"<p>Privacy Policy Privacy Policy Greeceathenstransfers.gr (last updated: December 29, 2025) We have created the following Privacy Policy which applies at all times when using our website and \/ or any of our services. Any new features and\/or services that are added to our current service at any point in the future shall also be subject [&hellip;]<\/p>\n","protected":false},"author":1,"featured_media":0,"parent":0,"menu_order":0,"comment_status":"closed","ping_status":"closed","template":"","meta":{"_uag_custom_page_level_css":"","site-sidebar-layout":"default","site-content-layout":"","ast-site-content-layout":"default","site-content-style":"default","site-sidebar-style":"default","ast-global-header-display":"","ast-banner-title-visibility":"","ast-main-header-display":"","ast-hfb-above-header-display":"","ast-hfb-below-header-display":"","ast-hfb-mobile-header-display":"","site-post-title":"disabled","ast-breadcrumbs-content":"","ast-featured-img":"","footer-sml-layout":"","ast-disable-related-posts":"","theme-transparent-header-meta":"","adv-header-id-meta":"","stick-header-meta":"","header-above-stick-meta":"","header-main-stick-meta":"","header-below-stick-meta":"","astra-migrate-meta-layouts":"set","ast-page-background-enabled":"default","ast-page-background-meta":{"desktop":{"background-color":"","background-image":"","background-repeat":"repeat","background-position":"center center","background-size":"auto","background-attachment":"scroll","background-type":"","background-media":"","overlay-type":"","overlay-color":"","overlay-opacity":"","overlay-gradient":""},"tablet":{"background-color":"","background-image":"","background-repeat":"repeat","background-position":"center center","background-size":"auto","background-attachment":"scroll","background-type":"","background-media":"","overlay-type":"","overlay-color":"","overlay-opacity":"","overlay-gradient":""},"mobile":{"background-color":"","background-image":"","background-repeat":"repeat","background-position":"center center","background-size":"auto","background-attachment":"scroll","background-type":"","background-media":"","overlay-type":"","overlay-color":"","overlay-opacity":"","overlay-gradient":""}},"ast-content-background-meta":{"desktop":{"background-color":"var(--ast-global-color-5)","background-image":"","background-repeat":"repeat","background-position":"center center","background-size":"auto","background-attachment":"scroll","background-type":"","background-media":"","overlay-type":"","overlay-color":"","overlay-opacity":"","overlay-gradient":""},"tablet":{"background-color":"var(--ast-global-color-5)","background-image":"","background-repeat":"repeat","background-position":"center center","background-size":"auto","background-attachment":"scroll","background-type":"","background-media":"","overlay-type":"","overlay-color":"","overlay-opacity":"","overlay-gradient":""},"mobile":{"background-color":"var(--ast-global-color-5)","background-image":"","background-repeat":"repeat","background-position":"center center","background-size":"auto","background-attachment":"scroll","background-type":"","background-media":"","overlay-type":"","overlay-color":"","overlay-opacity":"","overlay-gradient":""}},"footnotes":""},"class_list":["post-807","page","type-page","status-publish","hentry"],"uagb_featured_image_src":{"full":false,"thumbnail":false,"medium":false,"medium_large":false,"large":false,"1536x1536":false,"2048x2048":false,"trp-custom-language-flag":false,"woocommerce_thumbnail":false,"woocommerce_single":false,"woocommerce_gallery_thumbnail":false},"uagb_author_info":{"display_name":"admin","author_link":"https:\/\/greeceathenstransfers.gr\/de\/author\/gatat\/"},"uagb_comment_info":0,"uagb_excerpt":"Privacy Policy Privacy Policy Greeceathenstransfers.gr (last updated: December 29, 2025) We have created the following Privacy Policy which applies at all times when using our website and \/ or any of our services. Any new features and\/or services that are added to our current service at any point in the future shall also be subject&hellip;","jetpack_sharing_enabled":true,"_links":{"self":[{"href":"https:\/\/greeceathenstransfers.gr\/de\/wp-json\/wp\/v2\/pages\/807","targetHints":{"allow":["GET"]}}],"collection":[{"href":"https:\/\/greeceathenstransfers.gr\/de\/wp-json\/wp\/v2\/pages"}],"about":[{"href":"https:\/\/greeceathenstransfers.gr\/de\/wp-json\/wp\/v2\/types\/page"}],"author":[{"embeddable":true,"href":"https:\/\/greeceathenstransfers.gr\/de\/wp-json\/wp\/v2\/users\/1"}],"replies":[{"embeddable":true,"href":"https:\/\/greeceathenstransfers.gr\/de\/wp-json\/wp\/v2\/comments?post=807"}],"version-history":[{"count":15,"href":"https:\/\/greeceathenstransfers.gr\/de\/wp-json\/wp\/v2\/pages\/807\/revisions"}],"predecessor-version":[{"id":3055,"href":"https:\/\/greeceathenstransfers.gr\/de\/wp-json\/wp\/v2\/pages\/807\/revisions\/3055"}],"wp:attachment":[{"href":"https:\/\/greeceathenstransfers.gr\/de\/wp-json\/wp\/v2\/media?parent=807"}],"curies":[{"name":"wp","href":"https:\/\/api.w.org\/{rel}","templated":true}]}}