{"id":2458,"date":"2025-12-17T15:53:24","date_gmt":"2025-12-17T15:53:24","guid":{"rendered":"https:\/\/greeceathenstransfers.gr\/?page_id=2458"},"modified":"2025-12-29T12:22:32","modified_gmt":"2025-12-29T12:22:32","slug":"faq","status":"publish","type":"page","link":"https:\/\/greeceathenstransfers.gr\/es\/faq\/","title":{"rendered":"Preguntas frecuentes"},"content":{"rendered":"<p class=\"has-ast-global-color-1-color has-ast-global-color-8-background-color has-text-color has-background has-link-color wp-elements-7b57b52f94818b79efb92af81e918dae\">Preguntas frecuentes<\/p>\n\n\n\n<h4 class=\"wp-block-heading\">&nbsp;<\/h4>\n\n\n\n<h4 class=\"wp-block-heading has-ast-global-color-1-color has-ast-global-color-8-background-color has-text-color has-background has-link-color wp-elements-bc01f84d702f1322ce7ebd884990998f\">Tengo una pregunta urgente sobre mi reserva<\/h4>\n\n\n\n<p class=\"has-ast-global-color-1-color has-ast-global-color-7-background-color has-text-color has-background has-link-color wp-elements-1fda972aac78b9019c26f37b9b861150\">\u00bfNecesitas ayuda con tu reserva?<\/p>\n\n\n\n<p class=\"has-ast-global-color-0-color has-ast-global-color-7-background-color has-text-color has-background has-link-color wp-elements-b3e7d23aa9adefe1481cbca32daca9fb\">Por favor ll\u00e1menos aqu\u00ed: <strong>(+30) 6986691729<\/strong><br>O aqu\u00ed: <strong>(+30) 6986506178<\/strong><br>Nuestro soporte est\u00e1 aqu\u00ed para ayudarle.<br>Tambi\u00e9n puede enviarnos un correo electr\u00f3nico a info@greeceathenstransfers.gr<\/p>\n\n\n\n<h4 class=\"wp-block-heading has-ast-global-color-1-color has-ast-global-color-7-background-color has-text-color has-background has-link-color wp-elements-7691fd6fbd83b5490a4c8de4048f1eb1\">\u00bfC\u00f3mo pago mi reserva?<\/h4>\n\n\n\n<p class=\"has-ast-global-color-0-color has-ast-global-color-7-background-color has-text-color has-background has-link-color wp-elements-2433cc450f1f7e86005752caf2449810\">Para empezar, si quieres pagar tus reservas, solo tienes que seguir los pasos para reservar tu experiencia y seleccionar tu m\u00e9todo de pago preferido cuando se te solicite. Puedes pagar con PayPal, tarjeta de cr\u00e9dito o tarjeta de d\u00e9bito.<\/p>\n\n\n\n<h4 class=\"wp-block-heading has-ast-global-color-0-color has-ast-global-color-7-background-color has-text-color has-background has-link-color wp-elements-c73fa5ef8d658fbcb9b9ec27f3b3960a\">\u00bfQu\u00e9 pasa si mi solicitud de reserva es rechazada o cancelada?<\/h4>\n\n\n\n<p class=\"has-ast-global-color-0-color has-ast-global-color-7-background-color has-text-color has-background has-link-color wp-elements-fe4860f39e78036081bb66fd2bc6c6d8\">Si su solicitud de reserva es rechazada o rechazada por el anfitri\u00f3n, se le emitir\u00e1 un reembolso autom\u00e1ticamente y le llegar\u00e1 dentro de los 6 d\u00edas h\u00e1biles.<\/p>\n\n\n\n<h4 class=\"wp-block-heading has-ast-global-color-0-color has-ast-global-color-7-background-color has-text-color has-background has-link-color wp-elements-20d25ed90b7e045ebfad2a5908c99d47\">\u00bfPueden los ni\u00f1os unirse al tour?<\/h4>\n\n\n\n<p class=\"has-ast-global-color-0-color has-ast-global-color-7-background-color has-text-color has-background has-link-color wp-elements-dce28381e2f7c6186ed9648e24250823\">S\u00ed, los ni\u00f1os son m\u00e1s que bienvenidos, pero debido a las limitaciones de espacio de transporte, debemos contarlos como \"una persona\".&nbsp;<\/p>\n\n\n\n<h4 class=\"wp-block-heading has-ast-global-color-0-color has-ast-global-color-7-background-color has-text-color has-background has-link-color wp-elements-005c87210fe37beef43880c227cf5ed7\">\u00bfQu\u00e9 pasa con las restricciones diet\u00e9ticas?<\/h4>\n\n\n\n<p class=\"has-ast-global-color-0-color has-ast-global-color-7-background-color has-text-color has-background has-link-color wp-elements-feb96fcc8667d633fdd7859dead232b2\">Siempre que lo sepamos con antelaci\u00f3n, haremos todo lo posible para atender a las personas con alergias alimentarias. En cuanto a las personas intolerantes a la lactosa, que siguen una dieta sin gluten, son vegetarianas o veganas, haremos todo lo posible por adaptarnos a sus necesidades diet\u00e9ticas.<\/p>\n\n\n\n<h4 class=\"wp-block-heading has-ast-global-color-0-color has-ast-global-color-7-background-color has-text-color has-background has-link-color wp-elements-6208dfe0484ddd8d4c811e53589dec39\">\u00bfQu\u00e9 es un Tour 100% Personalizado?<\/h4>\n\n\n\n<p class=\"has-ast-global-color-1-color has-ast-global-color-7-background-color has-text-color has-background has-link-color wp-elements-0ccb6d115ab8ee2bfd4e969a7553c11a\">Un tour personalizado es un tour creado exclusivamente por ti y para ti. Solo tienes que comunicar tus solicitudes al anfitri\u00f3n y, con esa informaci\u00f3n, este podr\u00e1 crear una oferta personalizada, totalmente adaptada a tus preferencias.<br>Ejemplo:<br>\u00bfQuieres a\u00f1adir una parada extra a tu excursi\u00f3n de un d\u00eda a Micenas o saltarte la reserva para la cena? \u00a1Solo tienes que hacer clic en \"Personalizar ahora\" y comunicarnos tus preferencias para que podamos crear un programa personalizado a tu medida!<\/p>\n\n\n\n<h4 class=\"wp-block-heading has-ast-global-color-0-color has-ast-global-color-7-background-color has-text-color has-background has-link-color wp-elements-6bd007224e11883205e0ce3785fb9414\">Mi anfitri\u00f3n me envi\u00f3 mi tour personalizado. \u00bfQu\u00e9 debo hacer ahora?<\/h4>\n\n\n\n<p class=\"has-ast-global-color-0-color has-ast-global-color-7-background-color has-text-color has-background has-link-color wp-elements-415e3c3d91517bf8d6a9eda7e1504981\">Si el Tour Personalizado es lo que esperabas, \u00a1no esperes m\u00e1s! Simplemente haz clic en el bot\u00f3n \"Reservar\" que recibir\u00e1s por correo electr\u00f3nico para que podamos procesar tu pago al instante y reservar tu experiencia personalizada.<\/p>\n\n\n\n<h4 class=\"wp-block-heading has-ast-global-color-0-color has-ast-global-color-7-background-color has-text-color has-background has-link-color wp-elements-d8ec259d70ba5373cb966dde34ee8316\">\u00bfUna experiencia personalizada es siempre privada?<\/h4>\n\n\n\n<p class=\"has-ast-global-color-0-color has-ast-global-color-7-background-color has-text-color has-background has-link-color wp-elements-ad31b6ea055a4b995b9e3ade75898156\">S\u00ed, las experiencias de traslados y tours de Grecia a Atenas son siempre privadas. Adem\u00e1s, se crea una experiencia totalmente personalizada especialmente para usted, por lo que no es posible que otras personas la reserven.<\/p>\n\n\n\n<h4 class=\"wp-block-heading has-ast-global-color-0-color has-ast-global-color-7-background-color has-text-color has-background has-link-color wp-elements-c72cca7430c270ba1abd61aafba0cf02\">Ya tengo una reserva, \u00bfc\u00f3mo me pongo en contacto con mi anfitri\u00f3n?<\/h4>\n\n\n\n<p class=\"has-ast-global-color-0-color has-ast-global-color-7-background-color has-text-color has-background has-link-color wp-elements-cc7d4985ea982ec5b0a905bc397812d7\">Si ya tiene una reserva en Greece Athens Transfers &amp; Tours, tambi\u00e9n ha recibido un correo electr\u00f3nico de info@greeceathnestransfers.gr Puede enviarnos un correo a la misma direcci\u00f3n con respecto al pr\u00f3ximo recorrido y estaremos encantados de facilitarle todo lo posible con respecto al pr\u00f3ximo recorrido.&nbsp;<\/p>\n\n\n\n<h4 class=\"wp-block-heading has-ast-global-color-0-color has-ast-global-color-7-background-color has-text-color has-background has-link-color wp-elements-83603cf18f647cd63233f99bec4fee70\">\u00bfPuedo pagar en cualquier moneda?<\/h4>\n\n\n\n<p class=\"has-ast-global-color-0-color has-ast-global-color-7-background-color has-text-color has-background has-link-color wp-elements-1f5805dccadaa67ddb3ad9c601566832\">En CrispyLocal, el pago siempre se realiza en euros, por lo que el precio en euros siempre se muestra al realizar el pago. Su banco podr\u00eda cobrarle una comisi\u00f3n por la conversi\u00f3n de su moneda local a euros. No aplicamos cargos adicionales por nuestra parte.<\/p>\n\n\n\n<h4 class=\"wp-block-heading has-ast-global-color-0-color has-ast-global-color-7-background-color has-text-color has-background has-link-color wp-elements-095aa127800e806883e5dd8714fd46d0\">Solo pagu\u00e9 la reserva, \u00bfpor qu\u00e9 necesito pagar el resto en efectivo?<\/h4>\n\n\n\n<p class=\"has-ast-global-color-0-color has-ast-global-color-7-background-color has-text-color has-background has-link-color wp-elements-7cbfaa00e7270c9d696fe5a026ef4f20\">Si solo se le cobra la reserva, significa que su anfitri\u00f3n prefiere recibir el pago en efectivo. De igual manera, el importe restante debe pagarse directamente a su anfitri\u00f3n en el momento de la experiencia, en efectivo.<\/p>\n\n\n\n<h4 class=\"wp-block-heading has-ast-global-color-0-color has-ast-global-color-7-background-color has-text-color has-background has-link-color wp-elements-793ef44ca5061d23a3e1a93384813dce\">\u00bfCu\u00e1l es la pol\u00edtica de cancelaci\u00f3n para los hu\u00e9spedes?<\/h4>\n\n\n\n<p class=\"has-ast-global-color-0-color has-ast-global-color-7-background-color has-text-color has-background has-link-color wp-elements-c8153c1de207623eff1e760deffec6d4\">Cancelaci\u00f3n de reserva confirmada: si la reserva es cancelada por el anfitri\u00f3n recibir\u00e1s un reembolso del 100%.<br>Si decide cancelar la reserva como hu\u00e9sped:<br>M\u00e1s de 24 horas antes de la fecha de la experiencia: Se reembolsar\u00e1 el 100% del precio total.<br>Menos de 24 horas antes de la fecha de la experiencia: el anfitri\u00f3n recibir\u00e1 el pago completo, no recibir\u00e1 un reembolso.<\/p>\n\n\n\n<h4 class=\"wp-block-heading has-ast-global-color-0-color has-ast-global-color-7-background-color has-text-color has-background has-link-color wp-elements-9d0a8ff6b118ed63e2bc5d859043e2e7\">\u00bfC\u00f3mo garantiza Greece Athens Transfers &amp; Tours la calidad del anfitri\u00f3n?<\/h4>\n\n\n\n<p class=\"has-ast-global-color-0-color has-ast-global-color-7-background-color has-text-color has-background has-link-color wp-elements-763d2b29ae4dbd7fa4fd6fdc2bdd7040\">\u2981 Control de calidad<br>Verificaci\u00f3n de informaci\u00f3n b\u00e1sica, como nombre, direcci\u00f3n, perfiles sociales, n\u00famero de tel\u00e9fono, identificaci\u00f3n, detalles de pago y descripci\u00f3n de la experiencia. \u2981 Mystery Shopping<br>Programa de control de compras misteriosas. De hecho, ocasionalmente enviamos invitados para que probaran la experiencia y el nivel de servicio que ofrecen los anfitriones.<br>\u2981 Sistema de revisi\u00f3n<br>Cada hu\u00e9sped tiene la oportunidad de opinar sobre su experiencia con un anfitri\u00f3n. Por lo tanto, cuando varios hu\u00e9spedes dejan rese\u00f1as positivas, tienes m\u00e1s confianza en el anfitri\u00f3n y en la experiencia que ofrece.<\/p>\n\n\n\n<h4 class=\"wp-block-heading has-ast-global-color-0-color has-ast-global-color-7-background-color has-text-color has-background has-link-color wp-elements-4baacdb7b8e9eecbb20780277787ff5e\">\u00bfQu\u00e9 pasa si tengo una mala experiencia con un host?<\/h4>\n\n\n\n<p class=\"has-ast-global-color-1-color has-ast-global-color-7-background-color has-text-color has-background has-link-color wp-elements-cf5298b5c07302f86e93f14314562fc8\">Si tiene una mala experiencia con un anfitri\u00f3n, inf\u00f3rmenos de inmediato a info@greeceathenstransfers.gr. Nos pondremos en contacto con usted y con el anfitri\u00f3n para analizar la situaci\u00f3n y encontrar una soluci\u00f3n juntos. \u00a1Su satisfacci\u00f3n es nuestro principal objetivo!<\/p>","protected":false},"excerpt":{"rendered":"<p>FAQ &nbsp; I have an Urgent question regarding my Booking Need help regarding your booking ? Please call us here: (+30) 6986691729Or here: (+30) 6986506178Our support is here to assist you.You can also send us an e-mail to\u00a0info@greeceathenstransfers.gr How do I pay for my Booking? For start, if you want to pay for your bookings, [&hellip;]<\/p>\n","protected":false},"author":2,"featured_media":0,"parent":0,"menu_order":0,"comment_status":"closed","ping_status":"closed","template":"","meta":{"_uag_custom_page_level_css":"","site-sidebar-layout":"default","site-content-layout":"","ast-site-content-layout":"default","site-content-style":"default","site-sidebar-style":"default","ast-global-header-display":"","ast-banner-title-visibility":"","ast-main-header-display":"","ast-hfb-above-header-display":"","ast-hfb-below-header-display":"","ast-hfb-mobile-header-display":"","site-post-title":"","ast-breadcrumbs-content":"","ast-featured-img":"","footer-sml-layout":"","ast-disable-related-posts":"","theme-transparent-header-meta":"","adv-header-id-meta":"","stick-header-meta":"","header-above-stick-meta":"","header-main-stick-meta":"","header-below-stick-meta":"","astra-migrate-meta-layouts":"set","ast-page-background-enabled":"default","ast-page-background-meta":{"desktop":{"background-color":"","background-image":"","background-repeat":"repeat","background-position":"center center","background-size":"auto","background-attachment":"scroll","background-type":"","background-media":"","overlay-type":"","overlay-color":"","overlay-opacity":"","overlay-gradient":""},"tablet":{"background-color":"","background-image":"","background-repeat":"repeat","background-position":"center center","background-size":"auto","background-attachment":"scroll","background-type":"","background-media":"","overlay-type":"","overlay-color":"","overlay-opacity":"","overlay-gradient":""},"mobile":{"background-color":"","background-image":"","background-repeat":"repeat","background-position":"center center","background-size":"auto","background-attachment":"scroll","background-type":"","background-media":"","overlay-type":"","overlay-color":"","overlay-opacity":"","overlay-gradient":""}},"ast-content-background-meta":{"desktop":{"background-color":"var(--ast-global-color-5)","background-image":"","background-repeat":"repeat","background-position":"center center","background-size":"auto","background-attachment":"scroll","background-type":"","background-media":"","overlay-type":"","overlay-color":"","overlay-opacity":"","overlay-gradient":""},"tablet":{"background-color":"var(--ast-global-color-5)","background-image":"","background-repeat":"repeat","background-position":"center center","background-size":"auto","background-attachment":"scroll","background-type":"","background-media":"","overlay-type":"","overlay-color":"","overlay-opacity":"","overlay-gradient":""},"mobile":{"background-color":"var(--ast-global-color-5)","background-image":"","background-repeat":"repeat","background-position":"center center","background-size":"auto","background-attachment":"scroll","background-type":"","background-media":"","overlay-type":"","overlay-color":"","overlay-opacity":"","overlay-gradient":""}},"footnotes":""},"class_list":["post-2458","page","type-page","status-publish","hentry"],"uagb_featured_image_src":{"full":false,"thumbnail":false,"medium":false,"medium_large":false,"large":false,"1536x1536":false,"2048x2048":false,"trp-custom-language-flag":false,"woocommerce_thumbnail":false,"woocommerce_single":false,"woocommerce_gallery_thumbnail":false},"uagb_author_info":{"display_name":"Theodoris Smoilis","author_link":"https:\/\/greeceathenstransfers.gr\/es\/author\/teo\/"},"uagb_comment_info":0,"uagb_excerpt":"FAQ &nbsp; I have an Urgent question regarding my Booking Need help regarding your booking ? Please call us here: (+30) 6986691729Or here: (+30) 6986506178Our support is here to assist you.You can also send us an e-mail to\u00a0info@greeceathenstransfers.gr How do I pay for my Booking? For start, if you want to pay for your bookings,&hellip;","jetpack_sharing_enabled":true,"_links":{"self":[{"href":"https:\/\/greeceathenstransfers.gr\/es\/wp-json\/wp\/v2\/pages\/2458","targetHints":{"allow":["GET"]}}],"collection":[{"href":"https:\/\/greeceathenstransfers.gr\/es\/wp-json\/wp\/v2\/pages"}],"about":[{"href":"https:\/\/greeceathenstransfers.gr\/es\/wp-json\/wp\/v2\/types\/page"}],"author":[{"embeddable":true,"href":"https:\/\/greeceathenstransfers.gr\/es\/wp-json\/wp\/v2\/users\/2"}],"replies":[{"embeddable":true,"href":"https:\/\/greeceathenstransfers.gr\/es\/wp-json\/wp\/v2\/comments?post=2458"}],"version-history":[{"count":4,"href":"https:\/\/greeceathenstransfers.gr\/es\/wp-json\/wp\/v2\/pages\/2458\/revisions"}],"predecessor-version":[{"id":3085,"href":"https:\/\/greeceathenstransfers.gr\/es\/wp-json\/wp\/v2\/pages\/2458\/revisions\/3085"}],"wp:attachment":[{"href":"https:\/\/greeceathenstransfers.gr\/es\/wp-json\/wp\/v2\/media?parent=2458"}],"curies":[{"name":"wp","href":"https:\/\/api.w.org\/{rel}","templated":true}]}}