{"id":2462,"date":"2025-12-17T15:59:32","date_gmt":"2025-12-17T15:59:32","guid":{"rendered":"https:\/\/greeceathenstransfers.gr\/?page_id=2462"},"modified":"2025-12-29T12:28:00","modified_gmt":"2025-12-29T12:28:00","slug":"cancelation-policy","status":"publish","type":"page","link":"https:\/\/greeceathenstransfers.gr\/es\/cancelation-policy\/","title":{"rendered":"pol\u00edtica de cancelaci\u00f3n"},"content":{"rendered":"<p class=\"has-ast-global-color-1-color has-ast-global-color-8-background-color has-text-color has-background has-link-color wp-elements-3706c95806358a0f4952cefcb389fc70\">El \u00e9xito de nuestra empresa se basa en nuestro personal experimentado, conocedor y hospitalario, en nuestros veh\u00edculos de primera calidad e impecablemente elegantes y en la consistencia y precisi\u00f3n que define los servicios que brindamos.<\/p>\n\n\n\n<p class=\"has-ast-global-color-1-color has-ast-global-color-8-background-color has-text-color has-background has-link-color wp-elements-6178a257daeddaba83454baf8d1f553b\">El buen funcionamiento de los servicios ofrecidos por Greece Athens Transfers &amp; Tours depende de la correcta organizaci\u00f3n de los ch\u00f3feres y sus veh\u00edculos, para que lleguen a sus citas programadas puntualmente y sin demoras. Para ello, solicitamos a nuestros clientes que sean precisos al completar los datos de su reserva, es decir, que proporcionen informaci\u00f3n clara y precisa sobre su llegada, y que nos informen inmediatamente de cualquier cambio en la hora de llegada u otros detalles, para que podamos actualizar los horarios de nuestros ch\u00f3feres con prontitud.<\/p>\n\n\n\n<p class=\"has-ast-global-color-1-color has-ast-global-color-8-background-color has-text-color has-background has-link-color wp-elements-53ff13a33a671dab1259e94eed8f787e\">En caso de no hacerlo, nuestra empresa tendr\u00e1 que aplicar los t\u00e9rminos y condiciones que se han establecido para nuestro libre funcionamiento y que est\u00e1n disponibles en detalle en nuestro sitio web corporativo.<\/p>\n\n\n\n<ul class=\"wp-block-list has-ast-global-color-1-color has-ast-global-color-8-background-color has-text-color has-background has-link-color wp-elements-932e7c943e99e4e5f3331389b7d45d1a\">\n<li><strong>Puedes cancelar hasta 24 horas antes de la experiencia para obtener un reembolso completo.<\/strong><\/li>\n\n\n\n<li><strong>Si cancelas con menos de 24 horas de antelaci\u00f3n a la hora de inicio de la experiencia, no se te reembolsar\u00e1 el importe abonado.<\/strong><\/li>\n\n\n\n<li><strong>No se aceptar\u00e1n cambios realizados con menos de 24 horas de antelaci\u00f3n a la hora de inicio de la experiencia.<\/strong><\/li>\n<\/ul>\n\n\n\n<p class=\"has-ast-global-color-1-color has-ast-global-color-8-background-color has-text-color has-background has-link-color wp-elements-b746eabcccce16335291c13cbd3435c2\"><strong>En cualquier otro caso, no tendr\u00e1 derecho a reembolso.<\/strong><\/p>\n\n\n\n<p class=\"has-ast-global-color-1-color has-ast-global-color-8-background-color has-text-color has-background has-link-color wp-elements-344a5989cb7ed3ff990991dac7bb7ea0\">*Todos los pagos se procesan con el mismo m\u00e9todo seleccionado al realizar la reserva. Tenga en cuenta que se aplican cargos por cancelaci\u00f3n de PayPal en caso de reembolso.<\/p>\n\n\n\n<p><\/p>\n\n\n\n<p><\/p>","protected":false},"excerpt":{"rendered":"<p>Our company\u2019s success is based on our experienced, knowledgeable, and hospitable personnel, in our top-quality, impeccably stylish vehicles and in the consistency and precision that defines the services that we provide. The smooth functioning of the services offered at Greece Athens Transfers &amp; Tours relies on the proper organization of chauffeurs and their vehicles, so [&hellip;]<\/p>\n","protected":false},"author":2,"featured_media":0,"parent":0,"menu_order":0,"comment_status":"closed","ping_status":"closed","template":"","meta":{"_uag_custom_page_level_css":"","site-sidebar-layout":"default","site-content-layout":"","ast-site-content-layout":"default","site-content-style":"default","site-sidebar-style":"default","ast-global-header-display":"","ast-banner-title-visibility":"","ast-main-header-display":"","ast-hfb-above-header-display":"","ast-hfb-below-header-display":"","ast-hfb-mobile-header-display":"","site-post-title":"","ast-breadcrumbs-content":"","ast-featured-img":"","footer-sml-layout":"","ast-disable-related-posts":"","theme-transparent-header-meta":"","adv-header-id-meta":"","stick-header-meta":"","header-above-stick-meta":"","header-main-stick-meta":"","header-below-stick-meta":"","astra-migrate-meta-layouts":"set","ast-page-background-enabled":"default","ast-page-background-meta":{"desktop":{"background-color":"","background-image":"","background-repeat":"repeat","background-position":"center center","background-size":"auto","background-attachment":"scroll","background-type":"","background-media":"","overlay-type":"","overlay-color":"","overlay-opacity":"","overlay-gradient":""},"tablet":{"background-color":"","background-image":"","background-repeat":"repeat","background-position":"center center","background-size":"auto","background-attachment":"scroll","background-type":"","background-media":"","overlay-type":"","overlay-color":"","overlay-opacity":"","overlay-gradient":""},"mobile":{"background-color":"","background-image":"","background-repeat":"repeat","background-position":"center center","background-size":"auto","background-attachment":"scroll","background-type":"","background-media":"","overlay-type":"","overlay-color":"","overlay-opacity":"","overlay-gradient":""}},"ast-content-background-meta":{"desktop":{"background-color":"var(--ast-global-color-5)","background-image":"","background-repeat":"repeat","background-position":"center center","background-size":"auto","background-attachment":"scroll","background-type":"","background-media":"","overlay-type":"","overlay-color":"","overlay-opacity":"","overlay-gradient":""},"tablet":{"background-color":"var(--ast-global-color-5)","background-image":"","background-repeat":"repeat","background-position":"center center","background-size":"auto","background-attachment":"scroll","background-type":"","background-media":"","overlay-type":"","overlay-color":"","overlay-opacity":"","overlay-gradient":""},"mobile":{"background-color":"var(--ast-global-color-5)","background-image":"","background-repeat":"repeat","background-position":"center center","background-size":"auto","background-attachment":"scroll","background-type":"","background-media":"","overlay-type":"","overlay-color":"","overlay-opacity":"","overlay-gradient":""}},"footnotes":""},"class_list":["post-2462","page","type-page","status-publish","hentry"],"uagb_featured_image_src":{"full":false,"thumbnail":false,"medium":false,"medium_large":false,"large":false,"1536x1536":false,"2048x2048":false,"trp-custom-language-flag":false,"woocommerce_thumbnail":false,"woocommerce_single":false,"woocommerce_gallery_thumbnail":false},"uagb_author_info":{"display_name":"Theodoris Smoilis","author_link":"https:\/\/greeceathenstransfers.gr\/es\/author\/teo\/"},"uagb_comment_info":0,"uagb_excerpt":"Our company\u2019s success is based on our experienced, knowledgeable, and hospitable personnel, in our top-quality, impeccably stylish vehicles and in the consistency and precision that defines the services that we provide. The smooth functioning of the services offered at Greece Athens Transfers &amp; Tours relies on the proper organization of chauffeurs and their vehicles, so&hellip;","jetpack_sharing_enabled":true,"_links":{"self":[{"href":"https:\/\/greeceathenstransfers.gr\/es\/wp-json\/wp\/v2\/pages\/2462","targetHints":{"allow":["GET"]}}],"collection":[{"href":"https:\/\/greeceathenstransfers.gr\/es\/wp-json\/wp\/v2\/pages"}],"about":[{"href":"https:\/\/greeceathenstransfers.gr\/es\/wp-json\/wp\/v2\/types\/page"}],"author":[{"embeddable":true,"href":"https:\/\/greeceathenstransfers.gr\/es\/wp-json\/wp\/v2\/users\/2"}],"replies":[{"embeddable":true,"href":"https:\/\/greeceathenstransfers.gr\/es\/wp-json\/wp\/v2\/comments?post=2462"}],"version-history":[{"count":4,"href":"https:\/\/greeceathenstransfers.gr\/es\/wp-json\/wp\/v2\/pages\/2462\/revisions"}],"predecessor-version":[{"id":3053,"href":"https:\/\/greeceathenstransfers.gr\/es\/wp-json\/wp\/v2\/pages\/2462\/revisions\/3053"}],"wp:attachment":[{"href":"https:\/\/greeceathenstransfers.gr\/es\/wp-json\/wp\/v2\/media?parent=2462"}],"curies":[{"name":"wp","href":"https:\/\/api.w.org\/{rel}","templated":true}]}}