{"id":2602,"date":"2025-12-20T16:04:17","date_gmt":"2025-12-20T16:04:17","guid":{"rendered":"https:\/\/greeceathenstransfers.gr\/?page_id=2602"},"modified":"2025-12-21T08:35:17","modified_gmt":"2025-12-21T08:35:17","slug":"be-a-partner","status":"publish","type":"page","link":"https:\/\/greeceathenstransfers.gr\/es\/be-a-partner\/","title":{"rendered":"ser un socio"},"content":{"rendered":"<div class=\"wp-block-uagb-image uagb-block-e5519e9f wp-block-uagb-image--layout-default wp-block-uagb-image--effect-static wp-block-uagb-image--align-none\"><figure class=\"wp-block-uagb-image__figure\"><img decoding=\"async\" srcset=\"https:\/\/greeceathenstransfers.gr\/wp-content\/uploads\/2025\/12\/partner-1024x819.jpg ,https:\/\/greeceathenstransfers.gr\/wp-content\/uploads\/2025\/12\/partner.jpg 780w, https:\/\/greeceathenstransfers.gr\/wp-content\/uploads\/2025\/12\/partner.jpg 360w\" sizes=\"auto, (max-width: 480px) 150px\" src=\"https:\/\/greeceathenstransfers.gr\/wp-content\/uploads\/2025\/12\/partner-1024x819.jpg\" alt=\"\" class=\"uag-image-2603\" width=\"1500\" height=\"1200\" title=\"pareja\" loading=\"lazy\" role=\"img\"\/><\/figure><\/div>\n\n\n\n<h3 class=\"wp-block-heading has-ast-global-color-0-color has-ast-global-color-8-background-color has-text-color has-background has-link-color wp-elements-c1d7e18d39a75e12967a115e2c5d5036\">\u00bfQu\u00e9 son los traslados entre Grecia y Atenas? <\/h3>\n\n\n\n<h4 class=\"wp-block-heading has-ast-global-color-0-color has-ast-global-color-8-background-color has-text-color has-background has-link-color wp-elements-bcd635b6685e174fe3e90956bc272193\">Greece Athens Transfers es una plataforma de alojamiento entre particulares que anuncia y promociona tus servicios como anfitri\u00f3n para viajeros. No te preocupes, \u00a1registrarte como anfitri\u00f3n es completamente gratis! Puedes gestionar tu propia disponibilidad y adaptarla a tu horario personal. Greece Athens Transfers tambi\u00e9n crea, gestiona y ofrece alojamiento para experiencias, tours y actividades. A continuaci\u00f3n, te explicamos c\u00f3mo puedes ser anfitri\u00f3n de tours y actividades en Grecia.<\/h4>\n\n\n\n<h3 class=\"wp-block-heading has-ast-global-color-0-color has-ast-global-color-8-background-color has-text-color has-background has-link-color wp-elements-2a3abf3d4b3a3e1cff61a9d2c6cba22f\">\u00bfQui\u00e9n puede convertirse en anfitri\u00f3n?<\/h3>\n\n\n\n<h4 class=\"wp-block-heading has-ast-global-color-0-color has-ast-global-color-8-background-color has-text-color has-background has-link-color wp-elements-eddd0c2f756ae0dfe02263f8bbffc6d2\">En Greece Athens Transfers nos encanta trabajar con locales, tanto aut\u00f3nomos como empresas, apasionados por su ciudad, su trabajo o su afici\u00f3n, y con valiosos conocimientos o una actividad \u00fanica para compartir con viajeros de todo el mundo. Por ejemplo, un gu\u00eda tur\u00edstico, una empresa de transporte, una bodega o un hotel pueden formar parte de Greece Athens Transfers. \u00bfTienes talento gastron\u00f3mico? \u00bfTe encanta tu ciudad y te encanta mostrar sus tesoros ocultos desde la perspectiva de un local? \u00bfO tienes una habilidad incre\u00edble que te encantar\u00eda compartir? Si la respuesta es \"S\u00ed\", \u00a1puedes ser anfitri\u00f3n de tours y actividades en Grecia!<br>Convi\u00e9rtete en anfitri\u00f3n de tours y actividades, simplemente creando tu propia oferta o eligiendo unirte a una experiencia CrispyLocal ya publicada.<\/h4>\n\n\n\n<h4 class=\"wp-block-heading\"><\/h4>\n\n\n\n<h3 class=\"wp-block-heading has-ast-global-color-0-color has-ast-global-color-8-background-color has-text-color has-background has-link-color wp-elements-a384c96aeeaa313ec4a434fdb4f96429\">Algunos ejemplos de hosting<\/h3>\n\n\n\n<h4 class=\"wp-block-heading has-ast-global-color-0-color has-ast-global-color-8-background-color has-text-color has-background has-link-color wp-elements-be1c89e93a0c460ad1c52b454ab2b821\">Experiencias gastron\u00f3micas: Comparte tu pasi\u00f3n por la comida con personas de todo el mundo, haz nuevos amigos y conecta. Puedes invitar a tus invitados a tu casa para una experiencia gastron\u00f3mica local o llevarlos por la ciudad y permitirles degustar la gastronom\u00eda local.<br>Recorridos por la ciudad: Muestra lo que tu ciudad tiene para ofrecer, desde lo m\u00e1s destacado hasta los barrios locales, la vibrante vida nocturna, los rincones escondidos y los lugares con arte... \u00a1t\u00fa la conoces mejor! \u00a1Crea tu propio recorrido \u00fanico! Puede ser, por ejemplo, \"El tour de grafitis definitivo en Londres\" o \"Recorrido urbano en bicicleta por \u00c1msterdam\".<br>Actividades: Involucra a tus invitados en un divertido taller o actividad que les ense\u00f1e sobre tu destino o cultura. \"Crea tu propio azulejo tradicional de Oporto\", \"Taller de fotograf\u00eda callejera en Madrid\" o \"Clases de cocina vietnamita local\" son solo algunos ejemplos de las actividades que puedes ofrecer.<br>Excursiones de un d\u00eda: Siempre hay lugares emocionantes que mostrar a las afueras de tu ciudad. Crea un itinerario y lleva a tus invitados a explorar hermosos paisajes naturales, monumentos espectaculares o las mejores bodegas. \"Excursi\u00f3n de un d\u00eda a Sounio\" o \"Disfruta de un ba\u00f1o en el lago Vouliagmeni y contempla la puesta de sol en una excursi\u00f3n culinaria en una playa cercana\".<\/h4>\n\n\n\n<h4 class=\"wp-block-heading has-ast-global-color-0-color has-ast-global-color-8-background-color has-text-color has-background has-link-color wp-elements-e51bb13face2759eb6001b199002af35\">Todas las experiencias en Greece Athens Transfers son siempre privadas. Se entiende por \"privada\" una experiencia para uno o m\u00e1s participantes que hayan planeado compartirla (por ejemplo, familia, grupo de amigos, compa\u00f1eros de trabajo, etc.).<\/h4>\n\n\n\n<h3 class=\"wp-block-heading has-ast-global-color-0-color has-ast-global-color-8-background-color has-text-color has-background has-link-color wp-elements-83b9a91043875566b9fe19c9772a53e2\">\u00bfC\u00f3mo funciona el sistema de revisi\u00f3n?<\/h3>\n\n\n\n<h4 class=\"wp-block-heading has-ast-global-color-0-color has-ast-global-color-8-background-color has-text-color has-background has-link-color wp-elements-169ccfeb82691bf194cef957aa140ff6\">Cada hu\u00e9sped tiene la oportunidad de comentar su experiencia con un anfitri\u00f3n al finalizar su reserva. \u00a1Cuantas m\u00e1s rese\u00f1as positivas recibas, m\u00e1s posibilidades tendr\u00e1s de conseguir m\u00e1s reservas!<br>El equipo de Greece Athens Transfers revisa atentamente las rese\u00f1as para garantizar la calidad de sus experiencias. Si un hu\u00e9sped tiene alguna queja, nuestro equipo se pondr\u00e1 en contacto con usted para investigar la situaci\u00f3n. Estamos aqu\u00ed para apoyar tanto a nuestros hu\u00e9spedes como a nuestros anfitriones en caso de una experiencia negativa.<br>Para garantizar la calidad de nuestras experiencias de traslados entre Grecia y Atenas, nuestro equipo puede tomar la decisi\u00f3n de cancelar la publicaci\u00f3n de un anfitri\u00f3n. En la mayor\u00eda de los casos, esto ocurre si las quejas o inquietudes de los hu\u00e9spedes se repiten.<\/h4>\n\n\n\n<h3 class=\"wp-block-heading has-ast-global-color-0-color has-ast-global-color-8-background-color has-text-color has-background has-link-color wp-elements-5f458e4fa695d135542e82e62e12e18a\">C\u00f3mo se calculan los pagos a los anfitriones<\/h3>\n\n\n\n<h4 class=\"wp-block-heading has-ast-global-color-0-color has-ast-global-color-8-background-color has-text-color has-background has-link-color wp-elements-3e783dfac27720b515ff987524752833\">Los pagos se calculan de dos maneras, seg\u00fan el plan de cooperaci\u00f3n. Para personas o empresas interesadas en ofrecer sus servicios o experiencia en un campo espec\u00edfico, por favor, contacten con:&nbsp;<a href=\"mailto:info@crispylocal.com?Subject=Mail%20From%20Crispy%20Local%20Website\">info@greeceathenstransfers.<\/a>gramo<\/h4>\n\n\n\n<h3 class=\"wp-block-heading has-ast-global-color-0-color has-ast-global-color-8-background-color has-text-color has-background has-link-color wp-elements-5772ffd7a09459c3fa2ee7bfb2c3fdb7\">Publicidad y promoci\u00f3n<\/h3>\n\n\n\n<h4 class=\"wp-block-heading has-ast-global-color-0-color has-ast-global-color-8-background-color has-text-color has-background has-link-color wp-elements-89cfd74043d426cfc5f91965e0c11dcb\">En Greece Athens Transfers utilizamos m\u00faltiples canales para promocionar todas las experiencias enumeradas y tambi\u00e9n utilizamos herramientas altamente espec\u00edficas para garantizar que el mensaje llegue a la audiencia adecuada en el per\u00edodo de tiempo deseado.<\/h4>\n\n\n\n<div class=\"wp-block-uagb-image uagb-block-f3cd662c wp-block-uagb-image--layout-default wp-block-uagb-image--effect-static wp-block-uagb-image--align-none\"><figure class=\"wp-block-uagb-image__figure\"><img decoding=\"async\" srcset=\"https:\/\/greeceathenstransfers.gr\/wp-content\/uploads\/2025\/12\/kolaz-1024x536.png ,https:\/\/greeceathenstransfers.gr\/wp-content\/uploads\/2025\/12\/kolaz.png 780w, https:\/\/greeceathenstransfers.gr\/wp-content\/uploads\/2025\/12\/kolaz.png 360w\" sizes=\"auto, (max-width: 480px) 150px\" src=\"https:\/\/greeceathenstransfers.gr\/wp-content\/uploads\/2025\/12\/kolaz-1024x536.png\" alt=\"\" class=\"uag-image-2606\" width=\"1200\" height=\"628\" title=\"collage\" loading=\"lazy\" role=\"img\"\/><\/figure><\/div>","protected":false},"excerpt":{"rendered":"<p>What is Greece Athens Transfers Greece Athens Transfers is a peer-to-peer marketplace that advertises and promotes your services as a host to travelers. Don\u2019t worry, it\u2019s completely free to sign-up as a host! You are free to manage your own availability and adjust it to your personal schedule. Greece Athens Transfers also creates, manages and [&hellip;]<\/p>\n","protected":false},"author":2,"featured_media":0,"parent":0,"menu_order":0,"comment_status":"closed","ping_status":"closed","template":"","meta":{"_uag_custom_page_level_css":"","site-sidebar-layout":"default","site-content-layout":"","ast-site-content-layout":"default","site-content-style":"default","site-sidebar-style":"default","ast-global-header-display":"","ast-banner-title-visibility":"","ast-main-header-display":"","ast-hfb-above-header-display":"","ast-hfb-below-header-display":"","ast-hfb-mobile-header-display":"","site-post-title":"","ast-breadcrumbs-content":"","ast-featured-img":"","footer-sml-layout":"","ast-disable-related-posts":"","theme-transparent-header-meta":"","adv-header-id-meta":"","stick-header-meta":"","header-above-stick-meta":"","header-main-stick-meta":"","header-below-stick-meta":"","astra-migrate-meta-layouts":"set","ast-page-background-enabled":"default","ast-page-background-meta":{"desktop":{"background-color":"","background-image":"","background-repeat":"repeat","background-position":"center center","background-size":"auto","background-attachment":"scroll","background-type":"","background-media":"","overlay-type":"","overlay-color":"","overlay-opacity":"","overlay-gradient":""},"tablet":{"background-color":"","background-image":"","background-repeat":"repeat","background-position":"center center","background-size":"auto","background-attachment":"scroll","background-type":"","background-media":"","overlay-type":"","overlay-color":"","overlay-opacity":"","overlay-gradient":""},"mobile":{"background-color":"","background-image":"","background-repeat":"repeat","background-position":"center center","background-size":"auto","background-attachment":"scroll","background-type":"","background-media":"","overlay-type":"","overlay-color":"","overlay-opacity":"","overlay-gradient":""}},"ast-content-background-meta":{"desktop":{"background-color":"var(--ast-global-color-5)","background-image":"","background-repeat":"repeat","background-position":"center center","background-size":"auto","background-attachment":"scroll","background-type":"","background-media":"","overlay-type":"","overlay-color":"","overlay-opacity":"","overlay-gradient":""},"tablet":{"background-color":"var(--ast-global-color-5)","background-image":"","background-repeat":"repeat","background-position":"center center","background-size":"auto","background-attachment":"scroll","background-type":"","background-media":"","overlay-type":"","overlay-color":"","overlay-opacity":"","overlay-gradient":""},"mobile":{"background-color":"var(--ast-global-color-5)","background-image":"","background-repeat":"repeat","background-position":"center center","background-size":"auto","background-attachment":"scroll","background-type":"","background-media":"","overlay-type":"","overlay-color":"","overlay-opacity":"","overlay-gradient":""}},"footnotes":""},"class_list":["post-2602","page","type-page","status-publish","hentry"],"uagb_featured_image_src":{"full":false,"thumbnail":false,"medium":false,"medium_large":false,"large":false,"1536x1536":false,"2048x2048":false,"trp-custom-language-flag":false,"woocommerce_thumbnail":false,"woocommerce_single":false,"woocommerce_gallery_thumbnail":false},"uagb_author_info":{"display_name":"Theodoris Smoilis","author_link":"https:\/\/greeceathenstransfers.gr\/es\/author\/teo\/"},"uagb_comment_info":0,"uagb_excerpt":"What is Greece Athens Transfers Greece Athens Transfers is a peer-to-peer marketplace that advertises and promotes your services as a host to travelers. Don\u2019t worry, it\u2019s completely free to sign-up as a host! You are free to manage your own availability and adjust it to your personal schedule. Greece Athens Transfers also creates, manages and&hellip;","jetpack_sharing_enabled":true,"_links":{"self":[{"href":"https:\/\/greeceathenstransfers.gr\/es\/wp-json\/wp\/v2\/pages\/2602","targetHints":{"allow":["GET"]}}],"collection":[{"href":"https:\/\/greeceathenstransfers.gr\/es\/wp-json\/wp\/v2\/pages"}],"about":[{"href":"https:\/\/greeceathenstransfers.gr\/es\/wp-json\/wp\/v2\/types\/page"}],"author":[{"embeddable":true,"href":"https:\/\/greeceathenstransfers.gr\/es\/wp-json\/wp\/v2\/users\/2"}],"replies":[{"embeddable":true,"href":"https:\/\/greeceathenstransfers.gr\/es\/wp-json\/wp\/v2\/comments?post=2602"}],"version-history":[{"count":4,"href":"https:\/\/greeceathenstransfers.gr\/es\/wp-json\/wp\/v2\/pages\/2602\/revisions"}],"predecessor-version":[{"id":2754,"href":"https:\/\/greeceathenstransfers.gr\/es\/wp-json\/wp\/v2\/pages\/2602\/revisions\/2754"}],"wp:attachment":[{"href":"https:\/\/greeceathenstransfers.gr\/es\/wp-json\/wp\/v2\/media?parent=2602"}],"curies":[{"name":"wp","href":"https:\/\/api.w.org\/{rel}","templated":true}]}}