{"id":807,"date":"2024-04-03T02:26:31","date_gmt":"2024-04-03T02:26:31","guid":{"rendered":"http:\/\/greeceathenstransfers.gr\/?page_id=807"},"modified":"2025-12-29T12:33:52","modified_gmt":"2025-12-29T12:33:52","slug":"privacy-policy","status":"publish","type":"page","link":"https:\/\/greeceathenstransfers.gr\/es\/privacy-policy\/","title":{"rendered":"Privacy policy"},"content":{"rendered":"<div class=\"wp-block-uagb-advanced-heading uagb-block-457c6b04\"><h2 class=\"uagb-heading-text\">pol\u00edtica de privacidad<\/h2><\/div>\n\n\n\n<p class=\"has-ast-global-color-1-color has-ast-global-color-8-background-color has-text-color has-background has-link-color wp-elements-792c3d286214232848c86803974a1595\">pol\u00edtica de privacidad <a href=\"https:\/\/greeceathenstransfers.gr\/es\/\">Greciaathenstransfers.gr<\/a> (\u00daltima actualizaci\u00f3n: 29 de diciembre de 2025)<\/p>\n\n\n\n<p class=\"has-ast-global-color-1-color has-ast-global-color-8-background-color has-text-color has-background has-link-color wp-elements-dff9df15ab6f7ecf0bd7748f22ffa430\">Hemos creado la siguiente Pol\u00edtica de Privacidad, que se aplica en todo momento al utilizar nuestro sitio web o cualquiera de nuestros servicios. Cualquier nueva funci\u00f3n o servicio que se incorpore a nuestro servicio actual en el futuro tambi\u00e9n estar\u00e1 sujeto a los t\u00e9rminos establecidos en esta Pol\u00edtica de Privacidad. En esta Pol\u00edtica de Privacidad, explicamos c\u00f3mo y por qu\u00e9 Greece Athens Transfers &amp; Tours recopila y procesa sus datos personales, actuando como responsable del tratamiento. En lo que respecta al procesamiento de datos personales, Greece Athens Transfers &amp; Tours cumple con la legislaci\u00f3n y la normativa aplicables, como el Reglamento General de Protecci\u00f3n de Datos (RGPD).<\/p>\n\n\n\n<h4 class=\"wp-block-heading has-ast-global-color-1-color has-ast-global-color-8-background-color has-text-color has-background has-link-color wp-elements-8b733f1c97971734b5d9aa3173ba3057\">1. Alcance<\/h4>\n\n\n\n<p class=\"has-ast-global-color-1-color has-ast-global-color-8-background-color has-text-color has-background has-link-color wp-elements-09686e13e76879d707dcf663d8a36ad7\">Greece Athens Transfers &amp; Tours (en adelante, \u201cGreece Athens Transfers &amp; Tours\u201d, \u201cnosotros\u201d, \u201cnos\u201d o \u201cnuestro\u201d) proporciona esta Pol\u00edtica de privacidad para informarle sobre nuestras pol\u00edticas y procedimientos con respecto a c\u00f3mo recopilamos y procesamos los datos personales que recibimos de los usuarios de <a href=\"https:\/\/greeceathenstransfers.gr\/es\/\">www.greeceathenstransfers.gr<\/a> (el \"Sitio\"), independientemente de c\u00f3mo lo use o acceda. Los datos personales son cualquier informaci\u00f3n que lo identifique directa o indirectamente. \"Directamente\" podr\u00eda ser, por ejemplo, a trav\u00e9s de un nombre. \"Indirectamente\" se refiere a la situaci\u00f3n en la que a\u00fan se le puede identificar sin su nombre mediante o combinando otra informaci\u00f3n. Un ejemplo de \"indirectamente\" es una direcci\u00f3n IP.<\/p>\n\n\n\n<h4 class=\"wp-block-heading has-ast-global-color-1-color has-ast-global-color-8-background-color has-text-color has-background has-link-color wp-elements-011e7be5f6bb9f3fbf3c6894f77f1723\">1.2 Registro<\/h4>\n\n\n\n<p class=\"has-ast-global-color-1-color has-ast-global-color-8-background-color has-text-color has-background has-link-color wp-elements-918bc65c847831d728d755141bbf9904\">Cuando se registre con nosotros a trav\u00e9s del Sitio, elija ser anfitri\u00f3n o reservar como viajero, o desee contactar con otro visitante a trav\u00e9s de nuestro Sitio, le solicitaremos datos personales que permitan identificarle y utilizarlos para contactarle (\"Informaci\u00f3n de Identidad\"). Esta informaci\u00f3n incluye, entre otros: su nombre, n\u00famero de tel\u00e9fono, direcci\u00f3n de correo electr\u00f3nico y domicilio, pero no incluye su n\u00famero de tarjeta de cr\u00e9dito ni informaci\u00f3n bancaria. En relaci\u00f3n con esta pol\u00edtica de privacidad, los t\u00e9rminos \"uso\" y \"procesamiento\" de la informaci\u00f3n incluyen, entre otros: el uso de cookies, y la recopilaci\u00f3n, el almacenamiento, la transferencia, la evaluaci\u00f3n, la eliminaci\u00f3n, la divulgaci\u00f3n, la gesti\u00f3n, el manejo, la modificaci\u00f3n y el uso de datos personales.<\/p>\n\n\n\n<h4 class=\"wp-block-heading has-ast-global-color-1-color has-ast-global-color-8-background-color has-text-color has-background has-link-color wp-elements-1e9ed335bb137bfe03c6579cd87b5727\">1.3 Aplicaci\u00f3n de la Pol\u00edtica de Privacidad<\/h4>\n\n\n\n<p class=\"has-ast-global-color-1-color has-ast-global-color-8-background-color has-text-color has-background has-link-color wp-elements-28b78bc8bed5fb3c6e3e4f077dc4ad64\">Esta Pol\u00edtica de Privacidad se aplica \u00fanicamente a los datos personales que nos proporcione a trav\u00e9s del Sitio. Nos reservamos el derecho de actualizar esta Pol\u00edtica de Privacidad peri\u00f3dicamente para reflejar cualquier cambio en nuestros servicios. Para ello, modificaremos la Pol\u00edtica de Privacidad en el Sitio. Los cambios entrar\u00e1n en vigor autom\u00e1ticamente en cuanto se publiquen en el Sitio. Adem\u00e1s, notificaremos a todos los usuarios por correo electr\u00f3nico si se produce alg\u00fan cambio sustancial en la Pol\u00edtica de Privacidad.<\/p>\n\n\n\n<h4 class=\"wp-block-heading has-ast-global-color-1-color has-ast-global-color-8-background-color has-text-color has-background has-link-color wp-elements-da07c9a62c5d6dad8926c1e5dc82917f\">2. Tratamiento de datos personales<\/h4>\n\n\n\n<p class=\"has-ast-global-color-1-color has-ast-global-color-8-background-color has-text-color has-background has-link-color wp-elements-3e215dd1285a11e7b1a79eee3203d5c9\">Podemos procesar sus datos personales para los siguientes fines: Prestaci\u00f3n de nuestros servicios. Greece Athens Transfers &amp; Tours podr\u00eda procesar sus datos personales para prestar sus servicios. Por ejemplo, procesaremos sus datos personales para crear su cuenta de Greece Athens Transfers &amp; Tours, permitirle reservar un evento y publicar rese\u00f1as en el Sitio. Para ello, Greece Athens Transfers &amp; Tours procesa los siguientes datos personales: nombre, n\u00famero de tel\u00e9fono, direcci\u00f3n de correo electr\u00f3nico, domicilio, direcci\u00f3n IP y datos del perfil de la cuenta de Greece Athens Transfers &amp; Tours. Greece Athens Transfers &amp; Tours puede procesar datos personales para este fin porque es necesario para la ejecuci\u00f3n del acuerdo contractual con los clientes.<\/p>\n\n\n\n<p class=\"has-ast-global-color-1-color has-ast-global-color-8-background-color has-text-color has-background has-link-color wp-elements-21592e3565ec76831d85868f3e696ab3\">Servicio al cliente<\/p>\n\n\n\n<p class=\"has-ast-global-color-1-color has-ast-global-color-8-background-color has-text-color has-background has-link-color wp-elements-35120585df43699318bc057f4609b7d8\">Greece Athens Transfers &amp; Tours procesa datos personales para gestionar preguntas y solicitudes. Este procesamiento es necesario para prestar nuestros servicios. Para ello, Greece Athens Transfers &amp; Tours procesa su nombre, direcci\u00f3n de correo electr\u00f3nico e informaci\u00f3n de reserva.<\/p>\n\n\n\n<p class=\"has-ast-global-color-1-color has-ast-global-color-8-background-color has-text-color has-background has-link-color wp-elements-5b24e59ec52555cef94f052d366f00d3\">Greece Athens Transfers &amp; Tours puede procesar datos personales para este prop\u00f3sito porque es necesario para el inter\u00e9s leg\u00edtimo de Greece Athens Transfers &amp; Tours (o un tercero), esencialmente para permitir que Greece Athens Transfers &amp; Tours responda adecuadamente a las preguntas y solicitudes. (Directo) marketing<\/p>\n\n\n\n<p class=\"has-ast-global-color-1-color has-ast-global-color-8-background-color has-text-color has-background has-link-color wp-elements-b6ce52ee2e34a6ae616cf3cae009cec5\">Greece Athens Transfers &amp; Tours procesa datos personales con fines de marketing directo. Esto significa que Greece Athens Transfers &amp; Tours puede contactar a sus clientes para presentarles nuestros productos. Para ello, procesamos los siguientes datos personales: comportamiento en el sitio web, direcci\u00f3n IP, direcci\u00f3n de correo electr\u00f3nico, direcci\u00f3n postal, n\u00famero de tel\u00e9fono, identificadores en l\u00ednea, informaci\u00f3n de reserva, ubicaci\u00f3n e informaci\u00f3n de la cuenta.<\/p>\n\n\n\n<p class=\"has-ast-global-color-1-color has-ast-global-color-8-background-color has-text-color has-background has-link-color wp-elements-0fa4f53f84eb9e4d8a695cdeec485dce\">Greece Athens Transfers &amp; Tours puede procesar datos personales para este fin cuando las personas hayan dado su consentimiento o cuando Greece Athens Transfers &amp; Tours tenga un inter\u00e9s leg\u00edtimo en procesarlos. Dependiendo del motivo del procesamiento (inter\u00e9s leg\u00edtimo o consentimiento), usted tiene derecho a retirar su consentimiento en cualquier momento o a oponerse al procesamiento de sus datos personales con fines de marketing directo en cualquier momento. La retirada o el ejercicio de su derecho de oposici\u00f3n no afectar\u00e1 la legalidad del procesamiento previo a la retirada o el ejercicio de dicho derecho.<\/p>\n\n\n\n<h4 class=\"wp-block-heading has-ast-global-color-1-color has-ast-global-color-8-background-color has-text-color has-background has-link-color wp-elements-14cb43271167f0bbee0415eaf2f1a5fb\">3. Categor\u00edas de destinatarios<\/h4>\n\n\n\n<p class=\"has-ast-global-color-1-color has-ast-global-color-8-background-color has-text-color has-background has-link-color wp-elements-8cd94b3abf74cbabaab74fd56e2c0e46\">Es posible que Greece Athens Transfers &amp; Tours deba revelar sus datos personales, ya sea por ley, en el contexto de litigios, procesos legales o a solicitud de autoridades p\u00fablicas o gubernamentales, tanto dentro como fuera de su pa\u00eds de residencia. Tambi\u00e9n podemos revelar su informaci\u00f3n personal si determinamos que dicha divulgaci\u00f3n es necesaria o apropiada para fines de aplicaci\u00f3n de la ley, seguridad nacional o para prevenir o detener cualquier actividad que consideremos ilegal, poco \u00e9tica o susceptible de ser procesable. Revelaremos cualquier informaci\u00f3n sobre usted a nuestros proveedores de servicios de seguros si lo consideramos necesario para proteger la propiedad y los derechos de Greece Athens Transfers &amp; Tours o de un tercero, o para proteger la seguridad p\u00fablica o de cualquier persona. Para proporcionar y mejorar nuestros servicios, compartiremos informaci\u00f3n con terceros cuando sea necesario.<\/p>\n\n\n\n<p class=\"has-ast-global-color-1-color has-ast-global-color-8-background-color has-text-color has-background has-link-color wp-elements-98aa76780d728569eccfc37de4bcf2b4\">Si realiza una reserva, Greece Athens Transfers &amp; Tours compartir\u00e1 la siguiente informaci\u00f3n sobre usted con el anfitri\u00f3n: (i) su nombre y apellidos, y (ii) un enlace a su cuenta de Greece Athens Transfers &amp; Tours. Esta informaci\u00f3n nos ayudar\u00e1 a brindarle un mejor servicio. En cuanto confirmemos la reserva, tambi\u00e9n compartiremos su n\u00famero de tel\u00e9fono con el anfitri\u00f3n. Bajo ninguna circunstancia compartiremos su informaci\u00f3n de facturaci\u00f3n con el anfitri\u00f3n. Podemos contratar a empresas e individuos externos para ayudarnos a mejorar o facilitar nuestro servicio, para que lo presten en nuestro nombre y para realizar servicios relacionados con la Plataforma, incluyendo, entre otros: servicios de mantenimiento, detecci\u00f3n de fraude, gesti\u00f3n de bases de datos, an\u00e1lisis web, supervisi\u00f3n y evaluaci\u00f3n. Estos terceros pueden tener acceso a su informaci\u00f3n personal. En caso de tenerlo, la protegemos seg\u00fan los t\u00e9rminos de nuestra Pol\u00edtica de Privacidad. Siempre puede revocar su consentimiento para la recepci\u00f3n de dichas comunicaciones enviando un correo electr\u00f3nico a\u00a0<strong>info@greeceathenstransfers.gr<\/strong><\/p>\n\n\n\n<h4 class=\"wp-block-heading has-ast-global-color-1-color has-ast-global-color-8-background-color has-text-color has-background has-link-color wp-elements-e2d7c7eba98085bad7be99ae5269dbe9\">4. Galletas<\/h4>\n\n\n\n<p class=\"has-ast-global-color-1-color has-ast-global-color-8-background-color has-text-color has-background has-link-color wp-elements-37cb9dcb2e92b1306ec747036096e3b8\">El sitio web www.greeceathenstransfers.gr utiliza cookies. Si tiene alguna pregunta sobre el uso de cookies, p\u00f3ngase en contacto con Greece Athens Transfers &amp; Tours en info@greeceathenstransfers.gr.<br><br><\/p>\n\n\n\n<h4 class=\"wp-block-heading has-ast-global-color-1-color has-ast-global-color-8-background-color has-text-color has-background has-link-color wp-elements-2e0db8c67572ce6f29ce662b5f7a39c4\">5. Sus derechos y c\u00f3mo ejercerlos<\/h4>\n\n\n\n<p class=\"has-ast-global-color-1-color has-ast-global-color-8-background-color has-text-color has-background has-link-color wp-elements-ff1c94b00bac2321e2b215bac9eb9dc6\">Respetamos el ejercicio de sus derechos en relaci\u00f3n con los datos personales que procesamos o utilizamos. En primer lugar, puede solicitar el acceso o una copia de sus datos personales recopilados y procesados \u200b\u200bpor nosotros. Tambi\u00e9n puede solicitar la rectificaci\u00f3n y eliminaci\u00f3n de estos datos o la restricci\u00f3n del procesamiento de sus datos personales. Asimismo, tiene derecho a la portabilidad de los datos. Tambi\u00e9n puede oponerse al procesamiento por motivos relacionados con su situaci\u00f3n particular o al procesamiento de sus datos personales con fines de marketing directo. Para obtener m\u00e1s informaci\u00f3n o ejercer estos derechos, p\u00f3ngase en contacto con info@greeceathenstransfers.gr.<br>Para evitar el uso indebido, podr\u00edamos solicitarle que se identifique. La ley determina si puede ejercer un derecho en una situaci\u00f3n determinada. Por lo tanto, tenga en cuenta que no siempre podremos ejercer su derecho en su totalidad.<\/p>\n\n\n\n<h4 class=\"wp-block-heading has-ast-global-color-1-color has-ast-global-color-8-background-color has-text-color has-background has-link-color wp-elements-179205f4c4944941e2ebe4ce7303d636\">6. Seguridad<\/h4>\n\n\n\n<p class=\"has-ast-global-color-1-color has-ast-global-color-8-background-color has-text-color has-background has-link-color wp-elements-6de154ef548c1604c1a64aee101576f8\">Nos tomamos la seguridad muy en serio. En Greece Athens Transfers &amp; Tours nos preocupamos por la protecci\u00f3n de su informaci\u00f3n. Adoptamos las medidas t\u00e9cnicas y organizativas necesarias para proteger sus datos personales. El Sitio utiliza un certificado SSL fiable para garantizar que sus datos personales no caigan en manos indebidas. En caso de cualquier violaci\u00f3n de seguridad, Greece Athens Transfers &amp; Tours le informar\u00e1 legalmente sobre la violaci\u00f3n y la confidencialidad o integridad de sus datos personales no cifrados almacenados electr\u00f3nicamente, por correo electr\u00f3nico o mediante una publicaci\u00f3n en el Sitio, sin demora injustificada, siempre que sea compatible con las necesidades leg\u00edtimas de las fuerzas del orden y con las medidas necesarias para determinar el alcance de la violaci\u00f3n y salvaguardar la integridad de los datos.<\/p>\n\n\n\n<h4 class=\"wp-block-heading has-ast-global-color-1-color has-ast-global-color-8-background-color has-text-color has-background has-link-color wp-elements-e2fa608f1f1b90eec7cfe2209851fc6d\">7. Periodos de conservaci\u00f3n<\/h4>\n\n\n\n<p class=\"has-ast-global-color-1-color has-ast-global-color-8-background-color has-text-color has-background has-link-color wp-elements-364d49b622d601794d3c149a65f496c3\">No conservamos sus datos personales m\u00e1s tiempo del necesario para el prop\u00f3sito del procesamiento. Para obtener m\u00e1s detalles, comun\u00edquese con info@greeceathenstransfers.gr<br><br><\/p>\n\n\n\n<h4 class=\"wp-block-heading has-ast-global-color-1-color has-ast-global-color-8-background-color has-text-color has-background has-link-color wp-elements-ffea3560f13565bad7f279d440e4dea6\">8. Preguntas o quejas<\/h4>\n\n\n\n<p class=\"has-ast-global-color-1-color has-ast-global-color-8-background-color has-text-color has-background has-link-color wp-elements-a30c59cb32659e06776b0e869cedac50\">Si tiene alguna pregunta o queja sobre el procesamiento de sus datos personales, env\u00ede un correo electr\u00f3nico a info@greeceathenstransfers.gr<br>Nuestro equipo estar\u00e1 encantado de ayudarle.<\/p>\n\n\n\n<h4 class=\"wp-block-heading has-ast-global-color-1-color has-ast-global-color-8-background-color has-text-color has-background has-link-color wp-elements-a7dc9e4ce34c98a7e4a1559b71682a7f\">9. Informaci\u00f3n de contacto de traslados y tours en Atenas, Grecia<\/h4>\n\n\n\n<p class=\"has-ast-global-color-1-color has-ast-global-color-8-background-color has-text-color has-background has-link-color wp-elements-41bf4c4063f1a9c7e854b125130d6dd9\">Traslados y tours en Atenas, Grecia. Direcci\u00f3n: Chatzikiriakou 122, 18538 El Pireo, Grecia. Tel\u00e9fono: <strong>(+30) 6986691729<\/strong> o <strong>(+30) 6986506178<\/strong><\/p>\n\n\n\n<p class=\"has-ast-global-color-1-color has-ast-global-color-8-background-color has-text-color has-background has-link-color wp-elements-11b7b0bd8378c54b8128f0c239378826\">Correo electr\u00f3nico: info@greeceathenstransfers.gr<\/p>\n\n\n\n<p><\/p>\n\n\n\n<p class=\"has-ast-global-color-1-color has-ast-global-color-8-background-color has-text-color has-background has-link-color wp-elements-0c152a327a9876a9bedf4b9e109eff20\"><\/p>\n\n\n\n<p><\/p>","protected":false},"excerpt":{"rendered":"<p>Privacy Policy Privacy Policy Greeceathenstransfers.gr (last updated: December 29, 2025) We have created the following Privacy Policy which applies at all times when using our website and \/ or any of our services. Any new features and\/or services that are added to our current service at any point in the future shall also be subject [&hellip;]<\/p>\n","protected":false},"author":1,"featured_media":0,"parent":0,"menu_order":0,"comment_status":"closed","ping_status":"closed","template":"","meta":{"_uag_custom_page_level_css":"","site-sidebar-layout":"default","site-content-layout":"","ast-site-content-layout":"default","site-content-style":"default","site-sidebar-style":"default","ast-global-header-display":"","ast-banner-title-visibility":"","ast-main-header-display":"","ast-hfb-above-header-display":"","ast-hfb-below-header-display":"","ast-hfb-mobile-header-display":"","site-post-title":"disabled","ast-breadcrumbs-content":"","ast-featured-img":"","footer-sml-layout":"","ast-disable-related-posts":"","theme-transparent-header-meta":"","adv-header-id-meta":"","stick-header-meta":"","header-above-stick-meta":"","header-main-stick-meta":"","header-below-stick-meta":"","astra-migrate-meta-layouts":"set","ast-page-background-enabled":"default","ast-page-background-meta":{"desktop":{"background-color":"","background-image":"","background-repeat":"repeat","background-position":"center center","background-size":"auto","background-attachment":"scroll","background-type":"","background-media":"","overlay-type":"","overlay-color":"","overlay-opacity":"","overlay-gradient":""},"tablet":{"background-color":"","background-image":"","background-repeat":"repeat","background-position":"center center","background-size":"auto","background-attachment":"scroll","background-type":"","background-media":"","overlay-type":"","overlay-color":"","overlay-opacity":"","overlay-gradient":""},"mobile":{"background-color":"","background-image":"","background-repeat":"repeat","background-position":"center center","background-size":"auto","background-attachment":"scroll","background-type":"","background-media":"","overlay-type":"","overlay-color":"","overlay-opacity":"","overlay-gradient":""}},"ast-content-background-meta":{"desktop":{"background-color":"var(--ast-global-color-5)","background-image":"","background-repeat":"repeat","background-position":"center center","background-size":"auto","background-attachment":"scroll","background-type":"","background-media":"","overlay-type":"","overlay-color":"","overlay-opacity":"","overlay-gradient":""},"tablet":{"background-color":"var(--ast-global-color-5)","background-image":"","background-repeat":"repeat","background-position":"center center","background-size":"auto","background-attachment":"scroll","background-type":"","background-media":"","overlay-type":"","overlay-color":"","overlay-opacity":"","overlay-gradient":""},"mobile":{"background-color":"var(--ast-global-color-5)","background-image":"","background-repeat":"repeat","background-position":"center center","background-size":"auto","background-attachment":"scroll","background-type":"","background-media":"","overlay-type":"","overlay-color":"","overlay-opacity":"","overlay-gradient":""}},"footnotes":""},"class_list":["post-807","page","type-page","status-publish","hentry"],"uagb_featured_image_src":{"full":false,"thumbnail":false,"medium":false,"medium_large":false,"large":false,"1536x1536":false,"2048x2048":false,"trp-custom-language-flag":false,"woocommerce_thumbnail":false,"woocommerce_single":false,"woocommerce_gallery_thumbnail":false},"uagb_author_info":{"display_name":"admin","author_link":"https:\/\/greeceathenstransfers.gr\/es\/author\/gatat\/"},"uagb_comment_info":0,"uagb_excerpt":"Privacy Policy Privacy Policy Greeceathenstransfers.gr (last updated: December 29, 2025) We have created the following Privacy Policy which applies at all times when using our website and \/ or any of our services. Any new features and\/or services that are added to our current service at any point in the future shall also be subject&hellip;","jetpack_sharing_enabled":true,"_links":{"self":[{"href":"https:\/\/greeceathenstransfers.gr\/es\/wp-json\/wp\/v2\/pages\/807","targetHints":{"allow":["GET"]}}],"collection":[{"href":"https:\/\/greeceathenstransfers.gr\/es\/wp-json\/wp\/v2\/pages"}],"about":[{"href":"https:\/\/greeceathenstransfers.gr\/es\/wp-json\/wp\/v2\/types\/page"}],"author":[{"embeddable":true,"href":"https:\/\/greeceathenstransfers.gr\/es\/wp-json\/wp\/v2\/users\/1"}],"replies":[{"embeddable":true,"href":"https:\/\/greeceathenstransfers.gr\/es\/wp-json\/wp\/v2\/comments?post=807"}],"version-history":[{"count":15,"href":"https:\/\/greeceathenstransfers.gr\/es\/wp-json\/wp\/v2\/pages\/807\/revisions"}],"predecessor-version":[{"id":3055,"href":"https:\/\/greeceathenstransfers.gr\/es\/wp-json\/wp\/v2\/pages\/807\/revisions\/3055"}],"wp:attachment":[{"href":"https:\/\/greeceathenstransfers.gr\/es\/wp-json\/wp\/v2\/media?parent=807"}],"curies":[{"name":"wp","href":"https:\/\/api.w.org\/{rel}","templated":true}]}}