{"id":1665,"date":"2025-12-07T15:45:11","date_gmt":"2025-12-07T15:45:11","guid":{"rendered":"https:\/\/greeceathenstransfers.gr\/?page_id=1665"},"modified":"2026-01-09T17:29:59","modified_gmt":"2026-01-09T17:29:59","slug":"athens-tours","status":"publish","type":"page","link":"https:\/\/greeceathenstransfers.gr\/fr\/athens-tours\/","title":{"rendered":"Visites priv\u00e9es d'une demi-journ\u00e9e \u00e0 Ath\u00e8nes"},"content":{"rendered":"<div class=\"wp-block-uagb-container uagb-block-f2c4f90f alignfull uagb-is-root-container\"><div class=\"uagb-container-inner-blocks-wrap\">\n<div class=\"wp-block-uagb-container uagb-block-2264b062\">\n<div class=\"wp-block-uagb-image alignleft uagb-block-c062e8a8 wp-block-uagb-image--layout-default wp-block-uagb-image--effect-static wp-block-uagb-image--align-left\"><figure class=\"wp-block-uagb-image__figure\"><a class=\"\" href=\"https:\/\/greeceathenstransfers.gr\/fr\/tour\/marathon-battle-and-marathon-olympic-run-half-day-tour\/\" target=\"\" rel=\"noopener\"><img decoding=\"async\" srcset=\"https:\/\/greeceathenstransfers.gr\/wp-content\/uploads\/2025\/12\/ac-2.jpg ,https:\/\/greeceathenstransfers.gr\/wp-content\/uploads\/2025\/12\/ac-2.jpg 780w, https:\/\/greeceathenstransfers.gr\/wp-content\/uploads\/2025\/12\/ac-2.jpg 360w\" sizes=\"auto, (max-width: 480px) 150px\" src=\"https:\/\/greeceathenstransfers.gr\/wp-content\/uploads\/2025\/12\/ac-2.jpg\" alt=\"\" class=\"uag-image-1987\" width=\"330\" height=\"260\" title=\"et\" loading=\"lazy\" role=\"img\"\/><\/a><\/figure><\/div>\n\n\n\n<div class=\"wp-block-uagb-advanced-heading uagb-block-594d941c\"><h6 class=\"uagb-heading-text\">Marathon Battle et Marathon Olympic Run - Excursion d'une demi-journ\u00e9e<\/h6><\/div>\n\n\n\n<div class=\"wp-block-uagb-buttons uagb-buttons__outer-wrap uagb-btn__default-btn uagb-btn-tablet__default-btn uagb-btn-mobile__default-btn uagb-block-e6a403dd\"><div class=\"uagb-buttons__wrap uagb-buttons-layout-wrap\">\n<div class=\"wp-block-uagb-buttons-child uagb-buttons__outer-wrap uagb-block-5c7fa872 wp-block-button\"><div class=\"uagb-button__wrapper\"><a class=\"uagb-buttons-repeater wp-block-button__link\" aria-label=\"\" href=\"https:\/\/greeceathenstransfers.gr\/fr\/tour\/marathon-battle-and-marathon-olympic-run-half-day-tour\/\" rel=\"follow noopener\" target=\"_self\" role=\"button\"><div class=\"uagb-button__link\">Lire la suite et r\u00e9server<\/div><span class=\"uagb-button__icon uagb-button__icon-position-after\"><svg xmlns=\"https:\/\/www.w3.org\/2000\/svg\" viewbox=\"0 0 320 512\" aria-hidden=\"true\" focussable=\"false\"><path d=\"M96 480c-8.188 0-16.38-3.125-22.62-9.375c-12.5-12.5-12.5-32.75 0-45.25L242.8 256L73.38 86.63c-12.5-12.5-12.5-32.75 0-45.25s32.75-12.5 45.25 0l192 192c12.5 12.5 12.5 32.75 0 45.25l-192 192C112.4 476.9 104.2 480 96 480z\"><\/path><\/svg><\/span><\/a><\/div><\/div>\n<\/div><\/div>\n<\/div>\n\n\n\n<div class=\"wp-block-uagb-container uagb-block-79e3a518\">\n<div class=\"wp-block-uagb-image alignleft uagb-block-05a41a3a wp-block-uagb-image--layout-default wp-block-uagb-image--effect-static wp-block-uagb-image--align-left\"><figure class=\"wp-block-uagb-image__figure\"><a class=\"\" href=\"https:\/\/greeceathenstransfers.gr\/fr\/tour\/ancient-corinth-and-canal-private-tour-from-athens\/\" target=\"\" rel=\"noopener\"><img decoding=\"async\" srcset=\"https:\/\/greeceathenstransfers.gr\/wp-content\/uploads\/2025\/12\/caption-15.jpg ,https:\/\/greeceathenstransfers.gr\/wp-content\/uploads\/2025\/12\/caption-15.jpg 780w, https:\/\/greeceathenstransfers.gr\/wp-content\/uploads\/2025\/12\/caption-15.jpg 360w\" sizes=\"auto, (max-width: 480px) 150px\" src=\"https:\/\/greeceathenstransfers.gr\/wp-content\/uploads\/2025\/12\/caption-15.jpg\" alt=\"\" class=\"uag-image-2064\" width=\"330\" height=\"260\" title=\"l\u00e9gende (15)\" loading=\"lazy\" role=\"img\"\/><\/a><\/figure><\/div>\n\n\n\n<div class=\"wp-block-uagb-advanced-heading uagb-block-a8188a6a\"><h6 class=\"uagb-heading-text\">Visite priv\u00e9e de la Corinthe antique et des canaux au d\u00e9part d'Ath\u00e8nes<\/h6><\/div>\n\n\n\n<div class=\"wp-block-uagb-buttons uagb-buttons__outer-wrap uagb-btn__default-btn uagb-btn-tablet__default-btn uagb-btn-mobile__default-btn uagb-block-07be16f7\"><div class=\"uagb-buttons__wrap uagb-buttons-layout-wrap\">\n<div class=\"wp-block-uagb-buttons-child uagb-buttons__outer-wrap uagb-block-795d918e wp-block-button\"><div class=\"uagb-button__wrapper\"><a class=\"uagb-buttons-repeater wp-block-button__link\" aria-label=\"\" href=\"https:\/\/greeceathenstransfers.gr\/fr\/tour\/ancient-corinth-and-canal-private-tour-from-athens\/\" rel=\"follow noopener\" target=\"_self\" role=\"button\"><div class=\"uagb-button__link\">Lire la suite et r\u00e9server<\/div><span class=\"uagb-button__icon uagb-button__icon-position-after\"><svg xmlns=\"https:\/\/www.w3.org\/2000\/svg\" viewbox=\"0 0 320 512\" aria-hidden=\"true\" focussable=\"false\"><path d=\"M96 480c-8.188 0-16.38-3.125-22.62-9.375c-12.5-12.5-12.5-32.75 0-45.25L242.8 256L73.38 86.63c-12.5-12.5-12.5-32.75 0-45.25s32.75-12.5 45.25 0l192 192c12.5 12.5 12.5 32.75 0 45.25l-192 192C112.4 476.9 104.2 480 96 480z\"><\/path><\/svg><\/span><\/a><\/div><\/div>\n<\/div><\/div>\n<\/div>\n\n\n\n<div class=\"wp-block-uagb-container uagb-block-49e0485c\">\n<div class=\"wp-block-uagb-image alignleft uagb-block-647da955 wp-block-uagb-image--layout-default wp-block-uagb-image--effect-static wp-block-uagb-image--align-left\"><figure class=\"wp-block-uagb-image__figure\"><a class=\"\" href=\"https:\/\/greeceathenstransfers.gr\/fr\/tour\/ancient-corinth-corinth-canal-olive-oil-heritage-experience\/\" target=\"\" rel=\"noopener\"><img decoding=\"async\" srcset=\"https:\/\/greeceathenstransfers.gr\/wp-content\/uploads\/2025\/12\/prva-fotka.jpg ,https:\/\/greeceathenstransfers.gr\/wp-content\/uploads\/2025\/12\/prva-fotka.jpg 780w, https:\/\/greeceathenstransfers.gr\/wp-content\/uploads\/2025\/12\/prva-fotka.jpg 360w\" sizes=\"auto, (max-width: 480px) 150px\" src=\"https:\/\/greeceathenstransfers.gr\/wp-content\/uploads\/2025\/12\/prva-fotka.jpg\" alt=\"\" class=\"uag-image-2877\" width=\"329\" height=\"260\" title=\"premi\u00e8re photo\" loading=\"lazy\" role=\"img\"\/><\/a><\/figure><\/div>\n\n\n\n<div class=\"wp-block-uagb-advanced-heading uagb-block-33ce26e9\"><h6 class=\"uagb-heading-text\">Corinthe antique, canal de Corinthe et patrimoine de l'huile d'olive<\/h6><\/div>\n\n\n\n<div class=\"wp-block-uagb-buttons uagb-buttons__outer-wrap uagb-btn__default-btn uagb-btn-tablet__default-btn uagb-btn-mobile__default-btn uagb-block-bdda0cbe\"><div class=\"uagb-buttons__wrap uagb-buttons-layout-wrap\">\n<div class=\"wp-block-uagb-buttons-child uagb-buttons__outer-wrap uagb-block-359a9cb4 wp-block-button\"><div class=\"uagb-button__wrapper\"><a class=\"uagb-buttons-repeater wp-block-button__link\" aria-label=\"\" href=\"https:\/\/greeceathenstransfers.gr\/fr\/tour\/ancient-corinth-corinth-canal-olive-oil-heritage-experience\/\" rel=\"follow noopener\" target=\"_self\" role=\"button\"><div class=\"uagb-button__link\">Lire la suite et r\u00e9server<\/div><span class=\"uagb-button__icon uagb-button__icon-position-after\"><svg xmlns=\"https:\/\/www.w3.org\/2000\/svg\" viewbox=\"0 0 320 512\" aria-hidden=\"true\" focussable=\"false\"><path d=\"M96 480c-8.188 0-16.38-3.125-22.62-9.375c-12.5-12.5-12.5-32.75 0-45.25L242.8 256L73.38 86.63c-12.5-12.5-12.5-32.75 0-45.25s32.75-12.5 45.25 0l192 192c12.5 12.5 12.5 32.75 0 45.25l-192 192C112.4 476.9 104.2 480 96 480z\"><\/path><\/svg><\/span><\/a><\/div><\/div>\n<\/div><\/div>\n<\/div>\n<\/div><\/div>\n\n\n\n<div class=\"wp-block-uagb-container uagb-block-9de15679 alignfull uagb-is-root-container\"><div class=\"uagb-container-inner-blocks-wrap\">\n<div class=\"wp-block-uagb-container uagb-block-948fbdca\">\n<div class=\"wp-block-uagb-image alignleft uagb-block-39b24f78 wp-block-uagb-image--layout-default wp-block-uagb-image--effect-static wp-block-uagb-image--align-left\"><figure class=\"wp-block-uagb-image__figure\"><a class=\"\" href=\"https:\/\/greeceathenstransfers.gr\/fr\/tour\/parnitha-forest-experience-cable-car-casino-traditional-tastes\/\" target=\"\" rel=\"noopener\"><img decoding=\"async\" srcset=\"https:\/\/greeceathenstransfers.gr\/wp-content\/uploads\/2025\/12\/KOKKINO-ELAFI.jpg ,https:\/\/greeceathenstransfers.gr\/wp-content\/uploads\/2025\/12\/KOKKINO-ELAFI.jpg 780w, https:\/\/greeceathenstransfers.gr\/wp-content\/uploads\/2025\/12\/KOKKINO-ELAFI.jpg 360w\" sizes=\"auto, (max-width: 480px) 150px\" src=\"https:\/\/greeceathenstransfers.gr\/wp-content\/uploads\/2025\/12\/KOKKINO-ELAFI.jpg\" alt=\"\" class=\"uag-image-3101\" width=\"330\" height=\"260\" title=\"ROUGE-ELAFI\" loading=\"lazy\" role=\"img\"\/><\/a><\/figure><\/div>\n\n\n\n<div class=\"wp-block-uagb-advanced-heading uagb-block-2d93fef9\"><h6 class=\"uagb-heading-text\">Exp\u00e9rience en for\u00eat de Parnitha\u00a0: t\u00e9l\u00e9ph\u00e9rique, casino et saveurs traditionnelles<\/h6><\/div>\n\n\n\n<div class=\"wp-block-uagb-buttons uagb-buttons__outer-wrap uagb-btn__default-btn uagb-btn-tablet__default-btn uagb-btn-mobile__default-btn uagb-block-b862148e\"><div class=\"uagb-buttons__wrap uagb-buttons-layout-wrap\">\n<div class=\"wp-block-uagb-buttons-child uagb-buttons__outer-wrap uagb-block-ed3416dd wp-block-button\"><div class=\"uagb-button__wrapper\"><a class=\"uagb-buttons-repeater wp-block-button__link\" aria-label=\"\" href=\"https:\/\/greeceathenstransfers.gr\/fr\/tour\/parnitha-forest-experience-cable-car-casino-traditional-tastes\/\" rel=\"follow noopener\" target=\"_self\" role=\"button\"><div class=\"uagb-button__link\">Lire la suite et r\u00e9server<\/div><span class=\"uagb-button__icon uagb-button__icon-position-after\"><svg xmlns=\"https:\/\/www.w3.org\/2000\/svg\" viewbox=\"0 0 320 512\" aria-hidden=\"true\" focussable=\"false\"><path d=\"M96 480c-8.188 0-16.38-3.125-22.62-9.375c-12.5-12.5-12.5-32.75 0-45.25L242.8 256L73.38 86.63c-12.5-12.5-12.5-32.75 0-45.25s32.75-12.5 45.25 0l192 192c12.5 12.5 12.5 32.75 0 45.25l-192 192C112.4 476.9 104.2 480 96 480z\"><\/path><\/svg><\/span><\/a><\/div><\/div>\n<\/div><\/div>\n<\/div>\n\n\n\n<div class=\"wp-block-uagb-container uagb-block-33f47cf9\">\n<div class=\"wp-block-uagb-image alignleft uagb-block-3676ef84 wp-block-uagb-image--layout-default wp-block-uagb-image--effect-static wp-block-uagb-image--align-left\"><figure class=\"wp-block-uagb-image__figure\"><a class=\"\" href=\"https:\/\/greeceathenstransfers.gr\/fr\/tour\/athens-byzantine-private-tour\/\" target=\"\" rel=\"noopener\"><img decoding=\"async\" srcset=\"https:\/\/greeceathenstransfers.gr\/wp-content\/uploads\/2025\/12\/016b345d38c04977b76137426935d0bca56f846bc5f731681aad2901dc30cc40.avif ,https:\/\/greeceathenstransfers.gr\/wp-content\/uploads\/2025\/12\/016b345d38c04977b76137426935d0bca56f846bc5f731681aad2901dc30cc40.avif 780w, https:\/\/greeceathenstransfers.gr\/wp-content\/uploads\/2025\/12\/016b345d38c04977b76137426935d0bca56f846bc5f731681aad2901dc30cc40.avif 360w\" sizes=\"auto, (max-width: 480px) 150px\" src=\"https:\/\/greeceathenstransfers.gr\/wp-content\/uploads\/2025\/12\/016b345d38c04977b76137426935d0bca56f846bc5f731681aad2901dc30cc40.avif\" alt=\"\" class=\"uag-image-2977\" width=\"330\" height=\"260\" title=\"016b345d38c04977b76137426935d0bca56f846bc5f731681aad2901dc30cc40\" loading=\"lazy\" role=\"img\"\/><\/a><\/figure><\/div>\n\n\n\n<div class=\"wp-block-uagb-advanced-heading uagb-block-8a13ba23\"><h6 class=\"uagb-heading-text\">Visite priv\u00e9e des sites byzantins d'Ath\u00e8nes : D\u00e9couvrez les sites byzantins<\/h6><\/div>\n\n\n\n<div class=\"wp-block-uagb-buttons uagb-buttons__outer-wrap uagb-btn__default-btn uagb-btn-tablet__default-btn uagb-btn-mobile__default-btn uagb-block-3c0412f0\"><div class=\"uagb-buttons__wrap uagb-buttons-layout-wrap\">\n<div class=\"wp-block-uagb-buttons-child uagb-buttons__outer-wrap uagb-block-b383f6c0 wp-block-button\"><div class=\"uagb-button__wrapper\"><a class=\"uagb-buttons-repeater wp-block-button__link\" aria-label=\"\" href=\"https:\/\/greeceathenstransfers.gr\/fr\/tour\/athens-byzantine-private-tour\/\" rel=\"follow noopener\" target=\"_self\" role=\"button\"><div class=\"uagb-button__link\">Lire la suite et r\u00e9server<\/div><span class=\"uagb-button__icon uagb-button__icon-position-after\"><svg xmlns=\"https:\/\/www.w3.org\/2000\/svg\" viewbox=\"0 0 320 512\" aria-hidden=\"true\" focussable=\"false\"><path d=\"M96 480c-8.188 0-16.38-3.125-22.62-9.375c-12.5-12.5-12.5-32.75 0-45.25L242.8 256L73.38 86.63c-12.5-12.5-12.5-32.75 0-45.25s32.75-12.5 45.25 0l192 192c12.5 12.5 12.5 32.75 0 45.25l-192 192C112.4 476.9 104.2 480 96 480z\"><\/path><\/svg><\/span><\/a><\/div><\/div>\n<\/div><\/div>\n<\/div>\n\n\n\n<div class=\"wp-block-uagb-container uagb-block-32b4d6cc\">\n<div class=\"wp-block-uagb-image alignleft uagb-block-1ba882c8 wp-block-uagb-image--layout-default wp-block-uagb-image--effect-static wp-block-uagb-image--align-left\"><figure class=\"wp-block-uagb-image__figure\"><a class=\"\" href=\"https:\/\/greeceathenstransfers.gr\/fr\/tour\/thermopylae-battlefield-private-half-day-tour-from-athens\/\" target=\"\" rel=\"noopener\"><img decoding=\"async\" srcset=\"https:\/\/greeceathenstransfers.gr\/wp-content\/uploads\/2025\/12\/0a.jpg ,https:\/\/greeceathenstransfers.gr\/wp-content\/uploads\/2025\/12\/0a.jpg 780w, https:\/\/greeceathenstransfers.gr\/wp-content\/uploads\/2025\/12\/0a.jpg 360w\" sizes=\"auto, (max-width: 480px) 150px\" src=\"https:\/\/greeceathenstransfers.gr\/wp-content\/uploads\/2025\/12\/0a.jpg\" alt=\"\" class=\"uag-image-2494\" width=\"329\" height=\"260\" title=\"0a\" loading=\"lazy\" role=\"img\"\/><\/a><\/figure><\/div>\n\n\n\n<div class=\"wp-block-uagb-advanced-heading uagb-block-dfd7d4b6\"><h6 class=\"uagb-heading-text\">Excursion priv\u00e9e d'une demi-journ\u00e9e au champ de bataille des Thermopyles au d\u00e9part d'Ath\u00e8nes<\/h6><\/div>\n\n\n\n<div class=\"wp-block-uagb-buttons uagb-buttons__outer-wrap uagb-btn__default-btn uagb-btn-tablet__default-btn uagb-btn-mobile__default-btn uagb-block-02d9e25d\"><div class=\"uagb-buttons__wrap uagb-buttons-layout-wrap\">\n<div class=\"wp-block-uagb-buttons-child uagb-buttons__outer-wrap uagb-block-11693c1b wp-block-button\"><div class=\"uagb-button__wrapper\"><a class=\"uagb-buttons-repeater wp-block-button__link\" aria-label=\"\" href=\"https:\/\/greeceathenstransfers.gr\/fr\/tour\/thermopylae-battlefield-private-half-day-tour-from-athens\/\" rel=\"follow noopener\" target=\"_self\" role=\"button\"><div class=\"uagb-button__link\">Lire la suite et r\u00e9server<\/div><span class=\"uagb-button__icon uagb-button__icon-position-after\"><svg xmlns=\"https:\/\/www.w3.org\/2000\/svg\" viewbox=\"0 0 320 512\" aria-hidden=\"true\" focussable=\"false\"><path d=\"M96 480c-8.188 0-16.38-3.125-22.62-9.375c-12.5-12.5-12.5-32.75 0-45.25L242.8 256L73.38 86.63c-12.5-12.5-12.5-32.75 0-45.25s32.75-12.5 45.25 0l192 192c12.5 12.5 12.5 32.75 0 45.25l-192 192C112.4 476.9 104.2 480 96 480z\"><\/path><\/svg><\/span><\/a><\/div><\/div>\n<\/div><\/div>\n<\/div>\n<\/div><\/div>\n\n\n\n<div class=\"wp-block-uagb-container uagb-block-e5ccd9ff alignfull uagb-is-root-container\"><div class=\"uagb-container-inner-blocks-wrap\">\n<div class=\"wp-block-uagb-container uagb-block-673f24cc\">\n<div class=\"wp-block-uagb-image alignleft uagb-block-8fa50bef wp-block-uagb-image--layout-default wp-block-uagb-image--effect-static wp-block-uagb-image--align-left\"><figure class=\"wp-block-uagb-image__figure\"><a class=\"\" href=\"https:\/\/greeceathenstransfers.gr\/fr\/tour\/ancient-corinth-corinth-canal-nemea-wine-experience\/\" target=\"\" rel=\"noopener\"><img decoding=\"async\" srcset=\"https:\/\/greeceathenstransfers.gr\/wp-content\/uploads\/2025\/12\/1b-2.jpg ,https:\/\/greeceathenstransfers.gr\/wp-content\/uploads\/2025\/12\/1b-2.jpg 780w, https:\/\/greeceathenstransfers.gr\/wp-content\/uploads\/2025\/12\/1b-2.jpg 360w\" sizes=\"auto, (max-width: 480px) 150px\" src=\"https:\/\/greeceathenstransfers.gr\/wp-content\/uploads\/2025\/12\/1b-2.jpg\" alt=\"\" class=\"uag-image-2890\" width=\"330\" height=\"260\" title=\"1b\" loading=\"lazy\" role=\"img\"\/><\/a><\/figure><\/div>\n\n\n\n<div class=\"wp-block-uagb-advanced-heading uagb-block-3e50beab\"><h6 class=\"uagb-heading-text\">D\u00e9couverte des vignobles de N\u00e9m\u00e9e et visite priv\u00e9e de Corinthe au d\u00e9part d'Ath\u00e8nes<br><\/h6><\/div>\n\n\n\n<div class=\"wp-block-uagb-buttons uagb-buttons__outer-wrap uagb-btn__default-btn uagb-btn-tablet__default-btn uagb-btn-mobile__default-btn uagb-block-3b456b42\"><div class=\"uagb-buttons__wrap uagb-buttons-layout-wrap\">\n<div class=\"wp-block-uagb-buttons-child uagb-buttons__outer-wrap uagb-block-9aa0a48a wp-block-button\"><div class=\"uagb-button__wrapper\"><a class=\"uagb-buttons-repeater wp-block-button__link\" aria-label=\"\" href=\"https:\/\/greeceathenstransfers.gr\/fr\/tour\/ancient-corinth-corinth-canal-nemea-wine-experience\/\" rel=\"follow noopener\" target=\"_self\" role=\"button\"><div class=\"uagb-button__link\">Lire la suite et r\u00e9server<\/div><span class=\"uagb-button__icon uagb-button__icon-position-after\"><svg xmlns=\"https:\/\/www.w3.org\/2000\/svg\" viewbox=\"0 0 320 512\" aria-hidden=\"true\" focussable=\"false\"><path d=\"M96 480c-8.188 0-16.38-3.125-22.62-9.375c-12.5-12.5-12.5-32.75 0-45.25L242.8 256L73.38 86.63c-12.5-12.5-12.5-32.75 0-45.25s32.75-12.5 45.25 0l192 192c12.5 12.5 12.5 32.75 0 45.25l-192 192C112.4 476.9 104.2 480 96 480z\"><\/path><\/svg><\/span><\/a><\/div><\/div>\n<\/div><\/div>\n<\/div>\n<\/div><\/div>\n\n\n\n<p><\/p>","protected":false},"excerpt":{"rendered":"<p>Marathon Battle and Marathon Olympic Run Half Day Tour Ancient Corinth and Canal Private Tour from Athens Ancient Corinth, Corinth Canal &amp; Olive Oil Heritage Experience Parnitha Forest Experience: Cable Car, Casino &amp; Traditional Tastes Athens Byzantine Private Tour: Discover the Byzantine Sites Thermopylae Battlefield Private Half Day Tour from Athens Nemea Wineland Experience &amp; [&hellip;]<\/p>\n","protected":false},"author":2,"featured_media":0,"parent":0,"menu_order":0,"comment_status":"closed","ping_status":"closed","template":"","meta":{"_uag_custom_page_level_css":"","site-sidebar-layout":"default","site-content-layout":"","ast-site-content-layout":"default","site-content-style":"default","site-sidebar-style":"default","ast-global-header-display":"","ast-banner-title-visibility":"","ast-main-header-display":"","ast-hfb-above-header-display":"","ast-hfb-below-header-display":"","ast-hfb-mobile-header-display":"","site-post-title":"","ast-breadcrumbs-content":"","ast-featured-img":"","footer-sml-layout":"","ast-disable-related-posts":"","theme-transparent-header-meta":"","adv-header-id-meta":"","stick-header-meta":"","header-above-stick-meta":"","header-main-stick-meta":"","header-below-stick-meta":"","astra-migrate-meta-layouts":"set","ast-page-background-enabled":"default","ast-page-background-meta":{"desktop":{"background-color":"","background-image":"","background-repeat":"repeat","background-position":"center center","background-size":"auto","background-attachment":"scroll","background-type":"","background-media":"","overlay-type":"","overlay-color":"","overlay-opacity":"","overlay-gradient":""},"tablet":{"background-color":"","background-image":"","background-repeat":"repeat","background-position":"center center","background-size":"auto","background-attachment":"scroll","background-type":"","background-media":"","overlay-type":"","overlay-color":"","overlay-opacity":"","overlay-gradient":""},"mobile":{"background-color":"","background-image":"","background-repeat":"repeat","background-position":"center center","background-size":"auto","background-attachment":"scroll","background-type":"","background-media":"","overlay-type":"","overlay-color":"","overlay-opacity":"","overlay-gradient":""}},"ast-content-background-meta":{"desktop":{"background-color":"var(--ast-global-color-5)","background-image":"","background-repeat":"repeat","background-position":"center center","background-size":"auto","background-attachment":"scroll","background-type":"","background-media":"","overlay-type":"","overlay-color":"","overlay-opacity":"","overlay-gradient":""},"tablet":{"background-color":"var(--ast-global-color-5)","background-image":"","background-repeat":"repeat","background-position":"center center","background-size":"auto","background-attachment":"scroll","background-type":"","background-media":"","overlay-type":"","overlay-color":"","overlay-opacity":"","overlay-gradient":""},"mobile":{"background-color":"var(--ast-global-color-5)","background-image":"","background-repeat":"repeat","background-position":"center center","background-size":"auto","background-attachment":"scroll","background-type":"","background-media":"","overlay-type":"","overlay-color":"","overlay-opacity":"","overlay-gradient":""}},"footnotes":""},"class_list":["post-1665","page","type-page","status-publish","hentry"],"uagb_featured_image_src":{"full":false,"thumbnail":false,"medium":false,"medium_large":false,"large":false,"1536x1536":false,"2048x2048":false,"trp-custom-language-flag":false,"woocommerce_thumbnail":false,"woocommerce_single":false,"woocommerce_gallery_thumbnail":false},"uagb_author_info":{"display_name":"Theodoris Smoilis","author_link":"https:\/\/greeceathenstransfers.gr\/fr\/author\/teo\/"},"uagb_comment_info":0,"uagb_excerpt":"Marathon Battle and Marathon Olympic Run Half Day Tour Ancient Corinth and Canal Private Tour from Athens Ancient Corinth, Corinth Canal &amp; Olive Oil Heritage Experience Parnitha Forest Experience: Cable Car, Casino &amp; Traditional Tastes Athens Byzantine Private Tour: Discover the Byzantine Sites Thermopylae Battlefield Private Half Day Tour from Athens Nemea Wineland Experience &amp;\u2026","jetpack_sharing_enabled":true,"_links":{"self":[{"href":"https:\/\/greeceathenstransfers.gr\/fr\/wp-json\/wp\/v2\/pages\/1665","targetHints":{"allow":["GET"]}}],"collection":[{"href":"https:\/\/greeceathenstransfers.gr\/fr\/wp-json\/wp\/v2\/pages"}],"about":[{"href":"https:\/\/greeceathenstransfers.gr\/fr\/wp-json\/wp\/v2\/types\/page"}],"author":[{"embeddable":true,"href":"https:\/\/greeceathenstransfers.gr\/fr\/wp-json\/wp\/v2\/users\/2"}],"replies":[{"embeddable":true,"href":"https:\/\/greeceathenstransfers.gr\/fr\/wp-json\/wp\/v2\/comments?post=1665"}],"version-history":[{"count":18,"href":"https:\/\/greeceathenstransfers.gr\/fr\/wp-json\/wp\/v2\/pages\/1665\/revisions"}],"predecessor-version":[{"id":3437,"href":"https:\/\/greeceathenstransfers.gr\/fr\/wp-json\/wp\/v2\/pages\/1665\/revisions\/3437"}],"wp:attachment":[{"href":"https:\/\/greeceathenstransfers.gr\/fr\/wp-json\/wp\/v2\/media?parent=1665"}],"curies":[{"name":"wp","href":"https:\/\/api.w.org\/{rel}","templated":true}]}}