{"id":2462,"date":"2025-12-17T15:59:32","date_gmt":"2025-12-17T15:59:32","guid":{"rendered":"https:\/\/greeceathenstransfers.gr\/?page_id=2462"},"modified":"2025-12-29T12:28:00","modified_gmt":"2025-12-29T12:28:00","slug":"cancelation-policy","status":"publish","type":"page","link":"https:\/\/greeceathenstransfers.gr\/fr\/cancelation-policy\/","title":{"rendered":"politique d'annulation"},"content":{"rendered":"<p class=\"has-ast-global-color-1-color has-ast-global-color-8-background-color has-text-color has-background has-link-color wp-elements-3706c95806358a0f4952cefcb389fc70\">Le succ\u00e8s de notre entreprise repose sur notre personnel exp\u00e9riment\u00e9, comp\u00e9tent et accueillant, sur nos v\u00e9hicules de haute qualit\u00e9 et d'un style impeccable, ainsi que sur la constance et la pr\u00e9cision qui caract\u00e9risent les services que nous offrons.<\/p>\n\n\n\n<p class=\"has-ast-global-color-1-color has-ast-global-color-8-background-color has-text-color has-background has-link-color wp-elements-6178a257daeddaba83454baf8d1f553b\">Le bon fonctionnement des services propos\u00e9s par Greece Athens Transfers &amp; Tours repose sur une organisation rigoureuse des chauffeurs et de leurs v\u00e9hicules, afin qu'ils arrivent \u00e0 leurs rendez-vous \u00e0 l'heure et sans retard. Pour ce faire, nous demandons \u00e0 nos clients d'\u00eatre pr\u00e9cis lors de la saisie de leurs informations de r\u00e9servation, notamment en fournissant des informations d'arriv\u00e9e claires et exactes, et de nous informer imm\u00e9diatement de tout changement d'heure d'arriv\u00e9e ou autre d\u00e9tail, afin que nous puissions adapter les plannings de nos chauffeurs en cons\u00e9quence.<\/p>\n\n\n\n<p class=\"has-ast-global-color-1-color has-ast-global-color-8-background-color has-text-color has-background has-link-color wp-elements-53ff13a33a671dab1259e94eed8f787e\">\u00c0 d\u00e9faut, notre soci\u00e9t\u00e9 sera contrainte d'appliquer les conditions g\u00e9n\u00e9rales \u00e9tablies pour assurer son bon fonctionnement, et qui sont d\u00e9taill\u00e9es sur le site web de notre soci\u00e9t\u00e9.<\/p>\n\n\n\n<ul class=\"wp-block-list has-ast-global-color-1-color has-ast-global-color-8-background-color has-text-color has-background has-link-color wp-elements-932e7c943e99e4e5f3331389b7d45d1a\">\n<li><strong>Vous pouvez annuler jusqu'\u00e0 24 heures avant l'exp\u00e9rience pour obtenir un remboursement int\u00e9gral.<\/strong><\/li>\n\n\n\n<li><strong>Si vous annulez moins de 24 heures avant le d\u00e9but de l'activit\u00e9, le montant pay\u00e9 ne sera pas rembours\u00e9.<\/strong><\/li>\n\n\n\n<li><strong>Aucune modification effectu\u00e9e moins de 24 heures avant le d\u00e9but de l'exp\u00e9rience ne sera accept\u00e9e.<\/strong><\/li>\n<\/ul>\n\n\n\n<p class=\"has-ast-global-color-1-color has-ast-global-color-8-background-color has-text-color has-background has-link-color wp-elements-b746eabcccce16335291c13cbd3435c2\"><strong>Dans tous les autres cas, vous n'avez droit \u00e0 aucun remboursement.<\/strong><\/p>\n\n\n\n<p class=\"has-ast-global-color-1-color has-ast-global-color-8-background-color has-text-color has-background has-link-color wp-elements-344a5989cb7ed3ff990991dac7bb7ea0\">Tous les paiements sont trait\u00e9s selon le mode de paiement choisi lors de la r\u00e9servation. Veuillez noter que des frais d'annulation PayPal s'appliquent en cas de remboursement.<\/p>\n\n\n\n<p><\/p>\n\n\n\n<p><\/p>","protected":false},"excerpt":{"rendered":"<p>Our company\u2019s success is based on our experienced, knowledgeable, and hospitable personnel, in our top-quality, impeccably stylish vehicles and in the consistency and precision that defines the services that we provide. The smooth functioning of the services offered at Greece Athens Transfers &amp; Tours relies on the proper organization of chauffeurs and their vehicles, so [&hellip;]<\/p>\n","protected":false},"author":2,"featured_media":0,"parent":0,"menu_order":0,"comment_status":"closed","ping_status":"closed","template":"","meta":{"_uag_custom_page_level_css":"","site-sidebar-layout":"default","site-content-layout":"","ast-site-content-layout":"default","site-content-style":"default","site-sidebar-style":"default","ast-global-header-display":"","ast-banner-title-visibility":"","ast-main-header-display":"","ast-hfb-above-header-display":"","ast-hfb-below-header-display":"","ast-hfb-mobile-header-display":"","site-post-title":"","ast-breadcrumbs-content":"","ast-featured-img":"","footer-sml-layout":"","ast-disable-related-posts":"","theme-transparent-header-meta":"","adv-header-id-meta":"","stick-header-meta":"","header-above-stick-meta":"","header-main-stick-meta":"","header-below-stick-meta":"","astra-migrate-meta-layouts":"set","ast-page-background-enabled":"default","ast-page-background-meta":{"desktop":{"background-color":"","background-image":"","background-repeat":"repeat","background-position":"center center","background-size":"auto","background-attachment":"scroll","background-type":"","background-media":"","overlay-type":"","overlay-color":"","overlay-opacity":"","overlay-gradient":""},"tablet":{"background-color":"","background-image":"","background-repeat":"repeat","background-position":"center center","background-size":"auto","background-attachment":"scroll","background-type":"","background-media":"","overlay-type":"","overlay-color":"","overlay-opacity":"","overlay-gradient":""},"mobile":{"background-color":"","background-image":"","background-repeat":"repeat","background-position":"center center","background-size":"auto","background-attachment":"scroll","background-type":"","background-media":"","overlay-type":"","overlay-color":"","overlay-opacity":"","overlay-gradient":""}},"ast-content-background-meta":{"desktop":{"background-color":"var(--ast-global-color-5)","background-image":"","background-repeat":"repeat","background-position":"center center","background-size":"auto","background-attachment":"scroll","background-type":"","background-media":"","overlay-type":"","overlay-color":"","overlay-opacity":"","overlay-gradient":""},"tablet":{"background-color":"var(--ast-global-color-5)","background-image":"","background-repeat":"repeat","background-position":"center center","background-size":"auto","background-attachment":"scroll","background-type":"","background-media":"","overlay-type":"","overlay-color":"","overlay-opacity":"","overlay-gradient":""},"mobile":{"background-color":"var(--ast-global-color-5)","background-image":"","background-repeat":"repeat","background-position":"center center","background-size":"auto","background-attachment":"scroll","background-type":"","background-media":"","overlay-type":"","overlay-color":"","overlay-opacity":"","overlay-gradient":""}},"footnotes":""},"class_list":["post-2462","page","type-page","status-publish","hentry"],"uagb_featured_image_src":{"full":false,"thumbnail":false,"medium":false,"medium_large":false,"large":false,"1536x1536":false,"2048x2048":false,"trp-custom-language-flag":false,"woocommerce_thumbnail":false,"woocommerce_single":false,"woocommerce_gallery_thumbnail":false},"uagb_author_info":{"display_name":"Theodoris Smoilis","author_link":"https:\/\/greeceathenstransfers.gr\/fr\/author\/teo\/"},"uagb_comment_info":0,"uagb_excerpt":"Our company\u2019s success is based on our experienced, knowledgeable, and hospitable personnel, in our top-quality, impeccably stylish vehicles and in the consistency and precision that defines the services that we provide. The smooth functioning of the services offered at Greece Athens Transfers &amp; Tours relies on the proper organization of chauffeurs and their vehicles, so\u2026","jetpack_sharing_enabled":true,"_links":{"self":[{"href":"https:\/\/greeceathenstransfers.gr\/fr\/wp-json\/wp\/v2\/pages\/2462","targetHints":{"allow":["GET"]}}],"collection":[{"href":"https:\/\/greeceathenstransfers.gr\/fr\/wp-json\/wp\/v2\/pages"}],"about":[{"href":"https:\/\/greeceathenstransfers.gr\/fr\/wp-json\/wp\/v2\/types\/page"}],"author":[{"embeddable":true,"href":"https:\/\/greeceathenstransfers.gr\/fr\/wp-json\/wp\/v2\/users\/2"}],"replies":[{"embeddable":true,"href":"https:\/\/greeceathenstransfers.gr\/fr\/wp-json\/wp\/v2\/comments?post=2462"}],"version-history":[{"count":4,"href":"https:\/\/greeceathenstransfers.gr\/fr\/wp-json\/wp\/v2\/pages\/2462\/revisions"}],"predecessor-version":[{"id":3053,"href":"https:\/\/greeceathenstransfers.gr\/fr\/wp-json\/wp\/v2\/pages\/2462\/revisions\/3053"}],"wp:attachment":[{"href":"https:\/\/greeceathenstransfers.gr\/fr\/wp-json\/wp\/v2\/media?parent=2462"}],"curies":[{"name":"wp","href":"https:\/\/api.w.org\/{rel}","templated":true}]}}