{"id":2602,"date":"2025-12-20T16:04:17","date_gmt":"2025-12-20T16:04:17","guid":{"rendered":"https:\/\/greeceathenstransfers.gr\/?page_id=2602"},"modified":"2025-12-21T08:35:17","modified_gmt":"2025-12-21T08:35:17","slug":"be-a-partner","status":"publish","type":"page","link":"https:\/\/greeceathenstransfers.gr\/fr\/be-a-partner\/","title":{"rendered":"\u00eatre partenaire"},"content":{"rendered":"<div class=\"wp-block-uagb-image uagb-block-e5519e9f wp-block-uagb-image--layout-default wp-block-uagb-image--effect-static wp-block-uagb-image--align-none\"><figure class=\"wp-block-uagb-image__figure\"><img decoding=\"async\" srcset=\"https:\/\/greeceathenstransfers.gr\/wp-content\/uploads\/2025\/12\/partner-1024x819.jpg ,https:\/\/greeceathenstransfers.gr\/wp-content\/uploads\/2025\/12\/partner.jpg 780w, https:\/\/greeceathenstransfers.gr\/wp-content\/uploads\/2025\/12\/partner.jpg 360w\" sizes=\"auto, (max-width: 480px) 150px\" src=\"https:\/\/greeceathenstransfers.gr\/wp-content\/uploads\/2025\/12\/partner-1024x819.jpg\" alt=\"\" class=\"uag-image-2603\" width=\"1500\" height=\"1200\" title=\"partenaire\" loading=\"lazy\" role=\"img\"\/><\/figure><\/div>\n\n\n\n<h3 class=\"wp-block-heading has-ast-global-color-0-color has-ast-global-color-8-background-color has-text-color has-background has-link-color wp-elements-c1d7e18d39a75e12967a115e2c5d5036\">Qu'est-ce que les transferts \u00e0 Ath\u00e8nes en Gr\u00e8ce ? <\/h3>\n\n\n\n<h4 class=\"wp-block-heading has-ast-global-color-0-color has-ast-global-color-8-background-color has-text-color has-background has-link-color wp-elements-bcd635b6685e174fe3e90956bc272193\">Greece Athens Transfers est une plateforme de mise en relation entre particuliers qui vous permet de proposer vos services d'h\u00f4te aux voyageurs. L'inscription est enti\u00e8rement gratuite\u00a0! Vous g\u00e9rez vos disponibilit\u00e9s en toute libert\u00e9 et les adaptez \u00e0 votre emploi du temps. Greece Athens Transfers cr\u00e9e, g\u00e8re et propose \u00e9galement des exp\u00e9riences, des visites et des activit\u00e9s. D\u00e9couvrez ci-dessous comment devenir h\u00f4te pour des visites et des activit\u00e9s en Gr\u00e8ce.<\/h4>\n\n\n\n<h3 class=\"wp-block-heading has-ast-global-color-0-color has-ast-global-color-8-background-color has-text-color has-background has-link-color wp-elements-2a3abf3d4b3a3e1cff61a9d2c6cba22f\">Qui peut devenir h\u00f4te<\/h3>\n\n\n\n<h4 class=\"wp-block-heading has-ast-global-color-0-color has-ast-global-color-8-background-color has-text-color has-background has-link-color wp-elements-eddd0c2f756ae0dfe02263f8bbffc6d2\">Greece Athens Transfers adore collaborer avec des locaux, ind\u00e9pendants ou entreprises, passionn\u00e9s par leur ville, leur travail ou leurs loisirs, et qui poss\u00e8dent des connaissances pr\u00e9cieuses et\/ou une activit\u00e9 unique \u00e0 partager avec les voyageurs du monde entier. Guide touristique, soci\u00e9t\u00e9 de transport, domaine viticole, h\u00f4tel\u2026 tous peuvent rejoindre Greece Athens Transfers. Fin gourmet, vous aimez votre ville et r\u00eavez de d\u00e9voiler ses tr\u00e9sors cach\u00e9s \u00e0 travers le regard d'un local\u00a0? Vous avez un talent exceptionnel que vous aimeriez partager\u00a0? Si la r\u00e9ponse est \u00ab\u00a0oui\u00a0\u00bb, alors devenez guide pour des visites et des activit\u00e9s en Gr\u00e8ce\u00a0!<br>Devenez h\u00f4te pour des visites et des activit\u00e9s, en cr\u00e9ant simplement votre propre offre ou en choisissant de rejoindre une exp\u00e9rience CrispyLocal d\u00e9j\u00e0 r\u00e9pertori\u00e9e.<\/h4>\n\n\n\n<h4 class=\"wp-block-heading\"><\/h4>\n\n\n\n<h3 class=\"wp-block-heading has-ast-global-color-0-color has-ast-global-color-8-background-color has-text-color has-background has-link-color wp-elements-a384c96aeeaa313ec4a434fdb4f96429\">Quelques exemples d'h\u00e9bergement<\/h3>\n\n\n\n<h4 class=\"wp-block-heading has-ast-global-color-0-color has-ast-global-color-8-background-color has-text-color has-background has-link-color wp-elements-be1c89e93a0c460ad1c52b454ab2b821\">Exp\u00e9riences culinaires\u00a0: Partagez votre passion pour la gastronomie avec des personnes du monde entier, faites de nouvelles rencontres et tissez des liens. Vous pouvez inviter des convives chez vous pour une exp\u00e9rience gastronomique locale ou leur faire d\u00e9couvrir la ville et ses sp\u00e9cialit\u00e9s.<br>Visites guid\u00e9es\u00a0: Faites d\u00e9couvrir les atouts de votre ville, des incontournables aux quartiers populaires, en passant par une vie nocturne anim\u00e9e, des recoins secrets et des lieux artistiques \u2013 vous la connaissez mieux que personne\u00a0! Cr\u00e9ez votre propre circuit unique\u00a0! Par exemple\u00a0: \u00ab\u00a0Le circuit graffiti ultime \u00e0 Londres\u00a0\u00bb ou \u00ab\u00a0Visite urbaine \u00e0 v\u00e9lo d\u2019Amsterdam\u00a0\u00bb.<br>Activit\u00e9s\u00a0: Impliquez vos invit\u00e9s dans un atelier ou une activit\u00e9 ludique qui leur fera d\u00e9couvrir votre destination ou votre culture. \u00ab\u00a0Fabrication de fa\u00efences traditionnelles de Porto\u00a0\u00bb, \u00ab\u00a0Atelier de photographie de rue \u00e0 Madrid\u00a0\u00bb ou \u00ab\u00a0Cours de cuisine vietnamienne locale\u00a0\u00bb ne sont que quelques exemples d\u2019activit\u00e9s que vous pouvez proposer.<br>Excursions \u00e0 la journ\u00e9e\u00a0: Il y a toujours des endroits passionnants \u00e0 d\u00e9couvrir aux portes de votre ville. Pr\u00e9parez un itin\u00e9raire et emmenez vos invit\u00e9s explorer de magnifiques sites naturels, des monuments spectaculaires ou les meilleurs vignobles. \u00ab\u00a0Excursion d\u2019une journ\u00e9e au lac Sounion\u00a0\u00bb ou \u00ab\u00a0Baignade dans le lac Vouliagmeni et coucher de soleil lors d\u2019une escapade gourmande sur une plage \u00e0 proximit\u00e9\u00a0\u00bb.<\/h4>\n\n\n\n<h4 class=\"wp-block-heading has-ast-global-color-0-color has-ast-global-color-8-background-color has-text-color has-background has-link-color wp-elements-e51bb13face2759eb6001b199002af35\">Toutes les exp\u00e9riences propos\u00e9es par Greece Athens Transfers sont toujours priv\u00e9es. Une exp\u00e9rience priv\u00e9e signifie qu'elle est r\u00e9serv\u00e9e \u00e0 une ou plusieurs personnes ayant pr\u00e9vu de la partager ensemble (famille, groupe d'amis, coll\u00e8gues, etc.).<\/h4>\n\n\n\n<h3 class=\"wp-block-heading has-ast-global-color-0-color has-ast-global-color-8-background-color has-text-color has-background has-link-color wp-elements-83b9a91043875566b9fe19c9772a53e2\">Comment fonctionne le syst\u00e8me d'\u00e9valuation\u00a0?<\/h3>\n\n\n\n<h4 class=\"wp-block-heading has-ast-global-color-0-color has-ast-global-color-8-background-color has-text-color has-background has-link-color wp-elements-169ccfeb82691bf194cef957aa140ff6\">Chaque voyageur a la possibilit\u00e9 de partager son exp\u00e9rience avec l'h\u00f4te \u00e0 la fin de son s\u00e9jour. Plus vous recevez d'avis positifs, plus vous avez de chances d'obtenir de nouvelles r\u00e9servations\u00a0!<br>L'\u00e9quipe de Greece Athens Transfers suit attentivement les avis afin de garantir la qualit\u00e9 de vos transferts. En cas de r\u00e9clamation, notre \u00e9quipe vous contactera pour examiner la situation. Nous sommes l\u00e0 pour accompagner nos clients et nos h\u00f4tes en cas d'exp\u00e9rience n\u00e9gative.<br>Afin de garantir la qualit\u00e9 de nos transferts depuis Ath\u00e8nes, notre \u00e9quipe se r\u00e9serve le droit de retirer le profil d'un h\u00f4te. Cette d\u00e9cision intervient g\u00e9n\u00e9ralement en cas de plaintes ou de probl\u00e8mes r\u00e9currents de la part des voyageurs.<\/h4>\n\n\n\n<h3 class=\"wp-block-heading has-ast-global-color-0-color has-ast-global-color-8-background-color has-text-color has-background has-link-color wp-elements-5f458e4fa695d135542e82e62e12e18a\">Comment sont calcul\u00e9s les paiements aux h\u00f4tes<\/h3>\n\n\n\n<h4 class=\"wp-block-heading has-ast-global-color-0-color has-ast-global-color-8-background-color has-text-color has-background has-link-color wp-elements-3e783dfac27720b515ff987524752833\">Les paiements sont calcul\u00e9s de deux mani\u00e8res, selon le plan de coop\u00e9ration. Les personnes physiques ou morales int\u00e9ress\u00e9es \u00e0 proposer leurs services et\/ou leur expertise dans un domaine donn\u00e9 sont pri\u00e9es de contacter\u00a0:&nbsp;<a href=\"mailto:info@crispylocal.com?Subject=Mail%20From%20Crispy%20Local%20Website\">info@greeceathenstransfers.<\/a>gr<\/h4>\n\n\n\n<h3 class=\"wp-block-heading has-ast-global-color-0-color has-ast-global-color-8-background-color has-text-color has-background has-link-color wp-elements-5772ffd7a09459c3fa2ee7bfb2c3fdb7\">Publicit\u00e9 et promotion<\/h3>\n\n\n\n<h4 class=\"wp-block-heading has-ast-global-color-0-color has-ast-global-color-8-background-color has-text-color has-background has-link-color wp-elements-89cfd74043d426cfc5f91965e0c11dcb\">Chez Greece Athens Transfers, nous utilisons de multiples canaux pour promouvoir toutes les exp\u00e9riences list\u00e9es et nous utilisons \u00e9galement des outils hautement cibl\u00e9s pour garantir que le message atteigne le bon public au moment voulu.<\/h4>\n\n\n\n<div class=\"wp-block-uagb-image uagb-block-f3cd662c wp-block-uagb-image--layout-default wp-block-uagb-image--effect-static wp-block-uagb-image--align-none\"><figure class=\"wp-block-uagb-image__figure\"><img decoding=\"async\" srcset=\"https:\/\/greeceathenstransfers.gr\/wp-content\/uploads\/2025\/12\/kolaz-1024x536.png ,https:\/\/greeceathenstransfers.gr\/wp-content\/uploads\/2025\/12\/kolaz.png 780w, https:\/\/greeceathenstransfers.gr\/wp-content\/uploads\/2025\/12\/kolaz.png 360w\" sizes=\"auto, (max-width: 480px) 150px\" src=\"https:\/\/greeceathenstransfers.gr\/wp-content\/uploads\/2025\/12\/kolaz-1024x536.png\" alt=\"\" class=\"uag-image-2606\" width=\"1200\" height=\"628\" title=\"collage\" loading=\"lazy\" role=\"img\"\/><\/figure><\/div>","protected":false},"excerpt":{"rendered":"<p>What is Greece Athens Transfers Greece Athens Transfers is a peer-to-peer marketplace that advertises and promotes your services as a host to travelers. Don\u2019t worry, it\u2019s completely free to sign-up as a host! You are free to manage your own availability and adjust it to your personal schedule. Greece Athens Transfers also creates, manages and [&hellip;]<\/p>\n","protected":false},"author":2,"featured_media":0,"parent":0,"menu_order":0,"comment_status":"closed","ping_status":"closed","template":"","meta":{"_uag_custom_page_level_css":"","site-sidebar-layout":"default","site-content-layout":"","ast-site-content-layout":"default","site-content-style":"default","site-sidebar-style":"default","ast-global-header-display":"","ast-banner-title-visibility":"","ast-main-header-display":"","ast-hfb-above-header-display":"","ast-hfb-below-header-display":"","ast-hfb-mobile-header-display":"","site-post-title":"","ast-breadcrumbs-content":"","ast-featured-img":"","footer-sml-layout":"","ast-disable-related-posts":"","theme-transparent-header-meta":"","adv-header-id-meta":"","stick-header-meta":"","header-above-stick-meta":"","header-main-stick-meta":"","header-below-stick-meta":"","astra-migrate-meta-layouts":"set","ast-page-background-enabled":"default","ast-page-background-meta":{"desktop":{"background-color":"","background-image":"","background-repeat":"repeat","background-position":"center center","background-size":"auto","background-attachment":"scroll","background-type":"","background-media":"","overlay-type":"","overlay-color":"","overlay-opacity":"","overlay-gradient":""},"tablet":{"background-color":"","background-image":"","background-repeat":"repeat","background-position":"center center","background-size":"auto","background-attachment":"scroll","background-type":"","background-media":"","overlay-type":"","overlay-color":"","overlay-opacity":"","overlay-gradient":""},"mobile":{"background-color":"","background-image":"","background-repeat":"repeat","background-position":"center center","background-size":"auto","background-attachment":"scroll","background-type":"","background-media":"","overlay-type":"","overlay-color":"","overlay-opacity":"","overlay-gradient":""}},"ast-content-background-meta":{"desktop":{"background-color":"var(--ast-global-color-5)","background-image":"","background-repeat":"repeat","background-position":"center center","background-size":"auto","background-attachment":"scroll","background-type":"","background-media":"","overlay-type":"","overlay-color":"","overlay-opacity":"","overlay-gradient":""},"tablet":{"background-color":"var(--ast-global-color-5)","background-image":"","background-repeat":"repeat","background-position":"center center","background-size":"auto","background-attachment":"scroll","background-type":"","background-media":"","overlay-type":"","overlay-color":"","overlay-opacity":"","overlay-gradient":""},"mobile":{"background-color":"var(--ast-global-color-5)","background-image":"","background-repeat":"repeat","background-position":"center center","background-size":"auto","background-attachment":"scroll","background-type":"","background-media":"","overlay-type":"","overlay-color":"","overlay-opacity":"","overlay-gradient":""}},"footnotes":""},"class_list":["post-2602","page","type-page","status-publish","hentry"],"uagb_featured_image_src":{"full":false,"thumbnail":false,"medium":false,"medium_large":false,"large":false,"1536x1536":false,"2048x2048":false,"trp-custom-language-flag":false,"woocommerce_thumbnail":false,"woocommerce_single":false,"woocommerce_gallery_thumbnail":false},"uagb_author_info":{"display_name":"Theodoris Smoilis","author_link":"https:\/\/greeceathenstransfers.gr\/fr\/author\/teo\/"},"uagb_comment_info":0,"uagb_excerpt":"What is Greece Athens Transfers Greece Athens Transfers is a peer-to-peer marketplace that advertises and promotes your services as a host to travelers. Don\u2019t worry, it\u2019s completely free to sign-up as a host! You are free to manage your own availability and adjust it to your personal schedule. Greece Athens Transfers also creates, manages and\u2026","jetpack_sharing_enabled":true,"_links":{"self":[{"href":"https:\/\/greeceathenstransfers.gr\/fr\/wp-json\/wp\/v2\/pages\/2602","targetHints":{"allow":["GET"]}}],"collection":[{"href":"https:\/\/greeceathenstransfers.gr\/fr\/wp-json\/wp\/v2\/pages"}],"about":[{"href":"https:\/\/greeceathenstransfers.gr\/fr\/wp-json\/wp\/v2\/types\/page"}],"author":[{"embeddable":true,"href":"https:\/\/greeceathenstransfers.gr\/fr\/wp-json\/wp\/v2\/users\/2"}],"replies":[{"embeddable":true,"href":"https:\/\/greeceathenstransfers.gr\/fr\/wp-json\/wp\/v2\/comments?post=2602"}],"version-history":[{"count":4,"href":"https:\/\/greeceathenstransfers.gr\/fr\/wp-json\/wp\/v2\/pages\/2602\/revisions"}],"predecessor-version":[{"id":2754,"href":"https:\/\/greeceathenstransfers.gr\/fr\/wp-json\/wp\/v2\/pages\/2602\/revisions\/2754"}],"wp:attachment":[{"href":"https:\/\/greeceathenstransfers.gr\/fr\/wp-json\/wp\/v2\/media?parent=2602"}],"curies":[{"name":"wp","href":"https:\/\/api.w.org\/{rel}","templated":true}]}}