{"id":3204,"date":"2026-01-04T18:52:34","date_gmt":"2026-01-04T18:52:34","guid":{"rendered":"https:\/\/greeceathenstransfers.gr\/?page_id=3204"},"modified":"2026-03-16T12:31:19","modified_gmt":"2026-03-16T12:31:19","slug":"sport-activities","status":"publish","type":"page","link":"https:\/\/greeceathenstransfers.gr\/fr\/sport-activities\/","title":{"rendered":"Activit\u00e9s sportives"},"content":{"rendered":"<div class=\"wp-block-uagb-container uagb-block-f2c4f90f alignfull uagb-is-root-container\"><div class=\"uagb-container-inner-blocks-wrap\">\n<div class=\"wp-block-uagb-container uagb-block-79e3a518\">\n<div class=\"wp-block-uagb-image alignleft uagb-block-05a41a3a wp-block-uagb-image--layout-default wp-block-uagb-image--effect-static wp-block-uagb-image--align-left\"><figure class=\"wp-block-uagb-image__figure\"><a class=\"\" href=\"https:\/\/greeceathenstransfers.gr\/fr\/tour\/discover-scuba-diving-athenian-riviera\/\" target=\"\" rel=\"noopener\"><img decoding=\"async\" srcset=\"https:\/\/greeceathenstransfers.gr\/wp-content\/uploads\/2026\/01\/pontikonisi.webp ,https:\/\/greeceathenstransfers.gr\/wp-content\/uploads\/2026\/01\/pontikonisi.webp 780w, https:\/\/greeceathenstransfers.gr\/wp-content\/uploads\/2026\/01\/pontikonisi.webp 360w\" sizes=\"auto, (max-width: 480px) 150px\" src=\"https:\/\/greeceathenstransfers.gr\/wp-content\/uploads\/2026\/01\/pontikonisi.webp\" alt=\"\" class=\"uag-image-3156\" width=\"330\" height=\"260\" title=\"ponticonisi\" loading=\"lazy\" role=\"img\"\/><\/a><\/figure><\/div>\n\n\n\n<div class=\"wp-block-uagb-advanced-heading uagb-block-a8188a6a\"><h6 class=\"uagb-heading-text\">D\u00e9couvrez la plong\u00e9e sous-marine sur la Riviera ath\u00e9nienne<br><\/h6><\/div>\n\n\n\n<div class=\"wp-block-uagb-buttons uagb-buttons__outer-wrap uagb-btn__default-btn uagb-btn-tablet__default-btn uagb-btn-mobile__default-btn uagb-block-07be16f7\"><div class=\"uagb-buttons__wrap uagb-buttons-layout-wrap\">\n<div class=\"wp-block-uagb-buttons-child uagb-buttons__outer-wrap uagb-block-795d918e wp-block-button\"><div class=\"uagb-button__wrapper\"><a class=\"uagb-buttons-repeater wp-block-button__link\" aria-label=\"\" href=\"https:\/\/greeceathenstransfers.gr\/fr\/tour\/discover-scuba-diving-athenian-riviera\/\" rel=\"follow noopener\" target=\"_self\" role=\"button\"><div class=\"uagb-button__link\">Lire la suite et r\u00e9server <\/div><span class=\"uagb-button__icon uagb-button__icon-position-after\"><svg xmlns=\"https:\/\/www.w3.org\/2000\/svg\" viewbox=\"0 0 320 512\" aria-hidden=\"true\" focussable=\"false\"><path d=\"M96 480c-8.188 0-16.38-3.125-22.62-9.375c-12.5-12.5-12.5-32.75 0-45.25L242.8 256L73.38 86.63c-12.5-12.5-12.5-32.75 0-45.25s32.75-12.5 45.25 0l192 192c12.5 12.5 12.5 32.75 0 45.25l-192 192C112.4 476.9 104.2 480 96 480z\"><\/path><\/svg><\/span><\/a><\/div><\/div>\n<\/div><\/div>\n<\/div>\n\n\n\n<div class=\"wp-block-uagb-container uagb-block-43b6a487\">\n<div class=\"wp-block-uagb-image alignleft uagb-block-9ef7fe13 wp-block-uagb-image--layout-default wp-block-uagb-image--effect-static wp-block-uagb-image--align-left\"><figure class=\"wp-block-uagb-image__figure\"><a class=\"\" href=\"https:\/\/greeceathenstransfers.gr\/fr\/tour\/bungee-jumping-day-trip-in-canal-of-corinth\/\" target=\"\" rel=\"noopener\"><img decoding=\"async\" srcset=\"https:\/\/greeceathenstransfers.gr\/wp-content\/uploads\/2026\/01\/Bungee-Jumping-Corinth-Canal-\u2013-Private-Tour-from-Athens-1024x576.webp ,https:\/\/greeceathenstransfers.gr\/wp-content\/uploads\/2026\/01\/Bungee-Jumping-Corinth-Canal-\u2013-Private-Tour-from-Athens.webp 780w, https:\/\/greeceathenstransfers.gr\/wp-content\/uploads\/2026\/01\/Bungee-Jumping-Corinth-Canal-\u2013-Private-Tour-from-Athens.webp 360w\" sizes=\"auto, (max-width: 480px) 150px\" src=\"https:\/\/greeceathenstransfers.gr\/wp-content\/uploads\/2026\/01\/Bungee-Jumping-Corinth-Canal-\u2013-Private-Tour-from-Athens-1024x576.webp\" alt=\"\" class=\"uag-image-3145\" width=\"329\" height=\"260\" title=\"Saut \u00e0 l&#039;\u00e9lastique au canal de Corinthe \u2013 Excursion priv\u00e9e au d\u00e9part d&#039;Ath\u00e8nes\" loading=\"lazy\" role=\"img\"\/><\/a><\/figure><\/div>\n\n\n\n<div class=\"wp-block-uagb-advanced-heading uagb-block-02a7eaa5\"><h6 class=\"uagb-heading-text\">Excursion d'une journ\u00e9e en saut \u00e0 l'\u00e9lastique au canal de Corinthe<\/h6><\/div>\n\n\n\n<div class=\"wp-block-uagb-buttons uagb-buttons__outer-wrap uagb-btn__default-btn uagb-btn-tablet__default-btn uagb-btn-mobile__default-btn uagb-block-23ba62e0\"><div class=\"uagb-buttons__wrap uagb-buttons-layout-wrap\">\n<div class=\"wp-block-uagb-buttons-child uagb-buttons__outer-wrap uagb-block-171e403b wp-block-button\"><div class=\"uagb-button__wrapper\"><a class=\"uagb-buttons-repeater wp-block-button__link\" aria-label=\"\" href=\"https:\/\/greeceathenstransfers.gr\/fr\/tour\/bungee-jumping-day-trip-in-canal-of-corinth\/\" rel=\"follow noopener\" target=\"_self\" role=\"button\"><div class=\"uagb-button__link\">Lire la suite et r\u00e9server<\/div><span class=\"uagb-button__icon uagb-button__icon-position-after\"><svg xmlns=\"https:\/\/www.w3.org\/2000\/svg\" viewbox=\"0 0 320 512\" aria-hidden=\"true\" focussable=\"false\"><path d=\"M96 480c-8.188 0-16.38-3.125-22.62-9.375c-12.5-12.5-12.5-32.75 0-45.25L242.8 256L73.38 86.63c-12.5-12.5-12.5-32.75 0-45.25s32.75-12.5 45.25 0l192 192c12.5 12.5 12.5 32.75 0 45.25l-192 192C112.4 476.9 104.2 480 96 480z\"><\/path><\/svg><\/span><\/a><\/div><\/div>\n<\/div><\/div>\n<\/div>\n<\/div><\/div>\n\n\n\n<p><\/p>","protected":false},"excerpt":{"rendered":"<p>Discover Scuba Diving in Athenian Riviera Bungee Jumping Day Trip in Canal of Corinth<\/p>","protected":false},"author":2,"featured_media":0,"parent":0,"menu_order":0,"comment_status":"closed","ping_status":"closed","template":"","meta":{"_uag_custom_page_level_css":"","site-sidebar-layout":"default","site-content-layout":"","ast-site-content-layout":"default","site-content-style":"default","site-sidebar-style":"default","ast-global-header-display":"","ast-banner-title-visibility":"","ast-main-header-display":"","ast-hfb-above-header-display":"","ast-hfb-below-header-display":"","ast-hfb-mobile-header-display":"","site-post-title":"","ast-breadcrumbs-content":"","ast-featured-img":"","footer-sml-layout":"","ast-disable-related-posts":"","theme-transparent-header-meta":"","adv-header-id-meta":"","stick-header-meta":"","header-above-stick-meta":"","header-main-stick-meta":"","header-below-stick-meta":"","astra-migrate-meta-layouts":"set","ast-page-background-enabled":"default","ast-page-background-meta":{"desktop":{"background-color":"","background-image":"","background-repeat":"repeat","background-position":"center center","background-size":"auto","background-attachment":"scroll","background-type":"","background-media":"","overlay-type":"","overlay-color":"","overlay-opacity":"","overlay-gradient":""},"tablet":{"background-color":"","background-image":"","background-repeat":"repeat","background-position":"center center","background-size":"auto","background-attachment":"scroll","background-type":"","background-media":"","overlay-type":"","overlay-color":"","overlay-opacity":"","overlay-gradient":""},"mobile":{"background-color":"","background-image":"","background-repeat":"repeat","background-position":"center center","background-size":"auto","background-attachment":"scroll","background-type":"","background-media":"","overlay-type":"","overlay-color":"","overlay-opacity":"","overlay-gradient":""}},"ast-content-background-meta":{"desktop":{"background-color":"var(--ast-global-color-5)","background-image":"","background-repeat":"repeat","background-position":"center center","background-size":"auto","background-attachment":"scroll","background-type":"","background-media":"","overlay-type":"","overlay-color":"","overlay-opacity":"","overlay-gradient":""},"tablet":{"background-color":"var(--ast-global-color-5)","background-image":"","background-repeat":"repeat","background-position":"center center","background-size":"auto","background-attachment":"scroll","background-type":"","background-media":"","overlay-type":"","overlay-color":"","overlay-opacity":"","overlay-gradient":""},"mobile":{"background-color":"var(--ast-global-color-5)","background-image":"","background-repeat":"repeat","background-position":"center center","background-size":"auto","background-attachment":"scroll","background-type":"","background-media":"","overlay-type":"","overlay-color":"","overlay-opacity":"","overlay-gradient":""}},"footnotes":""},"class_list":["post-3204","page","type-page","status-publish","hentry"],"uagb_featured_image_src":{"full":false,"thumbnail":false,"medium":false,"medium_large":false,"large":false,"1536x1536":false,"2048x2048":false,"trp-custom-language-flag":false,"woocommerce_thumbnail":false,"woocommerce_single":false,"woocommerce_gallery_thumbnail":false},"uagb_author_info":{"display_name":"Theodoris Smoilis","author_link":"https:\/\/greeceathenstransfers.gr\/fr\/author\/teo\/"},"uagb_comment_info":0,"uagb_excerpt":"Discover Scuba Diving in Athenian Riviera Bungee Jumping Day Trip in Canal of Corinth","jetpack_sharing_enabled":true,"_links":{"self":[{"href":"https:\/\/greeceathenstransfers.gr\/fr\/wp-json\/wp\/v2\/pages\/3204","targetHints":{"allow":["GET"]}}],"collection":[{"href":"https:\/\/greeceathenstransfers.gr\/fr\/wp-json\/wp\/v2\/pages"}],"about":[{"href":"https:\/\/greeceathenstransfers.gr\/fr\/wp-json\/wp\/v2\/types\/page"}],"author":[{"embeddable":true,"href":"https:\/\/greeceathenstransfers.gr\/fr\/wp-json\/wp\/v2\/users\/2"}],"replies":[{"embeddable":true,"href":"https:\/\/greeceathenstransfers.gr\/fr\/wp-json\/wp\/v2\/comments?post=3204"}],"version-history":[{"count":6,"href":"https:\/\/greeceathenstransfers.gr\/fr\/wp-json\/wp\/v2\/pages\/3204\/revisions"}],"predecessor-version":[{"id":3983,"href":"https:\/\/greeceathenstransfers.gr\/fr\/wp-json\/wp\/v2\/pages\/3204\/revisions\/3983"}],"wp:attachment":[{"href":"https:\/\/greeceathenstransfers.gr\/fr\/wp-json\/wp\/v2\/media?parent=3204"}],"curies":[{"name":"wp","href":"https:\/\/api.w.org\/{rel}","templated":true}]}}