{"id":3207,"date":"2026-01-04T19:06:00","date_gmt":"2026-01-04T19:06:00","guid":{"rendered":"https:\/\/greeceathenstransfers.gr\/?page_id=3207"},"modified":"2026-01-09T17:28:34","modified_gmt":"2026-01-09T17:28:34","slug":"explore-popular-destinations","status":"publish","type":"page","link":"https:\/\/greeceathenstransfers.gr\/fr\/explore-popular-destinations\/","title":{"rendered":"Explorez les destinations populaires"},"content":{"rendered":"<div class=\"wp-block-uagb-container uagb-block-f2c4f90f alignfull uagb-is-root-container\"><div class=\"uagb-container-inner-blocks-wrap\">\n<div class=\"wp-block-uagb-container uagb-block-2264b062\">\n<div class=\"wp-block-uagb-image alignleft uagb-block-c062e8a8 wp-block-uagb-image--layout-default wp-block-uagb-image--effect-static wp-block-uagb-image--align-left\"><figure class=\"wp-block-uagb-image__figure\"><a class=\"\" href=\"https:\/\/greeceathenstransfers.gr\/fr\/tour\/athens-sightseeing-historical-private-tour\/\" target=\"\" rel=\"noopener\"><img decoding=\"async\" srcset=\"https:\/\/greeceathenstransfers.gr\/wp-content\/uploads\/2026\/01\/image_processing20181012-4-1alawvm.jpg ,https:\/\/greeceathenstransfers.gr\/wp-content\/uploads\/2026\/01\/image_processing20181012-4-1alawvm.jpg 780w, https:\/\/greeceathenstransfers.gr\/wp-content\/uploads\/2026\/01\/image_processing20181012-4-1alawvm.jpg 360w\" sizes=\"auto, (max-width: 480px) 150px\" src=\"https:\/\/greeceathenstransfers.gr\/wp-content\/uploads\/2026\/01\/image_processing20181012-4-1alawvm.jpg\" alt=\"\" class=\"uag-image-3388\" width=\"330\" height=\"260\" title=\"Petite rue pav\u00e9e du quartier de Pla\u00e7a avec la colline de l&#039;Acropole \u00e0 Athe\" loading=\"lazy\" role=\"img\"\/><\/a><\/figure><\/div>\n\n\n\n<div class=\"wp-block-uagb-advanced-heading uagb-block-594d941c\"><h6 class=\"uagb-heading-text\">Visite priv\u00e9e historique d'Ath\u00e8nes<\/h6><\/div>\n\n\n\n<div class=\"wp-block-uagb-buttons uagb-buttons__outer-wrap uagb-btn__default-btn uagb-btn-tablet__default-btn uagb-btn-mobile__default-btn uagb-block-e6a403dd\"><div class=\"uagb-buttons__wrap uagb-buttons-layout-wrap\">\n<div class=\"wp-block-uagb-buttons-child uagb-buttons__outer-wrap uagb-block-5c7fa872 wp-block-button\"><div class=\"uagb-button__wrapper\"><a class=\"uagb-buttons-repeater wp-block-button__link\" aria-label=\"\" href=\"https:\/\/greeceathenstransfers.gr\/fr\/tour\/athens-sightseeing-historical-private-tour\/\" rel=\"follow noopener\" target=\"_self\" role=\"button\"><div class=\"uagb-button__link\">Lire la suite et r\u00e9server<\/div><span class=\"uagb-button__icon uagb-button__icon-position-after\"><svg xmlns=\"https:\/\/www.w3.org\/2000\/svg\" viewbox=\"0 0 320 512\" aria-hidden=\"true\" focussable=\"false\"><path d=\"M96 480c-8.188 0-16.38-3.125-22.62-9.375c-12.5-12.5-12.5-32.75 0-45.25L242.8 256L73.38 86.63c-12.5-12.5-12.5-32.75 0-45.25s32.75-12.5 45.25 0l192 192c12.5 12.5 12.5 32.75 0 45.25l-192 192C112.4 476.9 104.2 480 96 480z\"><\/path><\/svg><\/span><\/a><\/div><\/div>\n<\/div><\/div>\n<\/div>\n\n\n\n<div class=\"wp-block-uagb-container uagb-block-79e3a518\">\n<div class=\"wp-block-uagb-image alignleft uagb-block-05a41a3a wp-block-uagb-image--layout-default wp-block-uagb-image--effect-static wp-block-uagb-image--align-left\"><figure class=\"wp-block-uagb-image__figure\"><a class=\"\" href=\"https:\/\/greeceathenstransfers.gr\/fr\/tour\/biblical-ancient-corinth-tour-the-st-pauls-corinthian-footsteps\/\" target=\"\" rel=\"noopener\"><img decoding=\"async\" srcset=\"https:\/\/greeceathenstransfers.gr\/wp-content\/uploads\/2025\/12\/caption-18.jpg ,https:\/\/greeceathenstransfers.gr\/wp-content\/uploads\/2025\/12\/caption-18.jpg 780w, https:\/\/greeceathenstransfers.gr\/wp-content\/uploads\/2025\/12\/caption-18.jpg 360w\" sizes=\"auto, (max-width: 480px) 150px\" src=\"https:\/\/greeceathenstransfers.gr\/wp-content\/uploads\/2025\/12\/caption-18.jpg\" alt=\"\" class=\"uag-image-2071\" width=\"330\" height=\"260\" title=\"l\u00e9gende (18)\" loading=\"lazy\" role=\"img\"\/><\/a><\/figure><\/div>\n\n\n\n<div class=\"wp-block-uagb-advanced-heading uagb-block-a8188a6a\"><h6 class=\"uagb-heading-text\">Visite biblique de la Corinthe antique\u00a0: sur les traces de saint Paul \u00e0 Corinthe<\/h6><\/div>\n\n\n\n<div class=\"wp-block-uagb-buttons uagb-buttons__outer-wrap uagb-btn__default-btn uagb-btn-tablet__default-btn uagb-btn-mobile__default-btn uagb-block-07be16f7\"><div class=\"uagb-buttons__wrap uagb-buttons-layout-wrap\">\n<div class=\"wp-block-uagb-buttons-child uagb-buttons__outer-wrap uagb-block-795d918e wp-block-button\"><div class=\"uagb-button__wrapper\"><a class=\"uagb-buttons-repeater wp-block-button__link\" aria-label=\"\" href=\"https:\/\/greeceathenstransfers.gr\/fr\/tour\/biblical-ancient-corinth-tour-the-st-pauls-corinthian-footsteps\/\" rel=\"follow noopener\" target=\"_self\" role=\"button\"><div class=\"uagb-button__link\">Lire la suite et r\u00e9server<\/div><span class=\"uagb-button__icon uagb-button__icon-position-after\"><svg xmlns=\"https:\/\/www.w3.org\/2000\/svg\" viewbox=\"0 0 320 512\" aria-hidden=\"true\" focussable=\"false\"><path d=\"M96 480c-8.188 0-16.38-3.125-22.62-9.375c-12.5-12.5-12.5-32.75 0-45.25L242.8 256L73.38 86.63c-12.5-12.5-12.5-32.75 0-45.25s32.75-12.5 45.25 0l192 192c12.5 12.5 12.5 32.75 0 45.25l-192 192C112.4 476.9 104.2 480 96 480z\"><\/path><\/svg><\/span><\/a><\/div><\/div>\n<\/div><\/div>\n<\/div>\n\n\n\n<div class=\"wp-block-uagb-container uagb-block-49e0485c\">\n<div class=\"wp-block-uagb-image alignleft uagb-block-647da955 wp-block-uagb-image--layout-default wp-block-uagb-image--effect-static wp-block-uagb-image--align-left\"><figure class=\"wp-block-uagb-image__figure\"><a class=\"\" href=\"https:\/\/greeceathenstransfers.gr\/fr\/tour\/private-tour-epidaurusmycenae-and-nafplio-from-athens\/\" target=\"\" rel=\"noopener\"><img decoding=\"async\" srcset=\"https:\/\/greeceathenstransfers.gr\/wp-content\/uploads\/2025\/12\/0e.jpg ,https:\/\/greeceathenstransfers.gr\/wp-content\/uploads\/2025\/12\/0e.jpg 780w, https:\/\/greeceathenstransfers.gr\/wp-content\/uploads\/2025\/12\/0e.jpg 360w\" sizes=\"auto, (max-width: 480px) 150px\" src=\"https:\/\/greeceathenstransfers.gr\/wp-content\/uploads\/2025\/12\/0e.jpg\" alt=\"\" class=\"uag-image-2103\" width=\"330\" height=\"260\" title=\"0e\" loading=\"lazy\" role=\"img\"\/><\/a><\/figure><\/div>\n\n\n\n<div class=\"wp-block-uagb-advanced-heading uagb-block-33ce26e9\"><h6 class=\"uagb-heading-text\">Visite priv\u00e9e d'\u00c9pidaure, Myc\u00e8nes et Nauplie au d\u00e9part d'Ath\u00e8nes<br><\/h6><\/div>\n\n\n\n<div class=\"wp-block-uagb-buttons uagb-buttons__outer-wrap uagb-btn__default-btn uagb-btn-tablet__default-btn uagb-btn-mobile__default-btn uagb-block-bdda0cbe\"><div class=\"uagb-buttons__wrap uagb-buttons-layout-wrap\">\n<div class=\"wp-block-uagb-buttons-child uagb-buttons__outer-wrap uagb-block-359a9cb4 wp-block-button\"><div class=\"uagb-button__wrapper\"><a class=\"uagb-buttons-repeater wp-block-button__link\" aria-label=\"\" href=\"https:\/\/greeceathenstransfers.gr\/fr\/tour\/private-tour-epidaurusmycenae-and-nafplio-from-athens\/\" rel=\"follow noopener\" target=\"_self\" role=\"button\"><div class=\"uagb-button__link\">Lire la suite et r\u00e9server<\/div><span class=\"uagb-button__icon uagb-button__icon-position-after\"><svg xmlns=\"https:\/\/www.w3.org\/2000\/svg\" viewbox=\"0 0 320 512\" aria-hidden=\"true\" focussable=\"false\"><path d=\"M96 480c-8.188 0-16.38-3.125-22.62-9.375c-12.5-12.5-12.5-32.75 0-45.25L242.8 256L73.38 86.63c-12.5-12.5-12.5-32.75 0-45.25s32.75-12.5 45.25 0l192 192c12.5 12.5 12.5 32.75 0 45.25l-192 192C112.4 476.9 104.2 480 96 480z\"><\/path><\/svg><\/span><\/a><\/div><\/div>\n<\/div><\/div>\n<\/div>\n<\/div><\/div>\n\n\n\n<div class=\"wp-block-uagb-container uagb-block-f72fb549 alignfull uagb-is-root-container\"><div class=\"uagb-container-inner-blocks-wrap\">\n<div class=\"wp-block-uagb-container uagb-block-e53ab6fc\">\n<div class=\"wp-block-uagb-image alignleft uagb-block-ba6d7bdf wp-block-uagb-image--layout-default wp-block-uagb-image--effect-static wp-block-uagb-image--align-left\"><figure class=\"wp-block-uagb-image__figure\"><a class=\"\" href=\"https:\/\/greeceathenstransfers.gr\/fr\/tour\/athens-panorama-cape-sounion-experience\/\" target=\"\" rel=\"noopener\"><img decoding=\"async\" srcset=\"https:\/\/greeceathenstransfers.gr\/wp-content\/uploads\/2025\/12\/119940.Athens-Riviera-Set-to-Lead-Europes-Luxury-Real-Estate-Boom.jpg ,https:\/\/greeceathenstransfers.gr\/wp-content\/uploads\/2025\/12\/119940.Athens-Riviera-Set-to-Lead-Europes-Luxury-Real-Estate-Boom.jpg 780w, https:\/\/greeceathenstransfers.gr\/wp-content\/uploads\/2025\/12\/119940.Athens-Riviera-Set-to-Lead-Europes-Luxury-Real-Estate-Boom.jpg 360w\" sizes=\"auto, (max-width: 480px) 150px\" src=\"https:\/\/greeceathenstransfers.gr\/wp-content\/uploads\/2025\/12\/119940.Athens-Riviera-Set-to-Lead-Europes-Luxury-Real-Estate-Boom.jpg\" alt=\"\" class=\"uag-image-3393\" width=\"330\" height=\"260\" title=\"119940.Athens-Riviera-Set-to-Lead-Europe\u2019s-Luxury-Real-Estate-Boom\" loading=\"lazy\" role=\"img\"\/><\/a><\/figure><\/div>\n\n\n\n<div class=\"wp-block-uagb-advanced-heading uagb-block-408ae89f\"><h6 class=\"uagb-heading-text\">Athens: Acropolis &amp; Temple of Poseidon Sounio Privare Tour<\/h6><\/div>\n\n\n\n<div class=\"wp-block-uagb-buttons uagb-buttons__outer-wrap uagb-btn__default-btn uagb-btn-tablet__default-btn uagb-btn-mobile__default-btn uagb-block-7cee684d\"><div class=\"uagb-buttons__wrap uagb-buttons-layout-wrap\">\n<div class=\"wp-block-uagb-buttons-child uagb-buttons__outer-wrap uagb-block-4a4cede9 wp-block-button\"><div class=\"uagb-button__wrapper\"><a class=\"uagb-buttons-repeater wp-block-button__link\" aria-label=\"\" href=\"https:\/\/greeceathenstransfers.gr\/fr\/tour\/athens-panorama-cape-sounion-experience\/\" rel=\"follow noopener\" target=\"_self\" role=\"button\"><div class=\"uagb-button__link\">Lire la suite et r\u00e9server<\/div><span class=\"uagb-button__icon uagb-button__icon-position-after\"><svg xmlns=\"https:\/\/www.w3.org\/2000\/svg\" viewbox=\"0 0 320 512\" aria-hidden=\"true\" focussable=\"false\"><path d=\"M96 480c-8.188 0-16.38-3.125-22.62-9.375c-12.5-12.5-12.5-32.75 0-45.25L242.8 256L73.38 86.63c-12.5-12.5-12.5-32.75 0-45.25s32.75-12.5 45.25 0l192 192c12.5 12.5 12.5 32.75 0 45.25l-192 192C112.4 476.9 104.2 480 96 480z\"><\/path><\/svg><\/span><\/a><\/div><\/div>\n<\/div><\/div>\n<\/div>\n\n\n\n<div class=\"wp-block-uagb-container uagb-block-a99cd870\">\n<div class=\"wp-block-uagb-image alignleft uagb-block-24f20327 wp-block-uagb-image--layout-default wp-block-uagb-image--effect-static wp-block-uagb-image--align-left\"><figure class=\"wp-block-uagb-image__figure\"><a class=\"\" href=\"https:\/\/greeceathenstransfers.gr\/fr\/tour\/delphi-arachova-monast-hosios-loukas-from-athens-private-tour-copy\/\" target=\"\" rel=\"noopener\"><img decoding=\"async\" srcset=\"https:\/\/greeceathenstransfers.gr\/wp-content\/uploads\/2025\/12\/ee-1.jpg ,https:\/\/greeceathenstransfers.gr\/wp-content\/uploads\/2025\/12\/ee-1.jpg 780w, https:\/\/greeceathenstransfers.gr\/wp-content\/uploads\/2025\/12\/ee-1.jpg 360w\" sizes=\"auto, (max-width: 480px) 150px\" src=\"https:\/\/greeceathenstransfers.gr\/wp-content\/uploads\/2025\/12\/ee-1.jpg\" alt=\"\" class=\"uag-image-2905\" width=\"330\" height=\"260\" title=\"ee\" loading=\"lazy\" role=\"img\"\/><\/a><\/figure><\/div>\n\n\n\n<div class=\"wp-block-uagb-advanced-heading uagb-block-3f91e74c\"><h6 class=\"uagb-heading-text\">Athens: Thermopylae Battlefield &amp; Delphi Arachova Private Tour<\/h6><\/div>\n\n\n\n<div class=\"wp-block-uagb-buttons uagb-buttons__outer-wrap uagb-btn__default-btn uagb-btn-tablet__default-btn uagb-btn-mobile__default-btn uagb-block-88c6fc4d\"><div class=\"uagb-buttons__wrap uagb-buttons-layout-wrap\">\n<div class=\"wp-block-uagb-buttons-child uagb-buttons__outer-wrap uagb-block-0b003605 wp-block-button\"><div class=\"uagb-button__wrapper\"><a class=\"uagb-buttons-repeater wp-block-button__link\" aria-label=\"\" href=\"https:\/\/greeceathenstransfers.gr\/fr\/tour\/delphi-arachova-monast-hosios-loukas-from-athens-private-tour-copy\/\" rel=\"follow noopener\" target=\"_self\" role=\"button\"><div class=\"uagb-button__link\">Lire la suite et r\u00e9server<\/div><span class=\"uagb-button__icon uagb-button__icon-position-after\"><svg xmlns=\"https:\/\/www.w3.org\/2000\/svg\" viewbox=\"0 0 320 512\" aria-hidden=\"true\" focussable=\"false\"><path d=\"M96 480c-8.188 0-16.38-3.125-22.62-9.375c-12.5-12.5-12.5-32.75 0-45.25L242.8 256L73.38 86.63c-12.5-12.5-12.5-32.75 0-45.25s32.75-12.5 45.25 0l192 192c12.5 12.5 12.5 32.75 0 45.25l-192 192C112.4 476.9 104.2 480 96 480z\"><\/path><\/svg><\/span><\/a><\/div><\/div>\n<\/div><\/div>\n<\/div>\n<\/div><\/div>\n\n\n\n<p><\/p>","protected":false},"excerpt":{"rendered":"<p>Athens Sightseeing Historical Private Tour Biblical Ancient Corinth Tour the St Paul\u2019s Corinthian footsteps Private Tour Epidaurus,Mycenae and Nafplio from Athens Athens: Acropolis &amp; Temple of Poseidon Sounio Privare Tour Athens: Thermopylae Battlefield &amp; Delphi Arachova Private Tour<\/p>","protected":false},"author":2,"featured_media":0,"parent":0,"menu_order":0,"comment_status":"closed","ping_status":"closed","template":"","meta":{"_uag_custom_page_level_css":"","site-sidebar-layout":"default","site-content-layout":"","ast-site-content-layout":"default","site-content-style":"default","site-sidebar-style":"default","ast-global-header-display":"","ast-banner-title-visibility":"","ast-main-header-display":"","ast-hfb-above-header-display":"","ast-hfb-below-header-display":"","ast-hfb-mobile-header-display":"","site-post-title":"","ast-breadcrumbs-content":"","ast-featured-img":"","footer-sml-layout":"","ast-disable-related-posts":"","theme-transparent-header-meta":"","adv-header-id-meta":"","stick-header-meta":"","header-above-stick-meta":"","header-main-stick-meta":"","header-below-stick-meta":"","astra-migrate-meta-layouts":"set","ast-page-background-enabled":"default","ast-page-background-meta":{"desktop":{"background-color":"","background-image":"","background-repeat":"repeat","background-position":"center center","background-size":"auto","background-attachment":"scroll","background-type":"","background-media":"","overlay-type":"","overlay-color":"","overlay-opacity":"","overlay-gradient":""},"tablet":{"background-color":"","background-image":"","background-repeat":"repeat","background-position":"center center","background-size":"auto","background-attachment":"scroll","background-type":"","background-media":"","overlay-type":"","overlay-color":"","overlay-opacity":"","overlay-gradient":""},"mobile":{"background-color":"","background-image":"","background-repeat":"repeat","background-position":"center center","background-size":"auto","background-attachment":"scroll","background-type":"","background-media":"","overlay-type":"","overlay-color":"","overlay-opacity":"","overlay-gradient":""}},"ast-content-background-meta":{"desktop":{"background-color":"var(--ast-global-color-5)","background-image":"","background-repeat":"repeat","background-position":"center center","background-size":"auto","background-attachment":"scroll","background-type":"","background-media":"","overlay-type":"","overlay-color":"","overlay-opacity":"","overlay-gradient":""},"tablet":{"background-color":"var(--ast-global-color-5)","background-image":"","background-repeat":"repeat","background-position":"center center","background-size":"auto","background-attachment":"scroll","background-type":"","background-media":"","overlay-type":"","overlay-color":"","overlay-opacity":"","overlay-gradient":""},"mobile":{"background-color":"var(--ast-global-color-5)","background-image":"","background-repeat":"repeat","background-position":"center center","background-size":"auto","background-attachment":"scroll","background-type":"","background-media":"","overlay-type":"","overlay-color":"","overlay-opacity":"","overlay-gradient":""}},"footnotes":""},"class_list":["post-3207","page","type-page","status-publish","hentry"],"uagb_featured_image_src":{"full":false,"thumbnail":false,"medium":false,"medium_large":false,"large":false,"1536x1536":false,"2048x2048":false,"trp-custom-language-flag":false,"woocommerce_thumbnail":false,"woocommerce_single":false,"woocommerce_gallery_thumbnail":false},"uagb_author_info":{"display_name":"Theodoris Smoilis","author_link":"https:\/\/greeceathenstransfers.gr\/fr\/author\/teo\/"},"uagb_comment_info":0,"uagb_excerpt":"Athens Sightseeing Historical Private Tour Biblical Ancient Corinth Tour the St Paul\u2019s Corinthian footsteps Private Tour Epidaurus,Mycenae and Nafplio from Athens Athens: Acropolis &amp; Temple of Poseidon Sounio Privare Tour Athens: Thermopylae Battlefield &amp; Delphi Arachova Private Tour","jetpack_sharing_enabled":true,"_links":{"self":[{"href":"https:\/\/greeceathenstransfers.gr\/fr\/wp-json\/wp\/v2\/pages\/3207","targetHints":{"allow":["GET"]}}],"collection":[{"href":"https:\/\/greeceathenstransfers.gr\/fr\/wp-json\/wp\/v2\/pages"}],"about":[{"href":"https:\/\/greeceathenstransfers.gr\/fr\/wp-json\/wp\/v2\/types\/page"}],"author":[{"embeddable":true,"href":"https:\/\/greeceathenstransfers.gr\/fr\/wp-json\/wp\/v2\/users\/2"}],"replies":[{"embeddable":true,"href":"https:\/\/greeceathenstransfers.gr\/fr\/wp-json\/wp\/v2\/comments?post=3207"}],"version-history":[{"count":7,"href":"https:\/\/greeceathenstransfers.gr\/fr\/wp-json\/wp\/v2\/pages\/3207\/revisions"}],"predecessor-version":[{"id":3454,"href":"https:\/\/greeceathenstransfers.gr\/fr\/wp-json\/wp\/v2\/pages\/3207\/revisions\/3454"}],"wp:attachment":[{"href":"https:\/\/greeceathenstransfers.gr\/fr\/wp-json\/wp\/v2\/media?parent=3207"}],"curies":[{"name":"wp","href":"https:\/\/api.w.org\/{rel}","templated":true}]}}