{"id":807,"date":"2024-04-03T02:26:31","date_gmt":"2024-04-03T02:26:31","guid":{"rendered":"http:\/\/greeceathenstransfers.gr\/?page_id=807"},"modified":"2025-12-29T12:33:52","modified_gmt":"2025-12-29T12:33:52","slug":"privacy-policy","status":"publish","type":"page","link":"https:\/\/greeceathenstransfers.gr\/fr\/privacy-policy\/","title":{"rendered":"Privacy policy"},"content":{"rendered":"<div class=\"wp-block-uagb-advanced-heading uagb-block-457c6b04\"><h2 class=\"uagb-heading-text\">politique de confidentialit\u00e9<\/h2><\/div>\n\n\n\n<p class=\"has-ast-global-color-1-color has-ast-global-color-8-background-color has-text-color has-background has-link-color wp-elements-792c3d286214232848c86803974a1595\">politique de confidentialit\u00e9 <a href=\"https:\/\/greeceathenstransfers.gr\/fr\/\">Greeceathenstransfers.gr<\/a> (Derni\u00e8re mise \u00e0 jour : 29 d\u00e9cembre 2025)<\/p>\n\n\n\n<p class=\"has-ast-global-color-1-color has-ast-global-color-8-background-color has-text-color has-background has-link-color wp-elements-dff9df15ab6f7ecf0bd7748f22ffa430\">Nous avons \u00e9labor\u00e9 la pr\u00e9sente Politique de confidentialit\u00e9, qui s'applique en permanence lors de l'utilisation de notre site web et\/ou de nos services. Toute nouvelle fonctionnalit\u00e9 et\/ou tout nouveau service ajout\u00e9 ult\u00e9rieurement \u00e0 notre offre actuelle sera \u00e9galement soumis aux conditions \u00e9nonc\u00e9es dans la pr\u00e9sente Politique de confidentialit\u00e9. Cette Politique explique comment et pourquoi Greece Athens Transfers &amp; Tours collecte et traite vos donn\u00e9es personnelles, Greece Athens Transfers &amp; Tours agissant en qualit\u00e9 de responsable du traitement. Concernant le traitement des donn\u00e9es personnelles, Greece Athens Transfers &amp; Tours se conforme \u00e0 la l\u00e9gislation et \u00e0 la r\u00e9glementation applicables, notamment au R\u00e8glement g\u00e9n\u00e9ral sur la protection des donn\u00e9es (RGPD).<\/p>\n\n\n\n<h4 class=\"wp-block-heading has-ast-global-color-1-color has-ast-global-color-8-background-color has-text-color has-background has-link-color wp-elements-8b733f1c97971734b5d9aa3173ba3057\">1. Port\u00e9e<\/h4>\n\n\n\n<p class=\"has-ast-global-color-1-color has-ast-global-color-8-background-color has-text-color has-background has-link-color wp-elements-09686e13e76879d707dcf663d8a36ad7\">Greece Athens Transfers &amp; Tours (ci-apr\u00e8s d\u00e9nomm\u00e9e \u00ab Greece Athens Transfers &amp; Tours \u00bb, \u00ab nous \u00bb, \u00ab notre \u00bb ou \u00ab nos \u00bb) fournit la pr\u00e9sente politique de confidentialit\u00e9 afin de vous informer de ses politiques et proc\u00e9dures concernant la mani\u00e8re dont nous collectons et traitons les donn\u00e9es personnelles que nous recevons des utilisateurs. <a href=\"https:\/\/greeceathenstransfers.gr\/fr\/\">www.greeceathenstransfers.gr<\/a> (le \u00ab\u00a0Site\u00a0\u00bb), quel que soit votre mode d\u2019utilisation ou d\u2019acc\u00e8s. Les donn\u00e9es personnelles d\u00e9signent toute information permettant de vous identifier, directement ou indirectement. \u00ab\u00a0Directement\u00a0\u00bb peut par exemple \u00eatre votre nom. \u00ab\u00a0Indirectement\u00a0\u00bb d\u00e9signe les informations permettant de vous identifier sans votre nom, notamment par le biais d\u2019autres \u00e9l\u00e9ments. Une adresse IP en est un exemple.<\/p>\n\n\n\n<h4 class=\"wp-block-heading has-ast-global-color-1-color has-ast-global-color-8-background-color has-text-color has-background has-link-color wp-elements-011e7be5f6bb9f3fbf3c6894f77f1723\">1.2 Inscription<\/h4>\n\n\n\n<p class=\"has-ast-global-color-1-color has-ast-global-color-8-background-color has-text-color has-background has-link-color wp-elements-918bc65c847831d728d755141bbf9904\">Lorsque vous vous inscrivez sur notre Site et que vous choisissez d'\u00eatre h\u00f4te ou voyageur, ou lorsque vous souhaitez contacter un autre visiteur via notre Site, nous vous demanderons des donn\u00e9es personnelles permettant de vous identifier et de vous contacter (\u00ab\u00a0Informations d'identit\u00e9\u00a0\u00bb). Ces Informations d'identit\u00e9 comprennent, sans s'y limiter, vos nom, num\u00e9ro de t\u00e9l\u00e9phone, adresse e-mail et adresse postale, mais n'incluent pas votre num\u00e9ro de carte bancaire ni vos informations bancaires. Dans le cadre de la pr\u00e9sente politique, les termes \u00ab\u00a0utiliser\u00a0\u00bb et \u00ab\u00a0traiter\u00a0\u00bb les informations incluent, sans s'y limiter, l'utilisation de cookies, ainsi que la collecte, le stockage, le transfert, l'\u00e9valuation, la suppression, la divulgation, la gestion, le traitement, la modification et l'utilisation des donn\u00e9es personnelles.<\/p>\n\n\n\n<h4 class=\"wp-block-heading has-ast-global-color-1-color has-ast-global-color-8-background-color has-text-color has-background has-link-color wp-elements-1e9ed335bb137bfe03c6579cd87b5727\">1.3 Application de la politique de confidentialit\u00e9<\/h4>\n\n\n\n<p class=\"has-ast-global-color-1-color has-ast-global-color-8-background-color has-text-color has-background has-link-color wp-elements-28b78bc8bed5fb3c6e3e4f077dc4ad64\">La pr\u00e9sente Politique de confidentialit\u00e9 s'applique uniquement aux donn\u00e9es personnelles que vous nous fournissez via le Site. Nous nous r\u00e9servons le droit de la mettre \u00e0 jour p\u00e9riodiquement afin de refl\u00e9ter toute modification apport\u00e9e \u00e0 nos services. Ces modifications seront effectu\u00e9es en publiant un exemplaire de la Politique de confidentialit\u00e9 sur le Site. Elles prendront effet automatiquement d\u00e8s leur publication. Par ailleurs, nous informerons tous les utilisateurs par courriel de toute modification importante apport\u00e9e \u00e0 la Politique de confidentialit\u00e9.<\/p>\n\n\n\n<h4 class=\"wp-block-heading has-ast-global-color-1-color has-ast-global-color-8-background-color has-text-color has-background has-link-color wp-elements-da07c9a62c5d6dad8926c1e5dc82917f\">2. Traitement des donn\u00e9es personnelles<\/h4>\n\n\n\n<p class=\"has-ast-global-color-1-color has-ast-global-color-8-background-color has-text-color has-background has-link-color wp-elements-3e215dd1285a11e7b1a79eee3203d5c9\">Nous pouvons traiter vos donn\u00e9es personnelles aux fins suivantes\u00a0: Fourniture de nos services. Greece Athens Transfers &amp; Tours peut traiter vos donn\u00e9es personnelles afin de fournir ses services. Par exemple, vos donn\u00e9es personnelles seront trait\u00e9es pour cr\u00e9er votre compte Greece Athens Transfers &amp; Tours, vous permettre de r\u00e9server un \u00e9v\u00e9nement et de publier des avis sur le Site. \u00c0 cette fin, Greece Athens Transfers &amp; Tours traite les donn\u00e9es personnelles suivantes\u00a0: nom, num\u00e9ro de t\u00e9l\u00e9phone, adresse e-mail, adresse postale, adresse IP et donn\u00e9es de profil de votre compte Greece Athens Transfers &amp; Tours. Greece Athens Transfers &amp; Tours est autoris\u00e9 \u00e0 traiter ces donn\u00e9es personnelles \u00e0 cette fin car ce traitement est n\u00e9cessaire \u00e0 l\u2019ex\u00e9cution du contrat conclu avec ses clients.<\/p>\n\n\n\n<p class=\"has-ast-global-color-1-color has-ast-global-color-8-background-color has-text-color has-background has-link-color wp-elements-21592e3565ec76831d85868f3e696ab3\">Service client<\/p>\n\n\n\n<p class=\"has-ast-global-color-1-color has-ast-global-color-8-background-color has-text-color has-background has-link-color wp-elements-35120585df43699318bc057f4609b7d8\">Greece Athens Transfers &amp; Tours traite vos donn\u00e9es personnelles afin de r\u00e9pondre \u00e0 vos questions et demandes. Ce traitement est n\u00e9cessaire \u00e0 la fourniture de nos services. \u00c0 cette fin, Greece Athens Transfers &amp; Tours traite votre nom, votre adresse e-mail et vos informations de r\u00e9servation.<\/p>\n\n\n\n<p class=\"has-ast-global-color-1-color has-ast-global-color-8-background-color has-text-color has-background has-link-color wp-elements-5b24e59ec52555cef94f052d366f00d3\">Greece Athens Transfers &amp; Tours est autoris\u00e9e \u00e0 traiter des donn\u00e9es personnelles \u00e0 cette fin car cela est n\u00e9cessaire \u00e0 ses int\u00e9r\u00eats l\u00e9gitimes (ou \u00e0 ceux d'un tiers), notamment pour lui permettre de r\u00e9pondre ad\u00e9quatement aux questions et demandes. (Marketing direct)<\/p>\n\n\n\n<p class=\"has-ast-global-color-1-color has-ast-global-color-8-background-color has-text-color has-background has-link-color wp-elements-b6ce52ee2e34a6ae616cf3cae009cec5\">Greece Athens Transfers &amp; Tours traite les donn\u00e9es personnelles \u00e0 des fins de marketing direct. Cela signifie que Greece Athens Transfers &amp; Tours peut contacter ses clients pour leur pr\u00e9senter ses produits. \u00c0 cette fin, Greece Athens Transfers &amp; Tours traite les donn\u00e9es personnelles suivantes\u00a0: comportement sur le site web, adresse IP, adresse e-mail, adresse postale, num\u00e9ro de t\u00e9l\u00e9phone, identifiants en ligne, informations de r\u00e9servation, localisation et informations de compte.<\/p>\n\n\n\n<p class=\"has-ast-global-color-1-color has-ast-global-color-8-background-color has-text-color has-background has-link-color wp-elements-0fa4f53f84eb9e4d8a695cdeec485dce\">Greece Athens Transfers &amp; Tours est autoris\u00e9e \u00e0 traiter vos donn\u00e9es personnelles \u00e0 cette fin lorsque vous y avez consenti ou lorsque Greece Athens Transfers &amp; Tours a un int\u00e9r\u00eat l\u00e9gitime \u00e0 le faire. Selon le fondement du traitement (int\u00e9r\u00eat l\u00e9gitime ou consentement), vous pouvez retirer votre consentement \u00e0 tout moment ou vous opposer au traitement de vos donn\u00e9es personnelles \u00e0 des fins de prospection commerciale. Le retrait de votre consentement ou l'exercice de votre droit d'opposition n'affecte pas la lic\u00e9it\u00e9 du traitement effectu\u00e9 avant ce retrait ou cet exercice.<\/p>\n\n\n\n<h4 class=\"wp-block-heading has-ast-global-color-1-color has-ast-global-color-8-background-color has-text-color has-background has-link-color wp-elements-14cb43271167f0bbee0415eaf2f1a5fb\">3. Cat\u00e9gories de b\u00e9n\u00e9ficiaires<\/h4>\n\n\n\n<p class=\"has-ast-global-color-1-color has-ast-global-color-8-background-color has-text-color has-background has-link-color wp-elements-8cd94b3abf74cbabaab74fd56e2c0e46\">Il peut s'av\u00e9rer n\u00e9cessaire pour Greece Athens Transfers &amp; Tours de divulguer vos donn\u00e9es personnelles, que ce soit en vertu de la loi, notamment dans le cadre d'un litige, d'une proc\u00e9dure judiciaire ou \u00e0 la demande d'autorit\u00e9s publiques ou gouvernementales, que ce soit dans votre pays de r\u00e9sidence ou \u00e0 l'\u00e9tranger. Nous pouvons \u00e9galement divulguer vos informations personnelles si nous estimons que cette divulgation est n\u00e9cessaire ou appropri\u00e9e \u00e0 des fins de maintien de l'ordre, de s\u00e9curit\u00e9 nationale ou pour pr\u00e9venir ou mettre fin \u00e0 toute activit\u00e9 que nous consid\u00e9rons comme ill\u00e9gale, contraire \u00e0 l'\u00e9thique ou susceptible d'entra\u00eener des poursuites judiciaires. Nous communiquerons toute information vous concernant \u00e0 nos assureurs si nous le jugeons n\u00e9cessaire pour prot\u00e9ger les biens et les droits de Greece Athens Transfers &amp; Tours ou d'un tiers, et\/ou pour garantir la s\u00e9curit\u00e9 publique ou celle de toute personne. Afin de fournir et d'am\u00e9liorer nos services, nous partagerons des informations avec des tiers lorsque cela s'av\u00e8re n\u00e9cessaire.<\/p>\n\n\n\n<p class=\"has-ast-global-color-1-color has-ast-global-color-8-background-color has-text-color has-background has-link-color wp-elements-98aa76780d728569eccfc37de4bcf2b4\">Si vous effectuez une r\u00e9servation, Greece Athens Transfers &amp; Tours partagera les informations suivantes vous concernant avec l'h\u00f4te\u00a0: (i) vos nom et pr\u00e9nom, et (ii) un lien vers votre compte Greece Athens Transfers &amp; Tours. Ces informations nous permettront de mieux vous servir. D\u00e8s confirmation de votre r\u00e9servation, nous communiquerons \u00e9galement votre num\u00e9ro de t\u00e9l\u00e9phone \u00e0 l'h\u00f4te. Vos informations de facturation ne sont en aucun cas partag\u00e9es avec l'h\u00f4te. Nous pouvons faire appel \u00e0 des soci\u00e9t\u00e9s et des personnes tierces pour am\u00e9liorer ou faciliter notre service, le fournir en notre nom et r\u00e9aliser des services li\u00e9s \u00e0 la plateforme, notamment\u00a0: la maintenance, la d\u00e9tection des fraudes, la gestion de bases de donn\u00e9es, l'analyse web, ainsi que le suivi et l'\u00e9valuation. Ces tiers peuvent avoir acc\u00e8s \u00e0 vos informations personnelles. Le cas \u00e9ch\u00e9ant, nous prot\u00e9geons vos informations conform\u00e9ment \u00e0 notre Politique de confidentialit\u00e9. Vous pouvez \u00e0 tout moment retirer votre consentement \u00e0 la r\u00e9ception de ces communications en envoyant un e-mail \u00e0\u00a0<strong>info@greeceathenstransfers.gr<\/strong><\/p>\n\n\n\n<h4 class=\"wp-block-heading has-ast-global-color-1-color has-ast-global-color-8-background-color has-text-color has-background has-link-color wp-elements-e2d7c7eba98085bad7be99ae5269dbe9\">4. Cookies<\/h4>\n\n\n\n<p class=\"has-ast-global-color-1-color has-ast-global-color-8-background-color has-text-color has-background has-link-color wp-elements-37cb9dcb2e92b1306ec747036096e3b8\">Le site web www.greeceathenstransfers.gr utilise des cookies. Pour toute question concernant l'utilisation des cookies, veuillez contacter Greece Athens Transfers &amp; Tours \u00e0 l'adresse info@greeceathenstransfers.gr.<br><br><\/p>\n\n\n\n<h4 class=\"wp-block-heading has-ast-global-color-1-color has-ast-global-color-8-background-color has-text-color has-background has-link-color wp-elements-2e0db8c67572ce6f29ce662b5f7a39c4\">5. Vos droits et comment les exercer<\/h4>\n\n\n\n<p class=\"has-ast-global-color-1-color has-ast-global-color-8-background-color has-text-color has-background has-link-color wp-elements-ff1c94b00bac2321e2b215bac9eb9dc6\">Nous respectons l'exercice de vos droits concernant les donn\u00e9es personnelles que nous traitons ou utilisons. Vous pouvez notamment demander l'acc\u00e8s \u00e0 vos donn\u00e9es personnelles collect\u00e9es et trait\u00e9es par nos soins, ou en obtenir une copie. Vous pouvez \u00e9galement demander leur rectification, leur suppression ou la limitation de leur traitement. Vous disposez \u00e9galement d'un droit \u00e0 la portabilit\u00e9 des donn\u00e9es. Vous pouvez aussi vous opposer \u00e0 un traitement de vos donn\u00e9es pour des raisons tenant \u00e0 votre situation particuli\u00e8re, ou vous opposer \u00e0 leur traitement \u00e0 des fins de prospection commerciale. Pour plus d'informations ou pour exercer ces droits, veuillez contacter info@greeceathenstransfers.gr<br>Afin de pr\u00e9venir tout abus, nous pourrions vous demander de vous identifier. La loi d\u00e9termine si vous pouvez exercer un droit donn\u00e9 dans une situation particuli\u00e8re. Il convient donc de noter que nous ne sommes pas toujours en mesure de garantir l'exercice int\u00e9gral de vos droits.<\/p>\n\n\n\n<h4 class=\"wp-block-heading has-ast-global-color-1-color has-ast-global-color-8-background-color has-text-color has-background has-link-color wp-elements-179205f4c4944941e2ebe4ce7303d636\">6. S\u00e9curit\u00e9<\/h4>\n\n\n\n<p class=\"has-ast-global-color-1-color has-ast-global-color-8-background-color has-text-color has-background has-link-color wp-elements-6de154ef548c1604c1a64aee101576f8\">Nous prenons la s\u00e9curit\u00e9 tr\u00e8s au s\u00e9rieux. Greece Athens Transfers &amp; Tours s'engage \u00e0 prot\u00e9ger vos informations. Nous mettons en \u0153uvre les mesures techniques et organisationnelles appropri\u00e9es pour garantir la s\u00e9curit\u00e9 de vos donn\u00e9es personnelles. Le Site utilise un certificat SSL fiable afin d'assurer la confidentialit\u00e9 de vos donn\u00e9es et d'emp\u00eacher leur acc\u00e8s non autoris\u00e9. En cas de violation de la s\u00e9curit\u00e9, Greece Athens Transfers &amp; Tours vous informera, par e-mail ou via une publication sur le Site, de toute violation de la s\u00e9curit\u00e9 et de l'int\u00e9grit\u00e9 de vos donn\u00e9es personnelles non chiffr\u00e9es stock\u00e9es \u00e9lectroniquement, conform\u00e9ment aux exigences l\u00e9gales, dans les meilleurs d\u00e9lais et dans la mesure o\u00f9 cela est compatible avec les besoins l\u00e9gitimes des forces de l'ordre et les mesures n\u00e9cessaires pour d\u00e9terminer l'\u00e9tendue de la violation et pr\u00e9server l'int\u00e9grit\u00e9 des donn\u00e9es.<\/p>\n\n\n\n<h4 class=\"wp-block-heading has-ast-global-color-1-color has-ast-global-color-8-background-color has-text-color has-background has-link-color wp-elements-e2fa608f1f1b90eec7cfe2209851fc6d\">7. P\u00e9riodes de r\u00e9tention<\/h4>\n\n\n\n<p class=\"has-ast-global-color-1-color has-ast-global-color-8-background-color has-text-color has-background has-link-color wp-elements-364d49b622d601794d3c149a65f496c3\">Nous ne conservons vos donn\u00e9es personnelles que le temps n\u00e9cessaire \u00e0 leur traitement. Pour plus d'informations, veuillez contacter info@greeceathenstransfers.gr<br><br><\/p>\n\n\n\n<h4 class=\"wp-block-heading has-ast-global-color-1-color has-ast-global-color-8-background-color has-text-color has-background has-link-color wp-elements-ffea3560f13565bad7f279d440e4dea6\">8. Questions ou r\u00e9clamations<\/h4>\n\n\n\n<p class=\"has-ast-global-color-1-color has-ast-global-color-8-background-color has-text-color has-background has-link-color wp-elements-a30c59cb32659e06776b0e869cedac50\">Pour toute question ou r\u00e9clamation concernant le traitement de vos donn\u00e9es personnelles, veuillez envoyer un courriel \u00e0 info@greeceathenstransfers.gr<br>Notre \u00e9quipe se fera un plaisir de vous aider.<\/p>\n\n\n\n<h4 class=\"wp-block-heading has-ast-global-color-1-color has-ast-global-color-8-background-color has-text-color has-background has-link-color wp-elements-a7dc9e4ce34c98a7e4a1559b71682a7f\">9. Gr\u00e8ce Ath\u00e8nes Transferts &amp; Tours coordonn\u00e9es<\/h4>\n\n\n\n<p class=\"has-ast-global-color-1-color has-ast-global-color-8-background-color has-text-color has-background has-link-color wp-elements-41bf4c4063f1a9c7e854b125130d6dd9\">Gr\u00e8ce Ath\u00e8nes Transferts et excursions, Adresse : Chatzikiriakou 122, 18538 Le Pir\u00e9e, Gr\u00e8ce T\u00e9l : <strong>(+30) 6986691729<\/strong> ou <strong>(+30) 6986506178<\/strong><\/p>\n\n\n\n<p class=\"has-ast-global-color-1-color has-ast-global-color-8-background-color has-text-color has-background has-link-color wp-elements-11b7b0bd8378c54b8128f0c239378826\">Courriel : info@greeceathenstransfers.gr<\/p>\n\n\n\n<p><\/p>\n\n\n\n<p class=\"has-ast-global-color-1-color has-ast-global-color-8-background-color has-text-color has-background has-link-color wp-elements-0c152a327a9876a9bedf4b9e109eff20\"><\/p>\n\n\n\n<p><\/p>","protected":false},"excerpt":{"rendered":"<p>Privacy Policy Privacy Policy Greeceathenstransfers.gr (last updated: December 29, 2025) We have created the following Privacy Policy which applies at all times when using our website and \/ or any of our services. Any new features and\/or services that are added to our current service at any point in the future shall also be subject [&hellip;]<\/p>\n","protected":false},"author":1,"featured_media":0,"parent":0,"menu_order":0,"comment_status":"closed","ping_status":"closed","template":"","meta":{"_uag_custom_page_level_css":"","site-sidebar-layout":"default","site-content-layout":"","ast-site-content-layout":"default","site-content-style":"default","site-sidebar-style":"default","ast-global-header-display":"","ast-banner-title-visibility":"","ast-main-header-display":"","ast-hfb-above-header-display":"","ast-hfb-below-header-display":"","ast-hfb-mobile-header-display":"","site-post-title":"disabled","ast-breadcrumbs-content":"","ast-featured-img":"","footer-sml-layout":"","ast-disable-related-posts":"","theme-transparent-header-meta":"","adv-header-id-meta":"","stick-header-meta":"","header-above-stick-meta":"","header-main-stick-meta":"","header-below-stick-meta":"","astra-migrate-meta-layouts":"set","ast-page-background-enabled":"default","ast-page-background-meta":{"desktop":{"background-color":"","background-image":"","background-repeat":"repeat","background-position":"center center","background-size":"auto","background-attachment":"scroll","background-type":"","background-media":"","overlay-type":"","overlay-color":"","overlay-opacity":"","overlay-gradient":""},"tablet":{"background-color":"","background-image":"","background-repeat":"repeat","background-position":"center center","background-size":"auto","background-attachment":"scroll","background-type":"","background-media":"","overlay-type":"","overlay-color":"","overlay-opacity":"","overlay-gradient":""},"mobile":{"background-color":"","background-image":"","background-repeat":"repeat","background-position":"center center","background-size":"auto","background-attachment":"scroll","background-type":"","background-media":"","overlay-type":"","overlay-color":"","overlay-opacity":"","overlay-gradient":""}},"ast-content-background-meta":{"desktop":{"background-color":"var(--ast-global-color-5)","background-image":"","background-repeat":"repeat","background-position":"center center","background-size":"auto","background-attachment":"scroll","background-type":"","background-media":"","overlay-type":"","overlay-color":"","overlay-opacity":"","overlay-gradient":""},"tablet":{"background-color":"var(--ast-global-color-5)","background-image":"","background-repeat":"repeat","background-position":"center center","background-size":"auto","background-attachment":"scroll","background-type":"","background-media":"","overlay-type":"","overlay-color":"","overlay-opacity":"","overlay-gradient":""},"mobile":{"background-color":"var(--ast-global-color-5)","background-image":"","background-repeat":"repeat","background-position":"center center","background-size":"auto","background-attachment":"scroll","background-type":"","background-media":"","overlay-type":"","overlay-color":"","overlay-opacity":"","overlay-gradient":""}},"footnotes":""},"class_list":["post-807","page","type-page","status-publish","hentry"],"uagb_featured_image_src":{"full":false,"thumbnail":false,"medium":false,"medium_large":false,"large":false,"1536x1536":false,"2048x2048":false,"trp-custom-language-flag":false,"woocommerce_thumbnail":false,"woocommerce_single":false,"woocommerce_gallery_thumbnail":false},"uagb_author_info":{"display_name":"admin","author_link":"https:\/\/greeceathenstransfers.gr\/fr\/author\/gatat\/"},"uagb_comment_info":0,"uagb_excerpt":"Privacy Policy Privacy Policy Greeceathenstransfers.gr (last updated: December 29, 2025) We have created the following Privacy Policy which applies at all times when using our website and \/ or any of our services. Any new features and\/or services that are added to our current service at any point in the future shall also be subject\u2026","jetpack_sharing_enabled":true,"_links":{"self":[{"href":"https:\/\/greeceathenstransfers.gr\/fr\/wp-json\/wp\/v2\/pages\/807","targetHints":{"allow":["GET"]}}],"collection":[{"href":"https:\/\/greeceathenstransfers.gr\/fr\/wp-json\/wp\/v2\/pages"}],"about":[{"href":"https:\/\/greeceathenstransfers.gr\/fr\/wp-json\/wp\/v2\/types\/page"}],"author":[{"embeddable":true,"href":"https:\/\/greeceathenstransfers.gr\/fr\/wp-json\/wp\/v2\/users\/1"}],"replies":[{"embeddable":true,"href":"https:\/\/greeceathenstransfers.gr\/fr\/wp-json\/wp\/v2\/comments?post=807"}],"version-history":[{"count":15,"href":"https:\/\/greeceathenstransfers.gr\/fr\/wp-json\/wp\/v2\/pages\/807\/revisions"}],"predecessor-version":[{"id":3055,"href":"https:\/\/greeceathenstransfers.gr\/fr\/wp-json\/wp\/v2\/pages\/807\/revisions\/3055"}],"wp:attachment":[{"href":"https:\/\/greeceathenstransfers.gr\/fr\/wp-json\/wp\/v2\/media?parent=807"}],"curies":[{"name":"wp","href":"https:\/\/api.w.org\/{rel}","templated":true}]}}